{"id":548,"date":"2025-08-08T19:39:01","date_gmt":"2025-08-08T17:39:01","guid":{"rendered":"https:\/\/ophrysesthetique.com\/?post_type=product&#038;p=548"},"modified":"2025-08-08T19:39:01","modified_gmt":"2025-08-08T17:39:01","slug":"masque-du-soir","status":"publish","type":"product","link":"https:\/\/ophrysesthetique.com\/?product=masque-du-soir","title":{"rendered":"Masque du soir"},"content":{"rendered":"<h2 class=\"product__title\">Masque du soir<\/h2>\n<h3 class=\"product__subtitle\"><\/h3>\n<p class=\"product__desc\">\n<p>Booste le m\u00e9tabolisme cellulaire de la peau. La peau est hydrat\u00e9e en profondeur d\u00e8s l\u2019application du masque. Les diff\u00e9rentes couches de la peau sont recharg\u00e9es en \u00e9l\u00e9ments constitutifs.<\/p>\n<p>La peau se r\u00e9g\u00e9n\u00e8re et r\u00e9pare les dommages diurnes tout en renfor\u00e7ant sa barri\u00e8re de protection naturelle.<\/p>\n<p>&nbsp;<\/p>\n<ul class=\"product__data\">\n<li><strong>Type de peau :\u00a0<\/strong>Tous types de peaux<\/li>\n<li><strong>Texture :\u00a0<\/strong>Gel cr\u00e8me<\/li>\n<li><strong>Utilisation :\u00a0<\/strong>Soir<\/li>\n<li><strong>Contenance :\u00a0<\/strong>50ml<\/li>\n<\/ul>\n<h4 class=\"product__actifs\">Les actifs phares<\/h4>\n<div class=\"product__icones\">\n<div class=\"product__icone\"><img decoding=\"async\" src=\"https:\/\/www.thalac.fr\/app\/uploads\/2021\/10\/algue.svg\" alt=\"Phytosqualane 3%\" \/><\/p>\n<div class=\"text\">\n<h6>Phytosqualane 3%<\/h6>\n<p>Issu de l\u2019olive, restore la barri\u00e8re lipidique de la peau et lui redonne souplesse et hydratation.<\/p>\n<\/div>\n<\/div>\n<div class=\"product__icone\"><img decoding=\"async\" src=\"https:\/\/www.thalac.fr\/app\/uploads\/2021\/11\/icn-poudre.svg\" alt=\"Niacinamide (6%) \" \/><\/p>\n<div class=\"text\">\n<h6>Niacinamide (6%)<\/h6>\n<p>Contribue \u00e0 reconstruire la barri\u00e8re de protection de la peau et \u00e0 r\u00e9parer la peau des dommages diurnes (ex : pollution) en ralentissant l\u2019oxydation des cellules.<\/p>\n<\/div>\n<h3>R\u00e9sultats<\/h3>\n<div class=\"results__wrapper\">\n<div class=\"results__content\">\n<p><b>En 5 minutes<\/b>: +107% d\u2019hydratation(1)<\/p>\n<p><b>Recharge la peau en eau pour 48H<\/b>(1)<\/p>\n<p>(1) Test de corn\u00e9om\u00e9trie sur 20 volontaires<\/p>\n<\/div>\n<h3>Composition<\/h3>\n<div class=\"results__wrapper\">\n<div class=\"results__content\">\n<p><b>Phytosqualane (3%)<\/b>\u00a0: issu de l\u2019olive, restore la barri\u00e8re lipidique de la peau et lui redonne souplesse et hydratation<\/p>\n<p><b>Niacinamide (6%)\u00a0<\/b>: Contribue \u00e0 reconstruire la barri\u00e8re de protection de la peau et \u00e0 r\u00e9parer la peau des dommages diurnes (ex : pollution) en ralentissant l\u2019oxydation des cellules.<\/p>\n<p><b>Acide hyaluronique ultra fragment\u00e9<\/b>\u00a0: p\u00e9n\u00e8tre en profondeur pour repulper la peau<\/p>\n<p><strong>Extrait de Centella Asiatica\u00a0<\/strong>: retarde le vieillissement cutan\u00e9 et r\u00e9g\u00e9n\u00e8re les cellules<\/p>\n<p>&nbsp;<\/p>\n<\/div>\n<\/div>\n<\/div>\n<\/div>\n<\/div>\n","protected":false},"excerpt":{"rendered":"<p>Booste le m\u00e9tabolisme cellulaire de la peau. La peau est hydrat\u00e9e en profondeur d\u00e8s l\u2019application du masque.<\/p>\n","protected":false},"featured_media":547,"template":"","meta":[],"product_brand":[22],"product_cat":[21],"product_tag":[],"class_list":{"0":"post-548","1":"product","2":"type-product","3":"status-publish","4":"has-post-thumbnail","6":"product_brand-thalac","7":"product_cat-visage","9":"first","10":"instock","11":"taxable","12":"shipping-taxable","13":"purchasable","14":"product-type-simple"},"_links":{"self":[{"href":"https:\/\/ophrysesthetique.com\/index.php?rest_route=\/wp\/v2\/product\/548","targetHints":{"allow":["GET"]}}],"collection":[{"href":"https:\/\/ophrysesthetique.com\/index.php?rest_route=\/wp\/v2\/product"}],"about":[{"href":"https:\/\/ophrysesthetique.com\/index.php?rest_route=\/wp\/v2\/types\/product"}],"wp:featuredmedia":[{"embeddable":true,"href":"https:\/\/ophrysesthetique.com\/index.php?rest_route=\/wp\/v2\/media\/547"}],"wp:attachment":[{"href":"https:\/\/ophrysesthetique.com\/index.php?rest_route=%2Fwp%2Fv2%2Fmedia&parent=548"}],"wp:term":[{"taxonomy":"product_brand","embeddable":true,"href":"https:\/\/ophrysesthetique.com\/index.php?rest_route=%2Fwp%2Fv2%2Fproduct_brand&post=548"},{"taxonomy":"product_cat","embeddable":true,"href":"https:\/\/ophrysesthetique.com\/index.php?rest_route=%2Fwp%2Fv2%2Fproduct_cat&post=548"},{"taxonomy":"product_tag","embeddable":true,"href":"https:\/\/ophrysesthetique.com\/index.php?rest_route=%2Fwp%2Fv2%2Fproduct_tag&post=548"}],"curies":[{"name":"wp","href":"https:\/\/api.w.org\/{rel}","templated":true}]}}