{"id":545,"date":"2025-08-08T19:37:44","date_gmt":"2025-08-08T17:37:44","guid":{"rendered":"https:\/\/ophrysesthetique.com\/?post_type=product&#038;p=545"},"modified":"2025-08-08T19:37:44","modified_gmt":"2025-08-08T17:37:44","slug":"elixir-vitamine","status":"publish","type":"product","link":"https:\/\/ophrysesthetique.com\/?product=elixir-vitamine","title":{"rendered":"Elixir vitamin\u00e9"},"content":{"rendered":"<h2 class=\"product__title\">Elixir vitamin\u00e9<\/h2>\n<h3 class=\"product__subtitle\"><\/h3>\n<p class=\"product__desc\">\n<p>Hautement concentr\u00e9 en principes actifs antioxydants, l\u2019Elixir vitamin\u00e9 offre un v\u00e9ritable coup de boost \u00e0 la peau et renforce son bouclier de d\u00e9fense naturel. Jour apr\u00e8s jour, les rides sont liss\u00e9es, le teint est plus lumineux.<\/p>\n<p>&nbsp;<\/p>\n<ul class=\"product__data\">\n<li><strong>Type de peau :\u00a0<\/strong>Tous types de peaux<\/li>\n<li><strong>Texture :\u00a0<\/strong>Gel cr\u00e8me<\/li>\n<li><strong>Utilisation :\u00a0<\/strong>Matin<\/li>\n<li><strong>Contenance :\u00a0<\/strong>30ml<\/li>\n<\/ul>\n<h4 class=\"product__actifs\">Les actifs phares<\/h4>\n<div class=\"product__icones\">\n<div class=\"product__icone\"><img decoding=\"async\" src=\"https:\/\/www.thalac.fr\/app\/uploads\/2021\/10\/algue.svg\" alt=\"Postbiotique marin\" \/><\/p>\n<div class=\"text\">\n<h6>Postbiotique marin<\/h6>\n<p>Lisse le grain de peau, comble les rides et redensifie la peau.<\/p>\n<\/div>\n<\/div>\n<div class=\"product__icone\"><img decoding=\"async\" src=\"https:\/\/www.thalac.fr\/app\/uploads\/2021\/11\/icn-poudre.svg\" alt=\"Acide hyaluronique\" \/><\/p>\n<div class=\"text\">\n<h6>Acide hyaluronique<\/h6>\n<p>Ultra fragment\u00e9, il p\u00e9n\u00e8tre en profondeur pour repulper la peau. De haut poids mol\u00e9culaire, il forme un film protecteur invisible et pr\u00e9serve la peau de la d\u00e9shydratation.<\/p>\n<\/div>\n<h3>R\u00e9sultats<\/h3>\n<div class=\"results__wrapper\">\n<div class=\"results__content\">\n<p>En 15 min : Effet combleur de rides et ridules<br \/>\nD\u00e8s 28 jours :<br \/>\n\u2022 + 30% d\u2019homog\u00e9n\u00e9it\u00e9 du teint<br \/>\n\u2022 Rides estomp\u00e9es 85%<\/p>\n<h3>Composition<\/h3>\n<div class=\"results__wrapper\">\n<div class=\"results__content\">\n<p><strong>Vitamine C encapsul\u00e9e 20%<\/strong>\u00a0: Ravive l\u2019\u00e9clat de la peau et unifie la couleur du teint. M\u00e9lano r\u00e9ductrice, elle att\u00e9nue la couleur brune des cernes.<br \/>\n<strong>Acide hyaluronique<\/strong>\u00a0: Ultra fragment\u00e9, il p\u00e9n\u00e8tre en profondeur pour repulper la peau. De haut poids mol\u00e9culaire, il forme un film protecteur invisible et pr\u00e9serve la peau de la d\u00e9shydratation.<br \/>\n<strong>Postbiotique marin<\/strong>\u00a0: Lisse le grain de peau, comble les rides et redensifie la peau.<\/p>\n<p>&nbsp;<\/p>\n<\/div>\n<\/div>\n<\/div>\n<\/div>\n<\/div>\n<\/div>\n","protected":false},"excerpt":{"rendered":"<p>Jour apr\u00e8s jour, les rides sont liss\u00e9es, le teint est plus lumineux.<\/p>\n","protected":false},"featured_media":546,"template":"","meta":[],"product_brand":[22],"product_cat":[36],"product_tag":[],"class_list":{"0":"post-545","1":"product","2":"type-product","3":"status-publish","4":"has-post-thumbnail","6":"product_brand-thalac","7":"product_cat-soin-corps","9":"first","10":"instock","11":"taxable","12":"shipping-taxable","13":"purchasable","14":"product-type-simple"},"_links":{"self":[{"href":"https:\/\/ophrysesthetique.com\/index.php?rest_route=\/wp\/v2\/product\/545","targetHints":{"allow":["GET"]}}],"collection":[{"href":"https:\/\/ophrysesthetique.com\/index.php?rest_route=\/wp\/v2\/product"}],"about":[{"href":"https:\/\/ophrysesthetique.com\/index.php?rest_route=\/wp\/v2\/types\/product"}],"wp:featuredmedia":[{"embeddable":true,"href":"https:\/\/ophrysesthetique.com\/index.php?rest_route=\/wp\/v2\/media\/546"}],"wp:attachment":[{"href":"https:\/\/ophrysesthetique.com\/index.php?rest_route=%2Fwp%2Fv2%2Fmedia&parent=545"}],"wp:term":[{"taxonomy":"product_brand","embeddable":true,"href":"https:\/\/ophrysesthetique.com\/index.php?rest_route=%2Fwp%2Fv2%2Fproduct_brand&post=545"},{"taxonomy":"product_cat","embeddable":true,"href":"https:\/\/ophrysesthetique.com\/index.php?rest_route=%2Fwp%2Fv2%2Fproduct_cat&post=545"},{"taxonomy":"product_tag","embeddable":true,"href":"https:\/\/ophrysesthetique.com\/index.php?rest_route=%2Fwp%2Fv2%2Fproduct_tag&post=545"}],"curies":[{"name":"wp","href":"https:\/\/api.w.org\/{rel}","templated":true}]}}