{"id":544,"date":"2025-08-08T19:32:41","date_gmt":"2025-08-08T17:32:41","guid":{"rendered":"https:\/\/ophrysesthetique.com\/?post_type=product&#038;p=544"},"modified":"2025-08-08T19:32:41","modified_gmt":"2025-08-08T17:32:41","slug":"le-soin-visage","status":"publish","type":"product","link":"https:\/\/ophrysesthetique.com\/?product=le-soin-visage","title":{"rendered":"Le Soin Visage"},"content":{"rendered":"<h2 class=\"product__title\">Le Soin Visage<\/h2>\n<h3 class=\"product__subtitle\"><\/h3>\n<p class=\"product__desc\">\n<p>Ce gel-cr\u00e8me hydratant et \u00e9nergisant est id\u00e9al pour les Hommes qui recherchent un maximum d\u2019efficacit\u00e9. Il offre 24h d\u2019hydratation et pr\u00e9vient l\u2019apparition des signes de l\u2019\u00e2ge. Il associe la caf\u00e9ine pour att\u00e9nuer les signes de fatigue et un complexe min\u00e9ral actif pour prot\u00e9ger et revitaliser la peau.<\/p>\n<p>&nbsp;<\/p>\n<ul class=\"product__data\">\n<li><strong>Type de peau :\u00a0<\/strong>tous types de peaux<\/li>\n<li><strong>Texture :\u00a0<\/strong>cr\u00e8me<\/li>\n<li><strong>Utilisation :\u00a0<\/strong>matin ou soir<\/li>\n<li><strong>Contenance :\u00a0<\/strong>50ml<\/li>\n<\/ul>\n<h4 class=\"product__actifs\">Les actifs phares<\/h4>\n<div class=\"product__icones\">\n<div class=\"product__icone\"><img decoding=\"async\" src=\"https:\/\/www.thalac.fr\/app\/uploads\/2021\/10\/eau.svg\" alt=\"Concentr\u00e9 vital des glaciers \" \/><\/p>\n<div class=\"text\">\n<h6>Concentr\u00e9 vital des glaciers<\/h6>\n<p>Rafra\u00eechit et adoucit la peau<\/p>\n<\/div>\n<\/div>\n<div class=\"product__icone\"><img decoding=\"async\" src=\"https:\/\/www.thalac.fr\/app\/uploads\/2021\/11\/icn-algue.svg\" alt=\"Algues des neiges \" \/><\/p>\n<div class=\"text\">\n<h6>Algues des neiges<\/h6>\n<p>Prot\u00e8ge et revitalise l\u2019\u00e9piderme<\/p>\n<h3>R\u00e9sultats<\/h3>\n<div class=\"results__wrapper\">\n<div class=\"results__content\">\n<p>La peau retrouve douceur, vitalit\u00e9 et confort. Les signes de fatigue sont att\u00e9nu\u00e9s. Jour apr\u00e8s jour, la peau est revitalis\u00e9e, plus r\u00e9sistante face aux agressions ext\u00e9rieures (pollution, fatigue, stress\u2026). Ce soin contient des poudres matifiantes pour un effet anti-brillance et un fini non gras.<\/p>\n<\/div>\n<h3>Composition<\/h3>\n<div class=\"results__wrapper\">\n<div class=\"results__content\">\n<p><strong>Concentr\u00e9 vital des glaciers<\/strong>\u00a0: rafraichit et adoucit la peau<\/p>\n<p><strong>Algues des neiges<\/strong>\u00a0: prot\u00e8gent et revitalisent l\u2019\u00e9piderme<\/p>\n<\/div>\n<\/div>\n<\/div>\n<\/div>\n<\/div>\n<\/div>\n","protected":false},"excerpt":{"rendered":"<p>La peau retrouve douceur, vitalit\u00e9 et confort. Les signes de fatigue sont att\u00e9nu\u00e9s.<\/p>\n","protected":false},"featured_media":208,"template":"","meta":[],"product_brand":[22],"product_cat":[40],"product_tag":[],"class_list":{"0":"post-544","1":"product","2":"type-product","3":"status-publish","4":"has-post-thumbnail","6":"product_brand-thalac","7":"product_cat-soin-homme","9":"first","10":"instock","11":"taxable","12":"shipping-taxable","13":"purchasable","14":"product-type-simple"},"_links":{"self":[{"href":"https:\/\/ophrysesthetique.com\/index.php?rest_route=\/wp\/v2\/product\/544","targetHints":{"allow":["GET"]}}],"collection":[{"href":"https:\/\/ophrysesthetique.com\/index.php?rest_route=\/wp\/v2\/product"}],"about":[{"href":"https:\/\/ophrysesthetique.com\/index.php?rest_route=\/wp\/v2\/types\/product"}],"wp:featuredmedia":[{"embeddable":true,"href":"https:\/\/ophrysesthetique.com\/index.php?rest_route=\/wp\/v2\/media\/208"}],"wp:attachment":[{"href":"https:\/\/ophrysesthetique.com\/index.php?rest_route=%2Fwp%2Fv2%2Fmedia&parent=544"}],"wp:term":[{"taxonomy":"product_brand","embeddable":true,"href":"https:\/\/ophrysesthetique.com\/index.php?rest_route=%2Fwp%2Fv2%2Fproduct_brand&post=544"},{"taxonomy":"product_cat","embeddable":true,"href":"https:\/\/ophrysesthetique.com\/index.php?rest_route=%2Fwp%2Fv2%2Fproduct_cat&post=544"},{"taxonomy":"product_tag","embeddable":true,"href":"https:\/\/ophrysesthetique.com\/index.php?rest_route=%2Fwp%2Fv2%2Fproduct_tag&post=544"}],"curies":[{"name":"wp","href":"https:\/\/api.w.org\/{rel}","templated":true}]}}