{"id":543,"date":"2025-08-08T19:29:36","date_gmt":"2025-08-08T17:29:36","guid":{"rendered":"https:\/\/ophrysesthetique.com\/?post_type=product&#038;p=543"},"modified":"2025-08-08T19:29:36","modified_gmt":"2025-08-08T17:29:36","slug":"lhuile-de-barbe","status":"publish","type":"product","link":"https:\/\/ophrysesthetique.com\/?product=lhuile-de-barbe","title":{"rendered":"L&rsquo;Huile de barbe"},"content":{"rendered":"<h2 class=\"product__title\">L\u2019Huile de barbe<\/h2>\n<h3 class=\"product__subtitle\"><\/h3>\n<p class=\"product__desc\">\n<p>Con\u00e7ue pour tous les types de peau, l\u2019huile de barbe nourrit, assouplit et discipline le poil pour rendre la barbe plus soign\u00e9e et plus dense.<\/p>\n<p>&nbsp;<\/p>\n<ul class=\"product__data\">\n<li><strong>Type de peau :\u00a0<\/strong>tous types de peaux<\/li>\n<li><strong>Texture :\u00a0<\/strong>huile<\/li>\n<li><strong>Utilisation :\u00a0<\/strong>matin ou soir<\/li>\n<li><strong>Contenance :\u00a0<\/strong>50ml<\/li>\n<\/ul>\n<h4 class=\"product__actifs\">Les actifs phares<\/h4>\n<div class=\"product__icones\">\n<div class=\"product__icone\"><img decoding=\"async\" src=\"https:\/\/www.thalac.fr\/app\/uploads\/2021\/10\/beurre-karite.svg\" alt=\"Baies sauvages arctiques\" \/><\/p>\n<div class=\"text\">\n<h6>Baies sauvages arctiques<\/h6>\n<p>prot\u00e8gent la peau<\/p>\n<\/div>\n<\/div>\n<div class=\"product__icone\"><img decoding=\"async\" src=\"https:\/\/www.thalac.fr\/app\/uploads\/2021\/10\/plante.svg\" alt=\"Huile essentielle de romarin \" \/><\/p>\n<div class=\"text\">\n<h6>Huile essentielle de romarin<\/h6>\n<p>revitalise l&rsquo;\u00e9piderme<\/p>\n<h3>R\u00e9sultats<\/h3>\n<div class=\"results__wrapper\">\n<div class=\"results__content\">\n<p>La barbe est douce, soyeuse. Elle parait plus dense et plus soign\u00e9e. Les poils sont apprivois\u00e9s, faciles \u00e0 coiffer.<\/p>\n<h3>Composition<\/h3>\n<div class=\"results__wrapper\">\n<div class=\"results__content\">\n<p>Baies sauvages arctiques: prot\u00e8gent<\/p>\n<p>Huile essentielle de romarin: revitalise<\/p>\n<p>Contient un m\u00e9lange de 5 huiles v\u00e9g\u00e9tales: argan, raisin, jojoba, ricin, s\u00e9same<\/p>\n<\/div>\n<\/div>\n<\/div>\n<\/div>\n<\/div>\n<\/div>\n<\/div>\n","protected":false},"excerpt":{"rendered":"<p>La barbe est douce, soyeuse. Elle parait plus dense et plus soign\u00e9e. Les poils sont apprivois\u00e9s, faciles \u00e0 coiffer.<\/p>\n","protected":false},"featured_media":215,"template":"","meta":[],"product_brand":[22],"product_cat":[40],"product_tag":[],"class_list":{"0":"post-543","1":"product","2":"type-product","3":"status-publish","4":"has-post-thumbnail","6":"product_brand-thalac","7":"product_cat-soin-homme","9":"first","10":"instock","11":"taxable","12":"shipping-taxable","13":"purchasable","14":"product-type-simple"},"_links":{"self":[{"href":"https:\/\/ophrysesthetique.com\/index.php?rest_route=\/wp\/v2\/product\/543","targetHints":{"allow":["GET"]}}],"collection":[{"href":"https:\/\/ophrysesthetique.com\/index.php?rest_route=\/wp\/v2\/product"}],"about":[{"href":"https:\/\/ophrysesthetique.com\/index.php?rest_route=\/wp\/v2\/types\/product"}],"wp:featuredmedia":[{"embeddable":true,"href":"https:\/\/ophrysesthetique.com\/index.php?rest_route=\/wp\/v2\/media\/215"}],"wp:attachment":[{"href":"https:\/\/ophrysesthetique.com\/index.php?rest_route=%2Fwp%2Fv2%2Fmedia&parent=543"}],"wp:term":[{"taxonomy":"product_brand","embeddable":true,"href":"https:\/\/ophrysesthetique.com\/index.php?rest_route=%2Fwp%2Fv2%2Fproduct_brand&post=543"},{"taxonomy":"product_cat","embeddable":true,"href":"https:\/\/ophrysesthetique.com\/index.php?rest_route=%2Fwp%2Fv2%2Fproduct_cat&post=543"},{"taxonomy":"product_tag","embeddable":true,"href":"https:\/\/ophrysesthetique.com\/index.php?rest_route=%2Fwp%2Fv2%2Fproduct_tag&post=543"}],"curies":[{"name":"wp","href":"https:\/\/api.w.org\/{rel}","templated":true}]}}