{"id":541,"date":"2025-08-08T19:26:22","date_gmt":"2025-08-08T17:26:22","guid":{"rendered":"https:\/\/ophrysesthetique.com\/?post_type=product&#038;p=541"},"modified":"2025-08-08T19:26:22","modified_gmt":"2025-08-08T17:26:22","slug":"lapres-rasage","status":"publish","type":"product","link":"https:\/\/ophrysesthetique.com\/?product=lapres-rasage","title":{"rendered":"L&rsquo;Apr\u00e8s-rasage"},"content":{"rendered":"<h2 class=\"product__title\">L\u2019Apr\u00e8s-rasage<\/h2>\n<h3 class=\"product__subtitle\"><\/h3>\n<p class=\"product__desc\">\n<p>L\u2019Apr\u00e8s-rasage pour Homme apaise, hydrate et procure imm\u00e9diatement une sensation de confort et douceur. Sa texture \u00e0 la fois enveloppante et apaisante, p\u00e9n\u00e8tre instantan\u00e9ment pour un confort apr\u00e8s-rasage extr\u00eame sans aucune sensation de gras.<\/p>\n<p>&nbsp;<\/p>\n<ul class=\"product__data\">\n<li><strong>Type de peau :\u00a0<\/strong>tous types de peaux<\/li>\n<li><strong>Texture :\u00a0<\/strong>\u00e9mulsion<\/li>\n<li><strong>Utilisation :\u00a0<\/strong>Apr\u00e8s le rasage<\/li>\n<li><strong>Contenance :\u00a0<\/strong>50ml<\/li>\n<\/ul>\n<h4 class=\"product__actifs\">Les actifs phares<\/h4>\n<div class=\"product__icones\">\n<div class=\"product__icone\"><img decoding=\"async\" src=\"https:\/\/www.thalac.fr\/app\/uploads\/2021\/10\/fruits.svg\" alt=\"Vitamine E\" \/><\/p>\n<div class=\"text\">\n<h6>Vitamine E<\/h6>\n<p>anti-radicalaire, aide \u00e0 maintenir l\u2019\u00e9lasticit\u00e9 et l\u2019hydratation de la peau<\/p>\n<\/div>\n<\/div>\n<div class=\"product__icone\"><img decoding=\"async\" src=\"https:\/\/www.thalac.fr\/app\/uploads\/2021\/10\/eau.svg\" alt=\"Elastine marine\" \/><\/p>\n<div class=\"text\">\n<h6>Elastine marine<\/h6>\n<p>\u00e9quilibre le flux hydrique n\u00e9cessaire \u00e0 une hydratation optimale<\/p>\n<\/div>\n<h3>R\u00e9sultats<\/h3>\n<div class=\"results__wrapper\">\n<div class=\"results__content\">\n<p>Peau apais\u00e9e et hydrat\u00e9e. Sensation de confort et de douceur.<\/p>\n<\/div>\n<h3>Composition<\/h3>\n<div class=\"results__wrapper\">\n<div class=\"results__content\">\n<p>Vitamine E : anti-radicalaire, aide \u00e0 maintenir l\u2019\u00e9lasticit\u00e9 et l\u2019hydratation de la peau<br \/>\nAquaxylTM : \u00e9quilibre le flux hydrique n\u00e9cessaire \u00e0 une hydratation optimale<br \/>\nElastine marine : contribue \u00e0 donner de l\u2019\u00e9lasticit\u00e9 aux tissus et \u00e0 limiter leur vieillissement<br \/>\nExtrait de bocapa monniera : calmant, r\u00e9confortant, anti-radicalaire<br \/>\nFrescola : d\u00e9congestionnant, rafraichissant<br \/>\nMicroparticules absorbantes : agent matifiant<br \/>\nExtrait de centella asiatica : stimulant, cicatrisant<br \/>\nExtrait de bouleau : antioxydant, d\u00e9toxifiant, anti-inflammatoire<\/p>\n<\/div>\n<\/div>\n<\/div>\n<\/div>\n<\/div>\n","protected":false},"excerpt":{"rendered":"<p>Peau apais\u00e9e et hydrat\u00e9e. Sensation de confort et de douceur.<\/p>\n","protected":false},"featured_media":542,"template":"","meta":[],"product_brand":[22],"product_cat":[40],"product_tag":[],"class_list":{"0":"post-541","1":"product","2":"type-product","3":"status-publish","4":"has-post-thumbnail","6":"product_brand-thalac","7":"product_cat-soin-homme","9":"first","10":"instock","11":"taxable","12":"shipping-taxable","13":"purchasable","14":"product-type-simple"},"_links":{"self":[{"href":"https:\/\/ophrysesthetique.com\/index.php?rest_route=\/wp\/v2\/product\/541","targetHints":{"allow":["GET"]}}],"collection":[{"href":"https:\/\/ophrysesthetique.com\/index.php?rest_route=\/wp\/v2\/product"}],"about":[{"href":"https:\/\/ophrysesthetique.com\/index.php?rest_route=\/wp\/v2\/types\/product"}],"wp:featuredmedia":[{"embeddable":true,"href":"https:\/\/ophrysesthetique.com\/index.php?rest_route=\/wp\/v2\/media\/542"}],"wp:attachment":[{"href":"https:\/\/ophrysesthetique.com\/index.php?rest_route=%2Fwp%2Fv2%2Fmedia&parent=541"}],"wp:term":[{"taxonomy":"product_brand","embeddable":true,"href":"https:\/\/ophrysesthetique.com\/index.php?rest_route=%2Fwp%2Fv2%2Fproduct_brand&post=541"},{"taxonomy":"product_cat","embeddable":true,"href":"https:\/\/ophrysesthetique.com\/index.php?rest_route=%2Fwp%2Fv2%2Fproduct_cat&post=541"},{"taxonomy":"product_tag","embeddable":true,"href":"https:\/\/ophrysesthetique.com\/index.php?rest_route=%2Fwp%2Fv2%2Fproduct_tag&post=541"}],"curies":[{"name":"wp","href":"https:\/\/api.w.org\/{rel}","templated":true}]}}