{"id":540,"date":"2025-08-08T19:21:58","date_gmt":"2025-08-08T17:21:58","guid":{"rendered":"https:\/\/ophrysesthetique.com\/?post_type=product&#038;p=540"},"modified":"2025-08-08T19:21:58","modified_gmt":"2025-08-08T17:21:58","slug":"gel-douche-remineralisant","status":"publish","type":"product","link":"https:\/\/ophrysesthetique.com\/?product=gel-douche-remineralisant","title":{"rendered":"Gel Douche Remin\u00e9ralisant"},"content":{"rendered":"<h2 class=\"product__title\">Gel Douche<\/h2>\n<h3 class=\"product__subtitle\"><\/h3>\n<p class=\"product__desc\">\n<p>Ce gel douche nettoie la peau en douceur et la prot\u00e8ge.<\/p>\n<p>Gr\u00e2ce \u00e0 sa formule enrichie en Eau de mer d\u2019Iroise, algues bleues et aux huiles v\u00e9g\u00e9tales d\u2019argan et de ricin, la peau est remin\u00e9ralis\u00e9e, nourrie et adoucie.<\/p>\n<p>&nbsp;<\/p>\n<ul class=\"product__data\">\n<li><strong>Type de peau :\u00a0<\/strong>tous types de peaux<\/li>\n<li><strong>Texture :\u00a0<\/strong>gel<\/li>\n<li><strong>Utilisation :\u00a0<\/strong>quotidiennement<\/li>\n<li><strong>Contenance :\u00a0<\/strong>100ml<\/li>\n<\/ul>\n<h4 class=\"product__actifs\">Les actifs phares<\/h4>\n<div class=\"product__icones\">\n<div class=\"product__icone\"><img decoding=\"async\" src=\"https:\/\/www.thalac.fr\/app\/uploads\/2021\/10\/eau.svg\" alt=\"Eau de mer d\u2019Iroise (Bretagne) et algues bleues\u00a0\" \/><\/p>\n<div class=\"text\">\n<h6>Eau de mer d\u2019Iroise (Bretagne) et algues bleues<\/h6>\n<p>remin\u00e9ralisant.<\/p>\n<\/div>\n<\/div>\n<div class=\"product__icone\"><img decoding=\"async\" src=\"https:\/\/www.thalac.fr\/app\/uploads\/2021\/10\/beurre-karite.svg\" alt=\"Huiles v\u00e9g\u00e9tales d\u2019argan et de ricin\" \/><\/p>\n<div class=\"text\">\n<h6>Huiles v\u00e9g\u00e9tales d\u2019argan et de ricin<\/h6>\n<p>nourrissant et adoucissant.<\/p>\n<\/div>\n<\/div>\n<h3>R\u00e9sultats<\/h3>\n<div class=\"results__wrapper\">\n<div class=\"results__content\">\n<p>Peau nettoy\u00e9e et remin\u00e9ralis\u00e9e.<\/p>\n<h3>Composition<\/h3>\n<div class=\"results__wrapper\">\n<div class=\"results__content\">\n<p>Eau de mer d\u2019Iroise (Bretagne) et algues bleues : remin\u00e9ralisant<br \/>\nHuiles v\u00e9g\u00e9tales d\u2019argan et de ricin : nourrissant et adoucissant<\/p>\n<\/div>\n<\/div>\n<\/div>\n<\/div>\n<\/div>\n","protected":false},"excerpt":{"rendered":"<p>Peau nettoy\u00e9e et remin\u00e9ralis\u00e9e.<\/p>\n","protected":false},"featured_media":220,"template":"","meta":[],"product_brand":[22],"product_cat":[36],"product_tag":[],"class_list":{"0":"post-540","1":"product","2":"type-product","3":"status-publish","4":"has-post-thumbnail","6":"product_brand-thalac","7":"product_cat-soin-corps","9":"first","10":"instock","11":"taxable","12":"shipping-taxable","13":"purchasable","14":"product-type-simple"},"_links":{"self":[{"href":"https:\/\/ophrysesthetique.com\/index.php?rest_route=\/wp\/v2\/product\/540","targetHints":{"allow":["GET"]}}],"collection":[{"href":"https:\/\/ophrysesthetique.com\/index.php?rest_route=\/wp\/v2\/product"}],"about":[{"href":"https:\/\/ophrysesthetique.com\/index.php?rest_route=\/wp\/v2\/types\/product"}],"wp:featuredmedia":[{"embeddable":true,"href":"https:\/\/ophrysesthetique.com\/index.php?rest_route=\/wp\/v2\/media\/220"}],"wp:attachment":[{"href":"https:\/\/ophrysesthetique.com\/index.php?rest_route=%2Fwp%2Fv2%2Fmedia&parent=540"}],"wp:term":[{"taxonomy":"product_brand","embeddable":true,"href":"https:\/\/ophrysesthetique.com\/index.php?rest_route=%2Fwp%2Fv2%2Fproduct_brand&post=540"},{"taxonomy":"product_cat","embeddable":true,"href":"https:\/\/ophrysesthetique.com\/index.php?rest_route=%2Fwp%2Fv2%2Fproduct_cat&post=540"},{"taxonomy":"product_tag","embeddable":true,"href":"https:\/\/ophrysesthetique.com\/index.php?rest_route=%2Fwp%2Fv2%2Fproduct_tag&post=540"}],"curies":[{"name":"wp","href":"https:\/\/api.w.org\/{rel}","templated":true}]}}