{"id":539,"date":"2025-08-08T19:20:02","date_gmt":"2025-08-08T17:20:02","guid":{"rendered":"https:\/\/ophrysesthetique.com\/?post_type=product&#038;p=539"},"modified":"2025-08-08T19:20:02","modified_gmt":"2025-08-08T17:20:02","slug":"gel-minceur-tenseur","status":"publish","type":"product","link":"https:\/\/ophrysesthetique.com\/?product=gel-minceur-tenseur","title":{"rendered":"Gel Minceur &#8211; Tenseur"},"content":{"rendered":"<h2 class=\"product__title\">Gel Minceur Tenseur<\/h2>\n<h3 class=\"product__subtitle\"><\/h3>\n<p class=\"product__desc\">\n<p>L\u2019alli\u00e9 indispensable pour une silhouette mince et ferme. Sa formule \u00e0 base de\u00a0caf\u00e9ine, tenseur v\u00e9g\u00e9tal et huile essentielle de\u00a0menthe\u00a0aide \u00e0 remodeler la silhouette et \u00e0 retrouver une qualit\u00e9 de peau lisse et tonique.<\/p>\n<p>&nbsp;<\/p>\n<ul class=\"product__data\">\n<li><strong>Type de peau :\u00a0<\/strong>tous types de peaux<\/li>\n<li><strong>Texture :\u00a0<\/strong>gel<\/li>\n<li><strong>Utilisation :\u00a0<\/strong>matin et\/ou soir<\/li>\n<li><strong>Contenance :\u00a0<\/strong>220ml<\/li>\n<li><strong>Traitement beaut\u00e9 :\u00a0<\/strong>\u00c9tape 1<\/li>\n<\/ul>\n<p><a class=\"etapes\" title=\"Traitement beaut\u00e9 en 6 \u00e9tapes\" href=\"https:\/\/www.thalac.fr\/thalac\/traitement-beaute-en-6-etapes\/\"><img decoding=\"async\" src=\"https:\/\/www.thalac.fr\/app\/themes\/c2f\/assets\/images\/etape_1.svg\" alt=\"D\u00e9couvrir le traitement en 6 \u00e9tapes\" \/><\/a><\/p>\n<p>D\u00e9couvrir le traitement en 6 \u00e9tapes<\/p>\n<h4 class=\"product__actifs\">Les actifs phares<\/h4>\n<div class=\"product__icones\">\n<div class=\"product__icone\"><img decoding=\"async\" src=\"https:\/\/www.thalac.fr\/app\/uploads\/2021\/10\/plante.svg\" alt=\"Huile essentielle de\u00a0menthe poivr\u00e9e\" \/><\/p>\n<div class=\"text\">\n<h6>Huile essentielle de\u00a0menthe poivr\u00e9e<\/h6>\n<p>tonifiante, stimulante, rafra\u00eechissante, anti-inflammatoire<\/p>\n<\/div>\n<\/div>\n<div class=\"product__icone\"><img decoding=\"async\" src=\"https:\/\/www.thalac.fr\/app\/uploads\/2021\/10\/algue.svg\" alt=\"Extrait de centella Asiatica\" \/><\/p>\n<div class=\"text\">\n<h6>Extrait de centella Asiatica<\/h6>\n<p>d\u00e9congestionnant, rafra\u00eechissant<\/p>\n<\/div>\n<h3>R\u00e9sultats<\/h3>\n<div class=\"results__wrapper\">\n<div class=\"results__content\">\n<p>Remod\u00e8le, regalbe et affine la silhouette. Peau liss\u00e9e et raffermie.<\/p>\n<\/div>\n<h3>Composition<\/h3>\n<div class=\"results__wrapper\">\n<div class=\"results__content\">\n<p>Huile essentielle de menthe poivr\u00e9e : tonifiante, stimulante, rafra\u00eechissante, anti-inflammatoire<br \/>\nMenthol : d\u00e9congestionnant, rafra\u00eechissant<br \/>\nCaf\u00e9isilane : raffermissant, drainant, lipolytique et stimulant : augmente l\u2019activit\u00e9 m\u00e9tabolique<br \/>\nTenseur v\u00e9g\u00e9tal : effet tenseur et lissant imm\u00e9diat<br \/>\nExtrait de ginkgo biloba : restructurant, veina- tonique, antiradicalaire<br \/>\nExtrait de centella asiatica : hydratant, cicatrisant, restructurant et r\u00e9g\u00e9n\u00e9rant tissulaire.<\/p>\n<\/div>\n<\/div>\n<\/div>\n<\/div>\n<\/div>\n","protected":false},"excerpt":{"rendered":"<p>Remod\u00e8le, regalbe et affine la silhouette. Peau liss\u00e9e et raffermie.<\/p>\n","protected":false},"featured_media":218,"template":"","meta":[],"product_brand":[22],"product_cat":[39],"product_tag":[],"class_list":{"0":"post-539","1":"product","2":"type-product","3":"status-publish","4":"has-post-thumbnail","6":"product_brand-thalac","7":"product_cat-soin-minceur-et-fermete","9":"first","10":"instock","11":"taxable","12":"shipping-taxable","13":"purchasable","14":"product-type-simple"},"_links":{"self":[{"href":"https:\/\/ophrysesthetique.com\/index.php?rest_route=\/wp\/v2\/product\/539","targetHints":{"allow":["GET"]}}],"collection":[{"href":"https:\/\/ophrysesthetique.com\/index.php?rest_route=\/wp\/v2\/product"}],"about":[{"href":"https:\/\/ophrysesthetique.com\/index.php?rest_route=\/wp\/v2\/types\/product"}],"wp:featuredmedia":[{"embeddable":true,"href":"https:\/\/ophrysesthetique.com\/index.php?rest_route=\/wp\/v2\/media\/218"}],"wp:attachment":[{"href":"https:\/\/ophrysesthetique.com\/index.php?rest_route=%2Fwp%2Fv2%2Fmedia&parent=539"}],"wp:term":[{"taxonomy":"product_brand","embeddable":true,"href":"https:\/\/ophrysesthetique.com\/index.php?rest_route=%2Fwp%2Fv2%2Fproduct_brand&post=539"},{"taxonomy":"product_cat","embeddable":true,"href":"https:\/\/ophrysesthetique.com\/index.php?rest_route=%2Fwp%2Fv2%2Fproduct_cat&post=539"},{"taxonomy":"product_tag","embeddable":true,"href":"https:\/\/ophrysesthetique.com\/index.php?rest_route=%2Fwp%2Fv2%2Fproduct_tag&post=539"}],"curies":[{"name":"wp","href":"https:\/\/api.w.org\/{rel}","templated":true}]}}