{"id":538,"date":"2025-08-08T19:18:08","date_gmt":"2025-08-08T17:18:08","guid":{"rendered":"https:\/\/ophrysesthetique.com\/?post_type=product&#038;p=538"},"modified":"2025-08-08T19:18:08","modified_gmt":"2025-08-08T17:18:08","slug":"cryo-actif","status":"publish","type":"product","link":"https:\/\/ophrysesthetique.com\/?product=cryo-actif","title":{"rendered":"Cryo-Actif"},"content":{"rendered":"<h2 class=\"product__title\">Cryo-Actif<\/h2>\n<h3 class=\"product__subtitle\"><\/h3>\n<p class=\"product__desc\">\n<p>Gel amincissant remodelant cryo-actif fra\u00eecheur intense. Alliant la richesse des algues marines \u00e0 l\u2019efficacit\u00e9 du menthol et de la caf\u00e9ine, ce gel gaine la peau et redessine les contours de la silhouette.<\/p>\n<p>&nbsp;<\/p>\n<ul class=\"product__data\">\n<li><strong>Type de peau :\u00a0<\/strong>tous types de peaux<\/li>\n<li><strong>Texture :\u00a0<\/strong>gel<\/li>\n<li><strong>Utilisation :\u00a0<\/strong>matin et\/ou soir<\/li>\n<li><strong>Contenance :\u00a0<\/strong>200ml<\/li>\n<li><strong>Traitement beaut\u00e9 :\u00a0<\/strong>\u00c9tape 1<\/li>\n<\/ul>\n<p><a class=\"etapes\" title=\"Traitement beaut\u00e9 en 6 \u00e9tapes\" href=\"https:\/\/www.thalac.fr\/thalac\/traitement-beaute-en-6-etapes\/\"><img decoding=\"async\" src=\"https:\/\/www.thalac.fr\/app\/themes\/c2f\/assets\/images\/etape_1.svg\" alt=\"D\u00e9couvrir le traitement en 6 \u00e9tapes\" \/><\/a><\/p>\n<p>D\u00e9couvrir le traitement en 6 \u00e9tapes<\/p>\n<h4 class=\"product__actifs\">Les actifs phares<\/h4>\n<div class=\"product__icones\">\n<div class=\"product__icone\"><img decoding=\"async\" src=\"https:\/\/www.thalac.fr\/app\/uploads\/2021\/10\/plante.svg\" alt=\"Tenseur v\u00e9g\u00e9tal\" \/><\/p>\n<div class=\"text\">\n<h6>Tenseur v\u00e9g\u00e9tal<\/h6>\n<p>effet tenseur et lissant imm\u00e9diat<\/p>\n<\/div>\n<\/div>\n<div class=\"product__icone\"><img decoding=\"async\" src=\"https:\/\/www.thalac.fr\/app\/uploads\/2021\/10\/algue.svg\" alt=\"Extrait d'algues bleues\" \/><\/p>\n<div class=\"text\">\n<h6>Extrait d&rsquo;algues bleues<\/h6>\n<p>raffermissant, drainant, lipolytique et stimulant : augmente l&rsquo;activit\u00e9 m\u00e9tabolique<\/p>\n<\/div>\n<h3>R\u00e9sultats<\/h3>\n<div class=\"results__wrapper\">\n<div class=\"results__content\">\n<p>Rondeurs att\u00e9nu\u00e9es, peau plus ferme, plus lisse<\/p>\n<h3>Composition<\/h3>\n<div class=\"results__wrapper\">\n<div class=\"results__content\">\n<p>Tenseur v\u00e9g\u00e9tal : effet tenseur et lissant imm\u00e9diat<br \/>\nCaf\u00e9isilane : raffermissant, drainant, lipolytique et stimulant : augmente l\u2019activit\u00e9 m\u00e9tabolique<br \/>\nExtrait d\u2019algues bleues : remin\u00e9ralisant, \u00e9nergisant, revitalisant, nourrissant et protecteur<br \/>\nExtrait de ginkgo biloba : restructurant, veina- tonique, antiradicalaire<br \/>\nExtrait de lierre : amincissant, drainant et raffermissant, estompe l\u2019effet peau d\u2019orange<br \/>\nExtrait de houx : drainant, d\u00e9congestionnant, activateur de la microcirculation<br \/>\nMenthol : d\u00e9congestionnant, rafra\u00eechissant<\/p>\n<\/div>\n<\/div>\n<\/div>\n<\/div>\n<div class=\"text\">\n<p>&nbsp;<\/p>\n<\/div>\n<\/div>\n<\/div>\n","protected":false},"excerpt":{"rendered":"<p>Rondeurs att\u00e9nu\u00e9es, peau plus ferme, plus lisse<\/p>\n","protected":false},"featured_media":221,"template":"","meta":[],"product_brand":[22],"product_cat":[39],"product_tag":[],"class_list":{"0":"post-538","1":"product","2":"type-product","3":"status-publish","4":"has-post-thumbnail","6":"product_brand-thalac","7":"product_cat-soin-minceur-et-fermete","9":"first","10":"instock","11":"taxable","12":"shipping-taxable","13":"purchasable","14":"product-type-simple"},"_links":{"self":[{"href":"https:\/\/ophrysesthetique.com\/index.php?rest_route=\/wp\/v2\/product\/538","targetHints":{"allow":["GET"]}}],"collection":[{"href":"https:\/\/ophrysesthetique.com\/index.php?rest_route=\/wp\/v2\/product"}],"about":[{"href":"https:\/\/ophrysesthetique.com\/index.php?rest_route=\/wp\/v2\/types\/product"}],"wp:featuredmedia":[{"embeddable":true,"href":"https:\/\/ophrysesthetique.com\/index.php?rest_route=\/wp\/v2\/media\/221"}],"wp:attachment":[{"href":"https:\/\/ophrysesthetique.com\/index.php?rest_route=%2Fwp%2Fv2%2Fmedia&parent=538"}],"wp:term":[{"taxonomy":"product_brand","embeddable":true,"href":"https:\/\/ophrysesthetique.com\/index.php?rest_route=%2Fwp%2Fv2%2Fproduct_brand&post=538"},{"taxonomy":"product_cat","embeddable":true,"href":"https:\/\/ophrysesthetique.com\/index.php?rest_route=%2Fwp%2Fv2%2Fproduct_cat&post=538"},{"taxonomy":"product_tag","embeddable":true,"href":"https:\/\/ophrysesthetique.com\/index.php?rest_route=%2Fwp%2Fv2%2Fproduct_tag&post=538"}],"curies":[{"name":"wp","href":"https:\/\/api.w.org\/{rel}","templated":true}]}}