{"id":537,"date":"2025-08-08T19:15:44","date_gmt":"2025-08-08T17:15:44","guid":{"rendered":"https:\/\/ophrysesthetique.com\/?post_type=product&#038;p=537"},"modified":"2025-08-08T19:15:44","modified_gmt":"2025-08-08T17:15:44","slug":"gelee-minceur-triple-action","status":"publish","type":"product","link":"https:\/\/ophrysesthetique.com\/?product=gelee-minceur-triple-action","title":{"rendered":"Gel\u00e9e Minceur Triple Action"},"content":{"rendered":"<h2 class=\"product__title\">Gel\u00e9e Minceur \u2013 Triple Action<\/h2>\n<h3 class=\"product__subtitle\"><\/h3>\n<p class=\"product__desc\">\n<p>EFFET SCULPTANT, FERMET\u00c9, CELLULITE<\/p>\n<p>La gel\u00e9e Minceur apporte une action globale gr\u00e2ce \u00e0 un complexe de 9 plantes:<\/p>\n<ol>\n<li>8% de caf\u00e9ine active* associ\u00e9e au guarana br\u00fble les graisses.<\/li>\n<li>La garcinia, les superfeuilles de mat\u00e9 et de stevia et le gingembre limitent la formation de nouvelle graisses.<\/li>\n<li>La lierre, le fucus et la reine des pr\u00e9s drainent et d\u00e9congestionnent le tissu adipeux.<\/li>\n<li>Le silicium et la pr\u00eale ont un effet restructurant pour raffermir la peau et lutter contre le rel\u00e2chement cutan\u00e9.<\/li>\n<\/ol>\n<p>&nbsp;<\/p>\n<p>* complexe caf\u00e9ine vectoris\u00e9e avec du silicium pour favoriser sa p\u00e9n\u00e9tration et assurer une efficacit\u00e9 renforc\u00e9e<\/p>\n<p>&nbsp;<\/p>\n<ul class=\"product__data\">\n<li><strong>Type de peau :\u00a0<\/strong>Tous types de peau<\/li>\n<li><strong>Texture :\u00a0<\/strong>Gel<\/li>\n<li><strong>Utilisation :\u00a0<\/strong>1 \u00e0 2 fois par jour<\/li>\n<li><strong>Contenance :\u00a0<\/strong>200ml<\/li>\n<\/ul>\n<h4 class=\"product__actifs\">Les actifs phares<\/h4>\n<div class=\"product__icones\">\n<div class=\"product__icone\"><img decoding=\"async\" src=\"https:\/\/www.thalac.fr\/app\/uploads\/2021\/11\/icn-cafe.svg\" alt=\"8% Caf\u00e9ine active associ\u00e9e au Gurana \" \/><\/p>\n<div class=\"text\">\n<h6>8% Caf\u00e9ine active associ\u00e9e au Gurana<\/h6>\n<p>Br\u00fble les graisses.<\/p>\n<\/div>\n<\/div>\n<div class=\"product__icone\"><img decoding=\"async\" src=\"https:\/\/www.thalac.fr\/app\/uploads\/2021\/11\/icn-ginseng.svg\" alt=\"Garnicia, gingembre, superfeuilles de stevia et mat\u00e9\" \/><\/p>\n<div class=\"text\">\n<h6>Garnicia, gingembre, superfeuilles de stevia et mat\u00e9<\/h6>\n<p>Pr\u00e9viennent la formation de la cellulite en freinant le stockage de nouvelles graisses.<\/p>\n<h3>R\u00e9sultats<\/h3>\n<div class=\"results__wrapper\">\n<div class=\"results__content\">\n<p>COMPLEXE CAF\u00c9INE ACTIVE<\/p>\n<p>Action amincissante et anti-cellulite : 86% (1)<\/p>\n<p>Perte centim\u00e9trique : hanches -4,4cm (2)<\/p>\n<p>Destruction des graisses (lipolyse) : +180% (3)<\/p>\n<p>SUPERFEUILLES DE STEVIA ET MAT\u00c9<\/p>\n<p>Lib\u00e9ration des graisses : +186% (3)<\/p>\n<p>&nbsp;<\/p>\n<p>&nbsp;<\/p>\n<p>(1) Pourcentage de satisfaction d\u2019un test clinique avec le complexe caf\u00e9ine active 3% appliqu\u00e9 par 14 volontaires ag\u00e9es de 25 \u00e0 43 ans pendant 4 semaines.<\/p>\n<p>(2) Mesures centim\u00e9triques lors d\u2019un test clinique avec le complexe caf\u00e9ine active 4% appliqu\u00e9 par 14 volontaires ag\u00e9es de 25 \u00e0 43 ans pendant 10 semaines.<\/p>\n<p>(3) Test in-vivo sur l\u2019actif<\/p>\n<h3>Composition<\/h3>\n<div class=\"results__wrapper\">\n<div class=\"results__content\">\n<p>8% Caf\u00e9ine active associ\u00e9e au Gurana : br\u00fble les graisses.<\/p>\n<p>Garnicia, gingembre, superfeuilles de stevia et mat\u00e9 : pr\u00e9viennent la formation de la cellulite en freinant le stockage de nouvelles graisses.<\/p>\n<p>Lierre, fucus, reine des pr\u00e8s : Drainent et d\u00e9congestionnent le tissu adipeux.<\/p>\n<p>Silicium et pr\u00eale : Effet restructurant pour raffermir la peau et lutter contre le rel\u00e2chement cutan\u00e9.<\/p>\n<\/div>\n<\/div>\n<\/div>\n<\/div>\n<\/div>\n<\/div>\n<\/div>\n","protected":false},"excerpt":{"rendered":"<p>La gel\u00e9e Minceur apporte une action globale gr\u00e2ce \u00e0 un complexe de 9 plantes<\/p>\n","protected":false},"featured_media":219,"template":"","meta":[],"product_brand":[22],"product_cat":[39],"product_tag":[],"class_list":{"0":"post-537","1":"product","2":"type-product","3":"status-publish","4":"has-post-thumbnail","6":"product_brand-thalac","7":"product_cat-soin-minceur-et-fermete","9":"first","10":"instock","11":"taxable","12":"shipping-taxable","13":"purchasable","14":"product-type-simple"},"_links":{"self":[{"href":"https:\/\/ophrysesthetique.com\/index.php?rest_route=\/wp\/v2\/product\/537","targetHints":{"allow":["GET"]}}],"collection":[{"href":"https:\/\/ophrysesthetique.com\/index.php?rest_route=\/wp\/v2\/product"}],"about":[{"href":"https:\/\/ophrysesthetique.com\/index.php?rest_route=\/wp\/v2\/types\/product"}],"wp:featuredmedia":[{"embeddable":true,"href":"https:\/\/ophrysesthetique.com\/index.php?rest_route=\/wp\/v2\/media\/219"}],"wp:attachment":[{"href":"https:\/\/ophrysesthetique.com\/index.php?rest_route=%2Fwp%2Fv2%2Fmedia&parent=537"}],"wp:term":[{"taxonomy":"product_brand","embeddable":true,"href":"https:\/\/ophrysesthetique.com\/index.php?rest_route=%2Fwp%2Fv2%2Fproduct_brand&post=537"},{"taxonomy":"product_cat","embeddable":true,"href":"https:\/\/ophrysesthetique.com\/index.php?rest_route=%2Fwp%2Fv2%2Fproduct_cat&post=537"},{"taxonomy":"product_tag","embeddable":true,"href":"https:\/\/ophrysesthetique.com\/index.php?rest_route=%2Fwp%2Fv2%2Fproduct_tag&post=537"}],"curies":[{"name":"wp","href":"https:\/\/api.w.org\/{rel}","templated":true}]}}