{"id":536,"date":"2025-08-08T19:12:06","date_gmt":"2025-08-08T17:12:06","guid":{"rendered":"https:\/\/ophrysesthetique.com\/?post_type=product&#038;p=536"},"modified":"2025-08-08T19:12:06","modified_gmt":"2025-08-08T17:12:06","slug":"baume-hydratant","status":"publish","type":"product","link":"https:\/\/ophrysesthetique.com\/?product=baume-hydratant","title":{"rendered":"Baume Hydratant"},"content":{"rendered":"<h2 class=\"product__title\">Baume Hydratant<\/h2>\n<h3 class=\"product__subtitle\"><\/h3>\n<p class=\"product__desc\">\n<p>Un baume hydratant \u00e0 la texture incroyablement onctueuse \u00e0 appliquer sur l\u2019ensemble du corps. Pour transformer votre geste beaut\u00e9 en un moment de plaisir.<\/p>\n<p>&nbsp;<\/p>\n<ul class=\"product__data\">\n<li><strong>Type de peau :\u00a0<\/strong>peaux s\u00e8ches et tr\u00e8s s\u00e8ches<\/li>\n<li><strong>Texture :\u00a0<\/strong>baume<\/li>\n<li><strong>Utilisation :\u00a0<\/strong>matin et\/ou soir<\/li>\n<li><strong>Contenance :\u00a0<\/strong>220ml<\/li>\n<\/ul>\n<h4 class=\"product__actifs\">Les actifs phares<\/h4>\n<div class=\"product__icones\">\n<div class=\"product__icone\"><img decoding=\"async\" src=\"https:\/\/www.thalac.fr\/app\/uploads\/2021\/10\/beurre-karite.svg\" alt=\"Beurre de\u00a0karit\u00e9\" \/><\/p>\n<div class=\"text\">\n<h6>Beurre de\u00a0karit\u00e9<\/h6>\n<p>apaisant, calmant, nourrissant, r\u00e9g\u00e9n\u00e9rant<\/p>\n<\/div>\n<\/div>\n<div class=\"product__icone\"><img decoding=\"async\" src=\"https:\/\/www.thalac.fr\/app\/uploads\/2021\/10\/fruits.svg\" alt=\"Huile de\u00a0p\u00e9pins de raisins\" \/><\/p>\n<div class=\"text\">\n<h6>Huile de\u00a0p\u00e9pins de raisins<\/h6>\n<p>adoucissant, apaisant, antioxydant<\/p>\n<\/div>\n<h3>R\u00e9sultats<\/h3>\n<div class=\"results__wrapper\">\n<div class=\"results__content\">\n<p>Peau nourrie, repulp\u00e9e, confortable et douce. Aspect liss\u00e9 et unifi\u00e9.<\/p>\n<\/div>\n<h3>Composition<\/h3>\n<div class=\"results__wrapper\">\n<div class=\"results__content\">\n<p>Beurre de karit\u00e9 : apaisant, calmant, nourrissant, r\u00e9g\u00e9n\u00e9rant<br \/>\nHuile de p\u00e9pins de raisins : adoucissant, apaisant, antioxydant<br \/>\nHuile de germes de bl\u00e9 : nourrissant, adoucissant, antioxydant, retarde les effets du vieillissement cutan\u00e9<\/p>\n<\/div>\n<\/div>\n<\/div>\n<\/div>\n<\/div>\n","protected":false},"excerpt":{"rendered":"<p>Peau nourrie, repulp\u00e9e, confortable et douce. Aspect liss\u00e9 et unifi\u00e9.<\/p>\n","protected":false},"featured_media":224,"template":"","meta":[],"product_brand":[22],"product_cat":[38],"product_tag":[],"class_list":{"0":"post-536","1":"product","2":"type-product","3":"status-publish","4":"has-post-thumbnail","6":"product_brand-thalac","7":"product_cat-soin-hydratants-et-nourrissants","9":"first","10":"instock","11":"taxable","12":"shipping-taxable","13":"purchasable","14":"product-type-simple"},"_links":{"self":[{"href":"https:\/\/ophrysesthetique.com\/index.php?rest_route=\/wp\/v2\/product\/536","targetHints":{"allow":["GET"]}}],"collection":[{"href":"https:\/\/ophrysesthetique.com\/index.php?rest_route=\/wp\/v2\/product"}],"about":[{"href":"https:\/\/ophrysesthetique.com\/index.php?rest_route=\/wp\/v2\/types\/product"}],"wp:featuredmedia":[{"embeddable":true,"href":"https:\/\/ophrysesthetique.com\/index.php?rest_route=\/wp\/v2\/media\/224"}],"wp:attachment":[{"href":"https:\/\/ophrysesthetique.com\/index.php?rest_route=%2Fwp%2Fv2%2Fmedia&parent=536"}],"wp:term":[{"taxonomy":"product_brand","embeddable":true,"href":"https:\/\/ophrysesthetique.com\/index.php?rest_route=%2Fwp%2Fv2%2Fproduct_brand&post=536"},{"taxonomy":"product_cat","embeddable":true,"href":"https:\/\/ophrysesthetique.com\/index.php?rest_route=%2Fwp%2Fv2%2Fproduct_cat&post=536"},{"taxonomy":"product_tag","embeddable":true,"href":"https:\/\/ophrysesthetique.com\/index.php?rest_route=%2Fwp%2Fv2%2Fproduct_tag&post=536"}],"curies":[{"name":"wp","href":"https:\/\/api.w.org\/{rel}","templated":true}]}}