{"id":534,"date":"2025-08-08T19:08:53","date_gmt":"2025-08-08T17:08:53","guid":{"rendered":"https:\/\/ophrysesthetique.com\/?post_type=product&#038;p=534"},"modified":"2025-08-08T19:09:38","modified_gmt":"2025-08-08T17:09:38","slug":"lait-corps-veloute","status":"publish","type":"product","link":"https:\/\/ophrysesthetique.com\/?product=lait-corps-veloute","title":{"rendered":"Lait Corps Velout\u00e9"},"content":{"rendered":"<h2 class=\"product__title\">Lait Corps Velout\u00e9<\/h2>\n<h3 class=\"product__subtitle\"><\/h3>\n<p>Ce lait corps velout\u00e9, fluide et fondant, hydrate intens\u00e9ment la peau pendant 24H. Ses notes marines fraiches et l\u00e9g\u00e8res laissent la peau d\u00e9licatement parfum\u00e9e. Sa formule associe la Laminaire de Neptune et l\u2019Algue d\u2019Aonori aux propri\u00e9t\u00e9s anti-oxydantes et hydratantes pour une peau qui retrouve souplesse et douceur. Sa texture l\u00e9g\u00e8re permet un habillage rapide gr\u00e2ce \u00e0 son absorption imm\u00e9diate<\/p>\n<p>&nbsp;<\/p>\n<ul class=\"product__data\">\n<li><strong>Type de peau :\u00a0<\/strong>Tous types de peaux<\/li>\n<li><strong>Texture :\u00a0<\/strong>fluide et fondante<\/li>\n<li><strong>Utilisation :\u00a0<\/strong>matin et soir<\/li>\n<li><strong>Contenance :\u00a0<\/strong>400ml<\/li>\n<\/ul>\n<h4 class=\"product__actifs\">Les actifs phares<\/h4>\n<div class=\"product__icones\">\n<div class=\"product__icone\">\n<p><img decoding=\"async\" src=\"https:\/\/www.thalac.fr\/app\/uploads\/2021\/11\/icn-algue.svg\" alt=\"Algue d\u2019Aonori\" \/><\/p>\n<div class=\"text\">\n<h6>Algue d\u2019Aonori<\/h6>\n<p>anti-oxydante et hydratante<\/p>\n<\/div>\n<\/div>\n<div class=\"product__icone\">\n<p><img decoding=\"async\" src=\"https:\/\/www.thalac.fr\/app\/uploads\/2021\/11\/icn-eau.svg\" alt=\"Laminaire de Neptune\" \/><\/p>\n<div class=\"text\">\n<h6>Laminaire de Neptune<\/h6>\n<p>hydrate et prot\u00e8ge la peau<\/p>\n<\/div>\n<h3>R\u00e9sultats<\/h3>\n<div class=\"results__wrapper\">\n<div class=\"results__content\">\n<p>La peau est intens\u00e9ment hydrat\u00e9e pendant 24H*. Elle retrouve souplesse, douceur et<br \/>\nest d\u00e9licatement parfum\u00e9e.<\/p>\n<p>*Mesures de corn\u00e9om\u00e9trie sur 20 volontaires<\/p>\n<\/div>\n<h3>Composition<\/h3>\n<div class=\"results__wrapper\">\n<div class=\"results__content\">\n<p>Laminaire de Neptune : hydrate et prot\u00e8ge la peau<br \/>\nAlgue d\u2019Aonori : anti-oxydante et hydratante<br \/>\nExtrait de Calendula : nourrit et apaise les irritations<br \/>\nAllanto\u00efne : r\u00e9g\u00e9n\u00e8re et lutte contre les signes de s\u00e9cheresse cutan\u00e9e<\/p>\n<\/div>\n<\/div>\n<\/div>\n<\/div>\n<\/div>\n","protected":false},"excerpt":{"rendered":"<p>La peau est intens\u00e9ment hydrat\u00e9e pendant 24H<\/p>\n","protected":false},"featured_media":196,"template":"","meta":[],"product_brand":[22],"product_cat":[38],"product_tag":[],"class_list":{"0":"post-534","1":"product","2":"type-product","3":"status-publish","4":"has-post-thumbnail","6":"product_brand-thalac","7":"product_cat-soin-hydratants-et-nourrissants","9":"first","10":"instock","11":"taxable","12":"shipping-taxable","13":"purchasable","14":"product-type-simple"},"_links":{"self":[{"href":"https:\/\/ophrysesthetique.com\/index.php?rest_route=\/wp\/v2\/product\/534","targetHints":{"allow":["GET"]}}],"collection":[{"href":"https:\/\/ophrysesthetique.com\/index.php?rest_route=\/wp\/v2\/product"}],"about":[{"href":"https:\/\/ophrysesthetique.com\/index.php?rest_route=\/wp\/v2\/types\/product"}],"wp:featuredmedia":[{"embeddable":true,"href":"https:\/\/ophrysesthetique.com\/index.php?rest_route=\/wp\/v2\/media\/196"}],"wp:attachment":[{"href":"https:\/\/ophrysesthetique.com\/index.php?rest_route=%2Fwp%2Fv2%2Fmedia&parent=534"}],"wp:term":[{"taxonomy":"product_brand","embeddable":true,"href":"https:\/\/ophrysesthetique.com\/index.php?rest_route=%2Fwp%2Fv2%2Fproduct_brand&post=534"},{"taxonomy":"product_cat","embeddable":true,"href":"https:\/\/ophrysesthetique.com\/index.php?rest_route=%2Fwp%2Fv2%2Fproduct_cat&post=534"},{"taxonomy":"product_tag","embeddable":true,"href":"https:\/\/ophrysesthetique.com\/index.php?rest_route=%2Fwp%2Fv2%2Fproduct_tag&post=534"}],"curies":[{"name":"wp","href":"https:\/\/api.w.org\/{rel}","templated":true}]}}