{"id":533,"date":"2025-08-08T19:05:32","date_gmt":"2025-08-08T17:05:32","guid":{"rendered":"https:\/\/ophrysesthetique.com\/?post_type=product&#038;p=533"},"modified":"2025-08-08T19:05:33","modified_gmt":"2025-08-08T17:05:33","slug":"gel-sel-peeling","status":"publish","type":"product","link":"https:\/\/ophrysesthetique.com\/?product=gel-sel-peeling","title":{"rendered":"Gel Sel Peeling"},"content":{"rendered":"<h2 class=\"product__title\">Gel Sel Peeling<\/h2>\n<p class=\"product__desc\">\n<p>Gommage au sel de M\u00e9diterran\u00e9e \u00e0 la sensation unique. Enrichi en actifs \u201crelipidants\u201d \u00e0 la base de fucus marin, le Gel Sel Peeling assure souplesse et confort \u00e0 votre \u00e9piderme. Il affine le grain de peau et uniformise rapidement son aspect.<\/p>\n<p>&nbsp;<\/p>\n<ul class=\"product__data\">\n<li><strong>Type de peau :\u00a0<\/strong>tous types de peaux<\/li>\n<li><strong>Texture :\u00a0<\/strong>gel<\/li>\n<li><strong>Utilisation :\u00a0<\/strong>sous la douche<\/li>\n<li><strong>Contenance :\u00a0<\/strong>220ml<\/li>\n<\/ul>\n<h4 class=\"product__actifs\">Les actifs phares<\/h4>\n<div class=\"product__icones\">\n<div class=\"product__icone\"><img decoding=\"async\" src=\"https:\/\/www.thalac.fr\/app\/uploads\/2021\/11\/icn-cristal.svg\" alt=\"Cristaux de sel marin\" \/><\/p>\n<div class=\"text\">\n<h6>Cristaux de sel marin<\/h6>\n<p>antioxydants, retardent les effets du vieillissement cutan\u00e9<\/p>\n<\/div>\n<\/div>\n<div class=\"product__icone\"><img decoding=\"async\" src=\"https:\/\/www.thalac.fr\/app\/uploads\/2021\/10\/ble.svg\" alt=\"Huile de germes de bl\u00e9\" \/><\/p>\n<div class=\"text\">\n<h6>Huile de germes de bl\u00e9<\/h6>\n<p>anti-radicalaire, aide \u00e0 maintenir l&rsquo;\u00e9lasticit\u00e9 et l&rsquo;hydratation de la peau<\/p>\n<\/div>\n<h3>R\u00e9sultats<\/h3>\n<div class=\"results__wrapper\">\n<div class=\"results__content\">\n<p>Cellules mortes et impuret\u00e9s \u00e9limin\u00e9es. Peau nourrie, nette et douce<\/p>\n<h3>Composition<\/h3>\n<div class=\"results__wrapper\">\n<div class=\"results__content\">\n<p>Huile de germes de bl\u00e9 : nourrissante, adoucissante, anti-oxydante, retarde les effets du vieillissement cutan\u00e9<br \/>\nVitamine E : anti-radicalaires, aide \u00e0 maintenir l\u2019\u00e9lasticit\u00e9 et l\u2019hydratation de la peau<br \/>\nHuile de p\u00e9pins de raisins : adoucissante, apaisante, anti-oxydante<br \/>\nMac\u00e9r\u00e2t huileux de fucus : hydratant et remin\u00e9ralisant<\/p>\n<\/div>\n<\/div>\n<\/div>\n<\/div>\n<\/div>\n<\/div>\n","protected":false},"excerpt":{"rendered":"<p>Cellules mortes et impuret\u00e9s \u00e9limin\u00e9es. Peau nourrie, nette et douce<\/p>\n","protected":false},"featured_media":217,"template":"","meta":[],"product_brand":[22],"product_cat":[29],"product_tag":[],"class_list":{"0":"post-533","1":"product","2":"type-product","3":"status-publish","4":"has-post-thumbnail","6":"product_brand-thalac","7":"product_cat-soin-exfoliants","9":"first","10":"instock","11":"taxable","12":"shipping-taxable","13":"purchasable","14":"product-type-simple"},"_links":{"self":[{"href":"https:\/\/ophrysesthetique.com\/index.php?rest_route=\/wp\/v2\/product\/533","targetHints":{"allow":["GET"]}}],"collection":[{"href":"https:\/\/ophrysesthetique.com\/index.php?rest_route=\/wp\/v2\/product"}],"about":[{"href":"https:\/\/ophrysesthetique.com\/index.php?rest_route=\/wp\/v2\/types\/product"}],"wp:featuredmedia":[{"embeddable":true,"href":"https:\/\/ophrysesthetique.com\/index.php?rest_route=\/wp\/v2\/media\/217"}],"wp:attachment":[{"href":"https:\/\/ophrysesthetique.com\/index.php?rest_route=%2Fwp%2Fv2%2Fmedia&parent=533"}],"wp:term":[{"taxonomy":"product_brand","embeddable":true,"href":"https:\/\/ophrysesthetique.com\/index.php?rest_route=%2Fwp%2Fv2%2Fproduct_brand&post=533"},{"taxonomy":"product_cat","embeddable":true,"href":"https:\/\/ophrysesthetique.com\/index.php?rest_route=%2Fwp%2Fv2%2Fproduct_cat&post=533"},{"taxonomy":"product_tag","embeddable":true,"href":"https:\/\/ophrysesthetique.com\/index.php?rest_route=%2Fwp%2Fv2%2Fproduct_tag&post=533"}],"curies":[{"name":"wp","href":"https:\/\/api.w.org\/{rel}","templated":true}]}}