{"id":531,"date":"2025-08-08T19:02:35","date_gmt":"2025-08-08T17:02:35","guid":{"rendered":"https:\/\/ophrysesthetique.com\/?post_type=product&#038;p=531"},"modified":"2025-08-08T19:02:36","modified_gmt":"2025-08-08T17:02:36","slug":"la-nuit-soin-absolu","status":"publish","type":"product","link":"https:\/\/ophrysesthetique.com\/?product=la-nuit-soin-absolu","title":{"rendered":"La nuit &#8211; Soin Absolu"},"content":{"rendered":"<h2 class=\"product__title\">Soin Absolu<\/h2>\n<h3 class=\"product__subtitle\"><\/h3>\n<p class=\"product__desc\">\n<p>Le Soin Absolu \u0153uvre en synergie avec le processus nocturne de r\u00e9cup\u00e9ration de la peau. Il assure une r\u00e9g\u00e9n\u00e9ration anti-\u00e2ge optimale.<\/p>\n<p>&nbsp;<\/p>\n<ul class=\"product__data\">\n<li><strong>Type de peau :\u00a0<\/strong>Tous types de peaux<\/li>\n<li><strong>Texture :\u00a0<\/strong>Cr\u00e8me<\/li>\n<li><strong>Utilisation :\u00a0<\/strong>Soir<\/li>\n<li><strong>Contenance :\u00a0<\/strong>45ml<\/li>\n<\/ul>\n<h4 class=\"product__actifs\">Les actifs phares<\/h4>\n<div class=\"product__icones\">\n<div class=\"product__icone\"><img decoding=\"async\" src=\"https:\/\/www.thalac.fr\/app\/uploads\/2021\/11\/icn-molecule.svg\" alt=\"R\u00e9tinol-like \" \/><\/p>\n<div class=\"text\">\n<h6>R\u00e9tinol-like<\/h6>\n<p>Relance la synth\u00e8se du collag\u00e8ne et stimule le processus naturel d\u2019exfoliation pour une peau liss\u00e9e et redensifi\u00e9e.<\/p>\n<\/div>\n<\/div>\n<div class=\"product__icone\"><img decoding=\"async\" src=\"https:\/\/www.thalac.fr\/app\/uploads\/2021\/11\/icn-poudre.svg\" alt=\"Niacinamide (2%) \" \/><\/p>\n<div class=\"text\">\n<h6>Niacinamide (2%)<\/h6>\n<p>Contribue \u00e0 reconstruire la barri\u00e8re de protection de la peau et \u00e0 r\u00e9parer la peau des dommages diurnes (ex : pollution) en ralentissant l\u2019oxydation des cellules.<\/p>\n<\/div>\n<h3>R\u00e9sultats<\/h3>\n<div class=\"results__wrapper\">\n<div class=\"results__content\">\n<p><b>En 5 jours\u00a0<\/b>: +94% de collag\u00e8ne(1)<\/p>\n<p><b>Apr\u00e8s 9 jours\u00a0<\/b>: + 211% d\u2019acide hyaluronique(2)<\/p>\n<p>&nbsp;<\/p>\n<p>(1) Test in. vitro sur fibroblastes de l\u2019actif r\u00e9tinol-like : mesure de la synth\u00e8se de collag\u00e8ne type 1.<\/p>\n<p>(2) Test ex-vivo de l\u2019extrait d\u2019algues rouges : mesure de la synth\u00e8se de l\u2019acide hyaluronique \u00e9pidermique<\/p>\n<h3>Composition<\/h3>\n<div class=\"results__wrapper\">\n<div class=\"results__content\">\n<p><b>Retinol-like\u00a0<\/b>(<i>issu de la criste marine<\/i>) : Relance la synth\u00e8se du collag\u00e8ne et stimule le processus naturel d\u2019exfoliation pour une peau liss\u00e9e et redensifi\u00e9e.<\/p>\n<p><b>Extrait d\u2019algues rouges\u00a0<\/b>(<i>Furcellaria<\/i>\u00a0<i>lumbricalis<\/i>) : 3x plus efficace que l\u2019acide hyaluronique pur(1). Agit comme un capteur de mol\u00e9cules d\u2019eau.<\/p>\n<p><b>Niacinamide (2%)\u00a0<\/b>: Contribue \u00e0 reconstruire la barri\u00e8re de protection de la peau et \u00e0 r\u00e9parer la peau des dommages diurnes (ex : pollution) en ralentissant l\u2019oxydation des cellules.<\/p>\n<\/div>\n<\/div>\n<\/div>\n<\/div>\n<\/div>\n<\/div>\n","protected":false},"excerpt":{"rendered":"<p><b>En 5 jours\u00a0<\/b>: +94% de collag\u00e8ne<\/p>\n","protected":false},"featured_media":213,"template":"","meta":[],"product_brand":[22],"product_cat":[24],"product_tag":[],"class_list":{"0":"post-531","1":"product","2":"type-product","3":"status-publish","4":"has-post-thumbnail","6":"product_brand-thalac","7":"product_cat-cremes-de-soins","9":"first","10":"instock","11":"taxable","12":"shipping-taxable","13":"purchasable","14":"product-type-simple"},"_links":{"self":[{"href":"https:\/\/ophrysesthetique.com\/index.php?rest_route=\/wp\/v2\/product\/531","targetHints":{"allow":["GET"]}}],"collection":[{"href":"https:\/\/ophrysesthetique.com\/index.php?rest_route=\/wp\/v2\/product"}],"about":[{"href":"https:\/\/ophrysesthetique.com\/index.php?rest_route=\/wp\/v2\/types\/product"}],"wp:featuredmedia":[{"embeddable":true,"href":"https:\/\/ophrysesthetique.com\/index.php?rest_route=\/wp\/v2\/media\/213"}],"wp:attachment":[{"href":"https:\/\/ophrysesthetique.com\/index.php?rest_route=%2Fwp%2Fv2%2Fmedia&parent=531"}],"wp:term":[{"taxonomy":"product_brand","embeddable":true,"href":"https:\/\/ophrysesthetique.com\/index.php?rest_route=%2Fwp%2Fv2%2Fproduct_brand&post=531"},{"taxonomy":"product_cat","embeddable":true,"href":"https:\/\/ophrysesthetique.com\/index.php?rest_route=%2Fwp%2Fv2%2Fproduct_cat&post=531"},{"taxonomy":"product_tag","embeddable":true,"href":"https:\/\/ophrysesthetique.com\/index.php?rest_route=%2Fwp%2Fv2%2Fproduct_tag&post=531"}],"curies":[{"name":"wp","href":"https:\/\/api.w.org\/{rel}","templated":true}]}}