{"id":530,"date":"2025-08-08T19:00:45","date_gmt":"2025-08-08T17:00:45","guid":{"rendered":"https:\/\/ophrysesthetique.com\/?post_type=product&#038;p=530"},"modified":"2025-08-08T19:00:45","modified_gmt":"2025-08-08T17:00:45","slug":"le-jour-soin-fondamental","status":"publish","type":"product","link":"https:\/\/ophrysesthetique.com\/?product=le-jour-soin-fondamental","title":{"rendered":"Le jour. Soin Fondamental"},"content":{"rendered":"<h2 class=\"product__title\">Soin Fondamental<\/h2>\n<p class=\"product__desc\">\n<p>Le Soin Fondamental r\u00e9pond aux besoins de la peau tout au long de la journ\u00e9e. Il assure une hydratation et une protection optimale tout en luttant contre les signes du temps gr\u00e2ce \u00e0 une combinaison d\u2019actifs in\u00e9dite<\/p>\n<p>&nbsp;<\/p>\n<ul class=\"product__data\">\n<li><strong>Type de peau :\u00a0<\/strong>Tous types de peaux<\/li>\n<li><strong>Texture :\u00a0<\/strong>Cr\u00e8me<\/li>\n<li><strong>Utilisation :\u00a0<\/strong>Matin<\/li>\n<li><strong>Contenance :\u00a0<\/strong>45ml<\/li>\n<\/ul>\n<h4 class=\"product__actifs\">Les actifs phares<\/h4>\n<div class=\"product__icones\">\n<div class=\"product__icone\"><img decoding=\"async\" src=\"https:\/\/www.thalac.fr\/app\/uploads\/2021\/11\/icn-eau.svg\" alt=\"Postbiotique marin \" \/><\/p>\n<div class=\"text\">\n<h6>Postbiotique marin<\/h6>\n<p>Lisse le grain de peau, comble les rides, redensifie la peau.<\/p>\n<\/div>\n<\/div>\n<div class=\"product__icone\"><img decoding=\"async\" src=\"https:\/\/www.thalac.fr\/app\/uploads\/2021\/10\/soleil.svg\" alt=\"Vitamine C encapsul\u00e9e (5%)\" \/><\/p>\n<div class=\"text\">\n<h6>Vitamine C encapsul\u00e9e (5%)<\/h6>\n<p>Puissant anti-oxydant, r\u00e9v\u00e8le l\u2019\u00e9clat de la peau et uniformise le teint.<\/p>\n<\/div>\n<h3>R\u00e9sultats<\/h3>\n<div class=\"results__wrapper\">\n<div class=\"results__content\">\n<p><b>En 15 min\u00a0<\/b>: Effet lissant et combleur de rides(1)<\/p>\n<p><b>Apr\u00e8s 9 jours\u00a0<\/b>: + 211% d\u2019acide hyaluronique(2)<\/p>\n<p>&nbsp;<\/p>\n<p>(1) Test clinique de l\u2019actif postbiotique marin, 17 volontaires.<\/p>\n<p>(2) Test ex-vivo de l\u2019extrait d\u2019algues rouges : mesure de la synth\u00e8se de l\u2019acide hyaluronique \u00e9pidermique<\/p>\n<\/div>\n<h3>Composition<\/h3>\n<div class=\"results__wrapper\">\n<div class=\"results__content\">\n<p><b>Postbiotique<\/b><b>\u00a0marin\u00a0<\/b>(<i>issu de la biotechnologie bleue<\/i>) : Lisse le grain de peau, comble les rides, redensifie la peau.<\/p>\n<p><b>Extrait d\u2019algues rouges\u00a0<\/b>(<i>Furcellaria<\/i>\u00a0<i>lumbricalis<\/i>) : 3x plus efficace que l\u2019acide hyaluronique pur(1). Agit comme un capteur de mol\u00e9cules d\u2019eau.<\/p>\n<p><b>Vitamine C encapsul\u00e9e (5%)\u00a0<\/b>: Puissant anti-oxydant, r\u00e9v\u00e8le l\u2019\u00e9clat de la peau et uniformise le teint.<\/p>\n<\/div>\n<\/div>\n<\/div>\n<\/div>\n<\/div>\n","protected":false},"excerpt":{"rendered":"<p><b>En 15 min\u00a0<\/b>: Effet lissant et combleur de rides<\/p>\n","protected":false},"featured_media":193,"template":"","meta":[],"product_brand":[22],"product_cat":[24],"product_tag":[],"class_list":{"0":"post-530","1":"product","2":"type-product","3":"status-publish","4":"has-post-thumbnail","6":"product_brand-thalac","7":"product_cat-cremes-de-soins","9":"first","10":"instock","11":"taxable","12":"shipping-taxable","13":"purchasable","14":"product-type-simple"},"_links":{"self":[{"href":"https:\/\/ophrysesthetique.com\/index.php?rest_route=\/wp\/v2\/product\/530","targetHints":{"allow":["GET"]}}],"collection":[{"href":"https:\/\/ophrysesthetique.com\/index.php?rest_route=\/wp\/v2\/product"}],"about":[{"href":"https:\/\/ophrysesthetique.com\/index.php?rest_route=\/wp\/v2\/types\/product"}],"wp:featuredmedia":[{"embeddable":true,"href":"https:\/\/ophrysesthetique.com\/index.php?rest_route=\/wp\/v2\/media\/193"}],"wp:attachment":[{"href":"https:\/\/ophrysesthetique.com\/index.php?rest_route=%2Fwp%2Fv2%2Fmedia&parent=530"}],"wp:term":[{"taxonomy":"product_brand","embeddable":true,"href":"https:\/\/ophrysesthetique.com\/index.php?rest_route=%2Fwp%2Fv2%2Fproduct_brand&post=530"},{"taxonomy":"product_cat","embeddable":true,"href":"https:\/\/ophrysesthetique.com\/index.php?rest_route=%2Fwp%2Fv2%2Fproduct_cat&post=530"},{"taxonomy":"product_tag","embeddable":true,"href":"https:\/\/ophrysesthetique.com\/index.php?rest_route=%2Fwp%2Fv2%2Fproduct_tag&post=530"}],"curies":[{"name":"wp","href":"https:\/\/api.w.org\/{rel}","templated":true}]}}