{"id":529,"date":"2025-08-08T18:57:38","date_gmt":"2025-08-08T16:57:38","guid":{"rendered":"https:\/\/ophrysesthetique.com\/?post_type=product&#038;p=529"},"modified":"2025-08-08T18:57:38","modified_gmt":"2025-08-08T16:57:38","slug":"cc-cream","status":"publish","type":"product","link":"https:\/\/ophrysesthetique.com\/?product=cc-cream","title":{"rendered":"CC Cream"},"content":{"rendered":"<h2 class=\"product__title\">CC Cream \u2013 sublimateur de teint<\/h2>\n<h3 class=\"product__subtitle\"><\/h3>\n<p class=\"product__desc\">\n<p>En quelques secondes, l\u2019\u00e9clat de la peau est raviv\u00e9, l\u2019objectif \u201cbonne mine\u201d est atteint.<\/p>\n<p>Une noisette de cette CC\u00a0cr\u00e8me suffit \u00e0 couvrir. Facile d\u2019application,\u00a0la CC cream\u00a0se fond parfaitement dans la peau sans laisser de film gras.<\/p>\n<p>&nbsp;<\/p>\n<ul class=\"product__data\">\n<li><strong>Type de peau :\u00a0<\/strong>tous types de peau<\/li>\n<li><strong>Texture :\u00a0<\/strong>cr\u00e8me<\/li>\n<li><strong>Utilisation :\u00a0<\/strong>matin<\/li>\n<li><strong>Contenance :\u00a0<\/strong>50ml<\/li>\n<li><strong>Traitement beaut\u00e9 :\u00a0<\/strong>\u00c9tape 6<\/li>\n<\/ul>\n<p><a class=\"etapes\" title=\"Traitement beaut\u00e9 en 6 \u00e9tapes\" href=\"https:\/\/www.thalac.fr\/thalac\/traitement-beaute-en-6-etapes\/\"><img decoding=\"async\" src=\"https:\/\/www.thalac.fr\/app\/themes\/c2f\/assets\/images\/etape_6.svg\" alt=\"D\u00e9couvrir le traitement en 6 \u00e9tapes\" \/><\/a><\/p>\n<p>D\u00e9couvrir le traitement en 6 \u00e9tapes<\/p>\n<h4 class=\"product__actifs\">Les actifs phares<\/h4>\n<div class=\"product__icones\">\n<div class=\"product__icone\"><img decoding=\"async\" src=\"https:\/\/www.thalac.fr\/app\/uploads\/2021\/11\/icn-poudre.svg\" alt=\"Pigments color control\" \/><\/p>\n<div class=\"text\">\n<h6>Pigments color control<\/h6>\n<p>hydratant longue dur\u00e9e<\/p>\n<\/div>\n<\/div>\n<div class=\"product__icone\"><img decoding=\"async\" src=\"https:\/\/www.thalac.fr\/app\/uploads\/2021\/10\/algue.svg\" alt=\"Extrait\u00a0d\u2019algues Laminaires\" \/><\/p>\n<div class=\"text\">\n<h6>Extrait\u00a0d\u2019algues Laminaires<\/h6>\n<p>hydratant, r\u00e9g\u00e9n\u00e9rant et nourrissant<\/p>\n<\/div>\n<h3>R\u00e9sultats<\/h3>\n<div class=\"results__wrapper\">\n<div class=\"results__content\">\n<p>Teint sublim\u00e9, peau hydrat\u00e9e et nourrie. Imperfections, rougeurs et d\u00e9fauts de pigmentations flout\u00e9s. Peau prot\u00e9g\u00e9e des UV et des radicaux libres. Effet naturel.<\/p>\n<h3>Composition<\/h3>\n<div class=\"results__wrapper\">\n<div class=\"results__content\">\n<p>Moist 24TM : hydratant longue dur\u00e9e<br \/>\nExtrait d\u2019algues Laminaires : hydratant, r\u00e9g\u00e9n\u00e9rant et nourrissant<br \/>\nPigments Color Control : pigments min\u00e9raux \u2013 effet soft-focus<br \/>\nFiltres solaires SPF 15 : protection solaire et anti-radicaux libres<\/p>\n<\/div>\n<\/div>\n<\/div>\n<\/div>\n<\/div>\n<\/div>\n","protected":false},"excerpt":{"rendered":"<p>Teint sublim\u00e9, peau hydrat\u00e9e et nourrie. Imperfections, rougeurs et d\u00e9fauts de pigmentations flout\u00e9s.<\/p>\n","protected":false},"featured_media":222,"template":"","meta":[],"product_brand":[22],"product_cat":[24],"product_tag":[],"class_list":{"0":"post-529","1":"product","2":"type-product","3":"status-publish","4":"has-post-thumbnail","6":"product_brand-thalac","7":"product_cat-cremes-de-soins","9":"first","10":"instock","11":"taxable","12":"shipping-taxable","13":"purchasable","14":"product-type-simple"},"_links":{"self":[{"href":"https:\/\/ophrysesthetique.com\/index.php?rest_route=\/wp\/v2\/product\/529","targetHints":{"allow":["GET"]}}],"collection":[{"href":"https:\/\/ophrysesthetique.com\/index.php?rest_route=\/wp\/v2\/product"}],"about":[{"href":"https:\/\/ophrysesthetique.com\/index.php?rest_route=\/wp\/v2\/types\/product"}],"wp:featuredmedia":[{"embeddable":true,"href":"https:\/\/ophrysesthetique.com\/index.php?rest_route=\/wp\/v2\/media\/222"}],"wp:attachment":[{"href":"https:\/\/ophrysesthetique.com\/index.php?rest_route=%2Fwp%2Fv2%2Fmedia&parent=529"}],"wp:term":[{"taxonomy":"product_brand","embeddable":true,"href":"https:\/\/ophrysesthetique.com\/index.php?rest_route=%2Fwp%2Fv2%2Fproduct_brand&post=529"},{"taxonomy":"product_cat","embeddable":true,"href":"https:\/\/ophrysesthetique.com\/index.php?rest_route=%2Fwp%2Fv2%2Fproduct_cat&post=529"},{"taxonomy":"product_tag","embeddable":true,"href":"https:\/\/ophrysesthetique.com\/index.php?rest_route=%2Fwp%2Fv2%2Fproduct_tag&post=529"}],"curies":[{"name":"wp","href":"https:\/\/api.w.org\/{rel}","templated":true}]}}