{"id":527,"date":"2025-08-08T18:51:04","date_gmt":"2025-08-08T16:51:04","guid":{"rendered":"https:\/\/ophrysesthetique.com\/?post_type=product&#038;p=527"},"modified":"2025-08-08T18:53:34","modified_gmt":"2025-08-08T16:53:34","slug":"actif-rides-caviar","status":"publish","type":"product","link":"https:\/\/ophrysesthetique.com\/?product=actif-rides-caviar","title":{"rendered":"Actif Rides Caviar"},"content":{"rendered":"<h2 class=\"product__title\">Actif Rides Caviar<\/h2>\n<h3 class=\"product__subtitle\"><\/h3>\n<p>La formule de soin anti-\u00e2ge\u00a0enrichie en extraits de caviar optimise l\u2019activit\u00e9 cellulaire, revitalise et raffermit l\u2019\u00e9piderme.<\/p>\n<p>&nbsp;<\/p>\n<ul class=\"product__data\">\n<li><strong>Type de peau :\u00a0<\/strong>tous types de peau<\/li>\n<li><strong>Texture :\u00a0<\/strong>cr\u00e8me<\/li>\n<li><strong>Utilisation :\u00a0<\/strong>matin et\/ou soir<\/li>\n<li><strong>Contenance :\u00a0<\/strong>50ml<\/li>\n<li><strong>Traitement beaut\u00e9 :\u00a0<\/strong>\u00c9tape 6<\/li>\n<\/ul>\n<p><a class=\"etapes\" title=\"Traitement beaut\u00e9 en 6 \u00e9tapes\" href=\"https:\/\/www.thalac.fr\/thalac\/traitement-beaute-en-6-etapes\/\"><img decoding=\"async\" src=\"https:\/\/www.thalac.fr\/app\/themes\/c2f\/assets\/images\/etape_6.svg\" alt=\"D\u00e9couvrir le traitement en 6 \u00e9tapes\" \/><\/a><\/p>\n<p>D\u00e9couvrir le traitement en 6 \u00e9tapes<\/p>\n<h4 class=\"product__actifs\">Les actifs phares<\/h4>\n<div class=\"product__icones\">\n<div class=\"product__icone\">\n<p><img decoding=\"async\" src=\"https:\/\/www.thalac.fr\/app\/uploads\/2021\/10\/microbille.svg\" alt=\"Complexe\u00a0caviar\" \/><\/p>\n<div class=\"text\">\n<h6>Complexe\u00a0caviar<\/h6>\n<p>anti-oxydant, stimule l&rsquo;activit\u00e9 cellulaire et nourrissant.<\/p>\n<\/div>\n<\/div>\n<div class=\"product__icone\">\n<p><img decoding=\"async\" src=\"https:\/\/www.thalac.fr\/app\/uploads\/2021\/10\/beurre-karite.svg\" alt=\"Beurre de\u00a0karit\u00e9\" \/><\/p>\n<div class=\"text\">\n<h6>Beurre de\u00a0karit\u00e9<\/h6>\n<p>prote\u0300ge et re\u0301ge\u0301ne\u0300re l\u2019e\u0301lastine et stimule la synthe\u0300se du collage\u0300ne<\/p>\n<\/div>\n<h3>R\u00e9sultats<\/h3>\n<div class=\"results__wrapper\">\n<div class=\"results__content\">\n<p>Peau nourrie, liss\u00e9e, unifi\u00e9e et \u00e9clatante. Rides et ridules estomp\u00e9es.<\/p>\n<\/div>\n<h3>Composition<\/h3>\n<div class=\"results__wrapper\">\n<div class=\"results__content\">\n<p>Coh\u00e9liss bio : restaure la r\u00e9sistance m\u00e9canique de la peau, limite les rides, lissant.<br \/>\nBeurre de karit\u00e9 : apaisant, calmant, nourrissant et r\u00e9g\u00e9n\u00e9rant.<br \/>\nComplexe caviar : anti-oxydant, stimule l\u2019activit\u00e9 cellulaire et nourrissant.<br \/>\nPhylderm v\u00e9g\u00e9tal : nourrissant et revitalisant.<br \/>\nVitamine E : antiradicalaire, aide \u00e0 maintenir l\u2019\u00e9lasticit\u00e9 et l\u2019hydratation de la peau.<\/p>\n<\/div>\n<\/div>\n<\/div>\n<\/div>\n<\/div>\n","protected":false},"excerpt":{"rendered":"<p>Peau nourrie, liss\u00e9e, unifi\u00e9e et \u00e9clatante. Rides et ridules estomp\u00e9es.<\/p>\n","protected":false},"featured_media":226,"template":"","meta":[],"product_brand":[22],"product_cat":[24],"product_tag":[],"class_list":{"0":"post-527","1":"product","2":"type-product","3":"status-publish","4":"has-post-thumbnail","6":"product_brand-thalac","7":"product_cat-cremes-de-soins","9":"first","10":"instock","11":"taxable","12":"shipping-taxable","13":"purchasable","14":"product-type-simple"},"_links":{"self":[{"href":"https:\/\/ophrysesthetique.com\/index.php?rest_route=\/wp\/v2\/product\/527","targetHints":{"allow":["GET"]}}],"collection":[{"href":"https:\/\/ophrysesthetique.com\/index.php?rest_route=\/wp\/v2\/product"}],"about":[{"href":"https:\/\/ophrysesthetique.com\/index.php?rest_route=\/wp\/v2\/types\/product"}],"wp:featuredmedia":[{"embeddable":true,"href":"https:\/\/ophrysesthetique.com\/index.php?rest_route=\/wp\/v2\/media\/226"}],"wp:attachment":[{"href":"https:\/\/ophrysesthetique.com\/index.php?rest_route=%2Fwp%2Fv2%2Fmedia&parent=527"}],"wp:term":[{"taxonomy":"product_brand","embeddable":true,"href":"https:\/\/ophrysesthetique.com\/index.php?rest_route=%2Fwp%2Fv2%2Fproduct_brand&post=527"},{"taxonomy":"product_cat","embeddable":true,"href":"https:\/\/ophrysesthetique.com\/index.php?rest_route=%2Fwp%2Fv2%2Fproduct_cat&post=527"},{"taxonomy":"product_tag","embeddable":true,"href":"https:\/\/ophrysesthetique.com\/index.php?rest_route=%2Fwp%2Fv2%2Fproduct_tag&post=527"}],"curies":[{"name":"wp","href":"https:\/\/api.w.org\/{rel}","templated":true}]}}