{"id":526,"date":"2025-08-08T18:48:02","date_gmt":"2025-08-08T16:48:02","guid":{"rendered":"https:\/\/ophrysesthetique.com\/?post_type=product&#038;p=526"},"modified":"2025-08-08T18:48:02","modified_gmt":"2025-08-08T16:48:02","slug":"hydra-prodige","status":"publish","type":"product","link":"https:\/\/ophrysesthetique.com\/?product=hydra-prodige","title":{"rendered":"Hydra Prodige"},"content":{"rendered":"<h2 class=\"product__title\">Hydra Prodige<\/h2>\n<h3 class=\"product__subtitle\"><\/h3>\n<p class=\"product__desc\">\n<p>Un prodigieux soin quotidien hydratant pour le visage. D\u00e8s l\u2019application, sa texture soyeuse soulage les sensations de tiraillement et d\u2019inconfort.\u00a0Jour apr\u00e8s jour, la peau est vivifi\u00e9e et lumineuse.<\/p>\n<p>&nbsp;<\/p>\n<ul class=\"product__data\">\n<li><strong>Type de peau :\u00a0<\/strong>Peaux s\u00e8ches et tr\u00e8s s\u00e8ches<\/li>\n<li><strong>Texture :\u00a0<\/strong>cr\u00e8me<\/li>\n<li><strong>Utilisation :\u00a0<\/strong>matin et\/ou soir<\/li>\n<li><strong>Contenance :\u00a0<\/strong>50ml<\/li>\n<li><strong>Traitement beaut\u00e9 :\u00a0<\/strong>\u00c9tape 6<\/li>\n<\/ul>\n<p><a class=\"etapes\" title=\"Traitement beaut\u00e9 en 6 \u00e9tapes\" href=\"https:\/\/www.thalac.fr\/thalac\/traitement-beaute-en-6-etapes\/\"><img decoding=\"async\" src=\"https:\/\/www.thalac.fr\/app\/themes\/c2f\/assets\/images\/etape_6.svg\" alt=\"D\u00e9couvrir le traitement en 6 \u00e9tapes\" \/><\/a><\/p>\n<p>D\u00e9couvrir le traitement en 6 \u00e9tapes<\/p>\n<h4 class=\"product__actifs\">Les actifs phares<\/h4>\n<div class=\"product__icones\">\n<div class=\"product__icone\"><img decoding=\"async\" src=\"https:\/\/www.thalac.fr\/app\/uploads\/2021\/10\/eau.svg\" alt=\"Aquaxyl\" \/><\/p>\n<div class=\"text\">\n<h6>Aquaxyl<\/h6>\n<p>hydratant longue dur\u00e9e et restructurant d&rsquo;origine v\u00e9g\u00e9tale.<\/p>\n<\/div>\n<\/div>\n<div class=\"product__icone\"><img decoding=\"async\" src=\"https:\/\/www.thalac.fr\/app\/uploads\/2021\/11\/icn-aloe.svg\" alt=\"Lotus\" \/><\/p>\n<div class=\"text\">\n<h6>Lotus<\/h6>\n<p>hydratant et repulpant intense.<\/p>\n<\/div>\n<h3>R\u00e9sultats<\/h3>\n<div class=\"results__wrapper\">\n<div class=\"results__content\">\n<p>Sensation de tiraillement et d\u2019inconfort soulag\u00e9e d\u00e8s l\u2019application.<br \/>\nPeau vivifi\u00e9e et lumineuse jour apr\u00e8s jour. Souplesse et douceur des peaux s\u00e8ches et tr\u00e8s s\u00e8ches instantan\u00e9ment retrouv\u00e9es.<\/p>\n<\/div>\n<h3>Composition<\/h3>\n<div class=\"results__wrapper\">\n<div class=\"results__content\">\n<p>Aquaxyl : hydratant longue dur\u00e9e et restructurant d\u2019origine v\u00e9g\u00e9tale.<br \/>\nAcide hyaluronique : hydratant et repulpant intense.<br \/>\nMoist24 : hydratant v\u00e9g\u00e9tal longue dur\u00e9e.<br \/>\nPhylderm v\u00e9g\u00e9tal : nourrissant et revitalisant.<br \/>\nLotus : pr\u00e9ventif anti-\u00e2ge et hydratant.<br \/>\nExtrait d\u2019algues bleues : remin\u00e9ralisant, \u00e9nergisant, revitalisant, nourrissant et protecteur.<\/p>\n<\/div>\n<\/div>\n<\/div>\n<\/div>\n<\/div>\n","protected":false},"excerpt":{"rendered":"<p>Un prodigieux soin quotidien hydratant pour le visage.<\/p>\n","protected":false},"featured_media":214,"template":"","meta":[],"product_brand":[22],"product_cat":[24],"product_tag":[],"class_list":{"0":"post-526","1":"product","2":"type-product","3":"status-publish","4":"has-post-thumbnail","6":"product_brand-thalac","7":"product_cat-cremes-de-soins","9":"first","10":"instock","11":"taxable","12":"shipping-taxable","13":"purchasable","14":"product-type-simple"},"_links":{"self":[{"href":"https:\/\/ophrysesthetique.com\/index.php?rest_route=\/wp\/v2\/product\/526","targetHints":{"allow":["GET"]}}],"collection":[{"href":"https:\/\/ophrysesthetique.com\/index.php?rest_route=\/wp\/v2\/product"}],"about":[{"href":"https:\/\/ophrysesthetique.com\/index.php?rest_route=\/wp\/v2\/types\/product"}],"wp:featuredmedia":[{"embeddable":true,"href":"https:\/\/ophrysesthetique.com\/index.php?rest_route=\/wp\/v2\/media\/214"}],"wp:attachment":[{"href":"https:\/\/ophrysesthetique.com\/index.php?rest_route=%2Fwp%2Fv2%2Fmedia&parent=526"}],"wp:term":[{"taxonomy":"product_brand","embeddable":true,"href":"https:\/\/ophrysesthetique.com\/index.php?rest_route=%2Fwp%2Fv2%2Fproduct_brand&post=526"},{"taxonomy":"product_cat","embeddable":true,"href":"https:\/\/ophrysesthetique.com\/index.php?rest_route=%2Fwp%2Fv2%2Fproduct_cat&post=526"},{"taxonomy":"product_tag","embeddable":true,"href":"https:\/\/ophrysesthetique.com\/index.php?rest_route=%2Fwp%2Fv2%2Fproduct_tag&post=526"}],"curies":[{"name":"wp","href":"https:\/\/api.w.org\/{rel}","templated":true}]}}