{"id":426,"date":"2025-08-01T19:07:20","date_gmt":"2025-08-01T17:07:20","guid":{"rendered":"https:\/\/ophrysesthetique.com\/?post_type=product&#038;p=426"},"modified":"2025-08-01T19:07:20","modified_gmt":"2025-08-01T17:07:20","slug":"spray-solaire-paradisiaque-tiare","status":"publish","type":"product","link":"https:\/\/ophrysesthetique.com\/?product=spray-solaire-paradisiaque-tiare","title":{"rendered":"Spray solaire PARADISIAQUE TIAR\u00c9"},"content":{"rendered":"<p class=\"text-highlight\">Offre une tr\u00e8s haute protection UVA et UVB. \u00c0 l\u2019huile de Mono\u00ef et \u00e0 l\u2019extrait de fleur de Frangipanier pour une peau douce et hydrat\u00e9e. Sans traces blanches. D\u00e8s 3 ans.<\/p>\n<p class=\"text-highlight\">100% PLAISIR\u00a0: Sa texture ultra-l\u00e9g\u00e8re au fini invisible d\u00e9voile un parfum paradisiaque au c\u0153ur addictif de fleurs de Tiar\u00e9 sublim\u00e9 par des notes vanill\u00e9es poudr\u00e9es.<\/p>\n<p>&nbsp;<\/p>\n<h2 class=\"title-level-1\">Le produit<\/h2>\n<p>Conseils d\u2019utilisation\u00a0: Secouer avant emploi. Appliquer g\u00e9n\u00e9reusement sur le visage et le corps avant l\u2019exposition. Vaporiser dans le creux de la main avant d\u2019appliquer sur le visage. Renouveler l\u2019application toutes les 2 heures, ou apr\u00e8s avoir nag\u00e9, transpir\u00e9 ou s\u2019\u00eatre s\u00e9ch\u00e9. L\u2019abus de soleil est dangereux, \u00e9viter l\u2019exposition aux heures d\u2019ensoleillement maximum. Usage externe.<\/p>\n<ul>\n<li>Flacon fabriqu\u00e9 avec 50% de plastique recycl\u00e9<\/li>\n<li>Pompe sans capuchon plastique<\/li>\n<li>Test\u00e9 sous contr\u00f4le dermatologique<\/li>\n<\/ul>\n<div class=\"col-md-12\">\n<div class=\"rich-text\">\n<h2 class=\"title-level-2\">Composition<\/h2>\n<\/div>\n<\/div>\n<div class=\"col-md-12\">\n<div class=\"single-product-composition\">\n<p>Aqua (Water)*, Diethylamino Hydroxybenzoyl Hexyl Benzoate, Diisopropyl Sebacate, C15-19 Alkane*, Dicaprylyl Carbonate, Ethylhexyl Salicylate, Ethylhexyl Triazone, Phenylbenzimidazole Sulfonic Acid, Diethylhexyl Butamido Triazone, Pentylene Glycol*, Microcrystalline Cellulose*, Parfum (Fragrance), Polyglyceryl-6 Distearate*, Bis-Ethylhexyloxyphenol Methoxyphenyl Triazine, Acrylates\/C12-22 Alkyl Methacrylate Copolymer, Cocos Nucifera (Coconut) Oil*, Gardenia Taitensis Flower EXTRACT*, Plumeria Alba Flower Extract*, Tocopherol*, Glycine Soja (Soybean) Oil*, Jojoba Esters*, Glycerin*, Arginine*, Sodium Hydroxide, Citric Acid*, Potassium Sorbate, Cellulose Gum*, Sodium Stearoyl Glutamate*, 1,2-Hexanediol, Caprylyl Glycol, Cetyl Alcohol*, Polyglyceryl-3 Beeswax*, Coco-Glucoside*, Dilauryl Thiodipropionate, Pentaerythrityl Tetra-Di-T-Butyl Hydroxyhydrocinnamate, Benzyl Alcohol, Biosaccharide Gum-1*, Disodium Lauryl Sulfosuccinate, Benzyl Salicylate, Sodium Levulinate*, Glyceryl Caprylate*, P-Anisic Acid*, Sodium Benzoate.<\/p>\n<p>*Ingr\u00e9dient d\u2019origine naturelle<\/p>\n<\/div>\n<\/div>\n","protected":false},"excerpt":{"rendered":"<p>Offre une tr\u00e8s haute protection UVA et UVB. \u00c0 l\u2019huile de Mono\u00ef et \u00e0 l\u2019extrait de fleur de Frangipanier pour une peau douce et hydrat\u00e9e. Sans traces blanches. D\u00e8s 3 ans.<\/p>\n","protected":false},"featured_media":421,"template":"","meta":[],"product_brand":[23],"product_cat":[35],"product_tag":[],"class_list":{"0":"post-426","1":"product","2":"type-product","3":"status-publish","4":"has-post-thumbnail","6":"product_brand-osmae","7":"product_cat-solaire","9":"first","10":"instock","11":"taxable","12":"shipping-taxable","13":"purchasable","14":"product-type-simple"},"_links":{"self":[{"href":"https:\/\/ophrysesthetique.com\/index.php?rest_route=\/wp\/v2\/product\/426","targetHints":{"allow":["GET"]}}],"collection":[{"href":"https:\/\/ophrysesthetique.com\/index.php?rest_route=\/wp\/v2\/product"}],"about":[{"href":"https:\/\/ophrysesthetique.com\/index.php?rest_route=\/wp\/v2\/types\/product"}],"wp:featuredmedia":[{"embeddable":true,"href":"https:\/\/ophrysesthetique.com\/index.php?rest_route=\/wp\/v2\/media\/421"}],"wp:attachment":[{"href":"https:\/\/ophrysesthetique.com\/index.php?rest_route=%2Fwp%2Fv2%2Fmedia&parent=426"}],"wp:term":[{"taxonomy":"product_brand","embeddable":true,"href":"https:\/\/ophrysesthetique.com\/index.php?rest_route=%2Fwp%2Fv2%2Fproduct_brand&post=426"},{"taxonomy":"product_cat","embeddable":true,"href":"https:\/\/ophrysesthetique.com\/index.php?rest_route=%2Fwp%2Fv2%2Fproduct_cat&post=426"},{"taxonomy":"product_tag","embeddable":true,"href":"https:\/\/ophrysesthetique.com\/index.php?rest_route=%2Fwp%2Fv2%2Fproduct_tag&post=426"}],"curies":[{"name":"wp","href":"https:\/\/api.w.org\/{rel}","templated":true}]}}