{"id":424,"date":"2025-08-01T18:45:30","date_gmt":"2025-08-01T16:45:30","guid":{"rendered":"https:\/\/ophrysesthetique.com\/?post_type=product&#038;p=424"},"modified":"2025-08-01T18:45:30","modified_gmt":"2025-08-01T16:45:30","slug":"gel-douche-rose-orientale-1l","status":"publish","type":"product","link":"https:\/\/ophrysesthetique.com\/?product=gel-douche-rose-orientale-1l","title":{"rendered":"Gel douche ROSE ORIENTALE 1L"},"content":{"rendered":"<p class=\"text-highlight\">Le gel douche Rose Orientale nettoie la peau avec une exquise douceur et d\u00e9pose un voile d\u00e9licatement parfum\u00e9. Enrichie en glyc\u00e9rine v\u00e9g\u00e9tale, sa base lavante douce sans savon pr\u00e9serve l\u2019\u00e9quilibre de la peau. Les extraits de Rose noire (France) et de Patchouli offrent \u00e0 la peau une agr\u00e9able sensation de douceur et de confort.<\/p>\n<p class=\"text-highlight\">100% PLAISIR\u00a0: Sa mousse onctueuse et l\u00e9g\u00e8re d\u00e9voile un envo\u00fbtant parfum oriental au c\u0153ur floral ambr\u00e9 d\u00e9licatement envelopp\u00e9 de vanille.<\/p>\n<p>&nbsp;<\/p>\n<h2 class=\"title-level-1\">Le produit<\/h2>\n<p>Conseils d\u2019utilisation\u00a0: appliquer sur le corps et le visage mouill\u00e9s. Faire mousser d\u00e9licatement, puis rincer abondamment. Usage externe. \u00c9viter le contact avec les yeux. En cas de contact, rincer abondamment \u00e0 l\u2019eau claire.<\/p>\n<p>Usage fr\u00e9quent. 2 en 1\u00a0: visage et corps. Convient \u00e0 tous les types de peaux. Peut s\u2019utiliser d\u00e8s 3 ans.<\/p>\n<ul>\n<li>Formule douce sans savon, au pH physiologique<\/li>\n<li>Minimum 95% d\u2019ingr\u00e9dients d\u2019origine naturelle<\/li>\n<li>Formule adapt\u00e9e aux vegans<\/li>\n<li>Flacon recyclable<\/li>\n<li>Test\u00e9 sous contr\u00f4le dermatologique<\/li>\n<\/ul>\n<div class=\"col-md-12\">\n<div class=\"rich-text\">\n<h2 class=\"title-level-2\">Composition<\/h2>\n<\/div>\n<\/div>\n<div class=\"col-md-12\">\n<div class=\"single-product-composition\">\n<p>eau*, glyc\u00e9rine v\u00e9g\u00e9tale*, extrait de Rose noire de France*, extrait de Patchouli*, \u00e9mollients*, agents nettoyants*, sel*, parfum, vitamine E*, conservateurs, ajusteur de pH*.<\/p>\n<p>*Ingr\u00e9dient d\u2019origine naturelle<\/p>\n<\/div>\n<\/div>\n","protected":false},"excerpt":{"rendered":"<p>Le gel douche Rose Orientale nettoie la peau avec une exquise douceur et d\u00e9pose un voile d\u00e9licatement parfum\u00e9.<\/p>\n","protected":false},"featured_media":417,"template":"","meta":[],"product_brand":[23],"product_cat":[33],"product_tag":[],"class_list":{"0":"post-424","1":"product","2":"type-product","3":"status-publish","4":"has-post-thumbnail","6":"product_brand-osmae","7":"product_cat-gel-douche","9":"first","10":"instock","11":"taxable","12":"shipping-taxable","13":"purchasable","14":"product-type-simple"},"_links":{"self":[{"href":"https:\/\/ophrysesthetique.com\/index.php?rest_route=\/wp\/v2\/product\/424","targetHints":{"allow":["GET"]}}],"collection":[{"href":"https:\/\/ophrysesthetique.com\/index.php?rest_route=\/wp\/v2\/product"}],"about":[{"href":"https:\/\/ophrysesthetique.com\/index.php?rest_route=\/wp\/v2\/types\/product"}],"wp:featuredmedia":[{"embeddable":true,"href":"https:\/\/ophrysesthetique.com\/index.php?rest_route=\/wp\/v2\/media\/417"}],"wp:attachment":[{"href":"https:\/\/ophrysesthetique.com\/index.php?rest_route=%2Fwp%2Fv2%2Fmedia&parent=424"}],"wp:term":[{"taxonomy":"product_brand","embeddable":true,"href":"https:\/\/ophrysesthetique.com\/index.php?rest_route=%2Fwp%2Fv2%2Fproduct_brand&post=424"},{"taxonomy":"product_cat","embeddable":true,"href":"https:\/\/ophrysesthetique.com\/index.php?rest_route=%2Fwp%2Fv2%2Fproduct_cat&post=424"},{"taxonomy":"product_tag","embeddable":true,"href":"https:\/\/ophrysesthetique.com\/index.php?rest_route=%2Fwp%2Fv2%2Fproduct_tag&post=424"}],"curies":[{"name":"wp","href":"https:\/\/api.w.org\/{rel}","templated":true}]}}