{"id":423,"date":"2025-08-01T18:42:15","date_gmt":"2025-08-01T16:42:15","guid":{"rendered":"https:\/\/ophrysesthetique.com\/?post_type=product&#038;p=423"},"modified":"2025-08-01T18:42:15","modified_gmt":"2025-08-01T16:42:15","slug":"eau-de-toilette-rose-orientale","status":"publish","type":"product","link":"https:\/\/ophrysesthetique.com\/?product=eau-de-toilette-rose-orientale","title":{"rendered":"Eau de toilette ROSE ORIENTALE"},"content":{"rendered":"<p>Parfum oriental au c\u0153ur floral ambr\u00e9.<\/p>\n<h2 class=\"title-level-1\">Le produit<\/h2>\n<p>Conseils d\u2019utilisation\u00a0: Pour une vaporisation plus douce et diffuse, comme une brume de parfum, vaporisez le parfum \u00e0 environ 30 centim\u00e8tres de de la zone \u00e0 parfumer.<\/p>\n<p>Si vous souhaitez un parfumage plus intense, vaporisez le parfum \u00e0 environ 5 centim\u00e8tres de la zone \u00e0 parfumer.<\/p>\n<p>Conservez votre parfum \u00e0 l\u2019abri des variations de temp\u00e9ratures et de la lumi\u00e8re.<\/p>\n<ul>\n<li>81% d\u2019ingr\u00e9dients d\u2019origine naturelle.<\/li>\n<li>Formule VEGAN<\/li>\n<li>Test\u00e9 sous contr\u00f4le dermatologique<\/li>\n<\/ul>\n<p>&nbsp;<\/p>\n<div class=\"col-md-12\">\n<div class=\"rich-text\">\n<h2 class=\"title-level-2\">Composition<\/h2>\n<\/div>\n<\/div>\n<div class=\"col-md-12\">\n<div class=\"single-product-composition\">\n<p>Alcohol Denat., Aqua, Parfum, Alpha-Isomethyl Ionone, Coumarin, Benzyl Alcohol, Geraniol, Linalool, Citronellol, Limonene, Cinnamyl Alcohol, Benzyl Cinnamate, Citral.<\/p>\n<p>*Ingr\u00e9dient d\u2019origine naturelle<\/p>\n<\/div>\n<\/div>\n","protected":false},"excerpt":{"rendered":"<p>Parfum oriental au c\u0153ur floral ambr\u00e9.<\/p>\n","protected":false},"featured_media":420,"template":"","meta":[],"product_brand":[23],"product_cat":[32],"product_tag":[],"class_list":{"0":"post-423","1":"product","2":"type-product","3":"status-publish","4":"has-post-thumbnail","6":"product_brand-osmae","7":"product_cat-parfum","9":"first","10":"instock","11":"taxable","12":"shipping-taxable","13":"purchasable","14":"product-type-simple"},"_links":{"self":[{"href":"https:\/\/ophrysesthetique.com\/index.php?rest_route=\/wp\/v2\/product\/423","targetHints":{"allow":["GET"]}}],"collection":[{"href":"https:\/\/ophrysesthetique.com\/index.php?rest_route=\/wp\/v2\/product"}],"about":[{"href":"https:\/\/ophrysesthetique.com\/index.php?rest_route=\/wp\/v2\/types\/product"}],"wp:featuredmedia":[{"embeddable":true,"href":"https:\/\/ophrysesthetique.com\/index.php?rest_route=\/wp\/v2\/media\/420"}],"wp:attachment":[{"href":"https:\/\/ophrysesthetique.com\/index.php?rest_route=%2Fwp%2Fv2%2Fmedia&parent=423"}],"wp:term":[{"taxonomy":"product_brand","embeddable":true,"href":"https:\/\/ophrysesthetique.com\/index.php?rest_route=%2Fwp%2Fv2%2Fproduct_brand&post=423"},{"taxonomy":"product_cat","embeddable":true,"href":"https:\/\/ophrysesthetique.com\/index.php?rest_route=%2Fwp%2Fv2%2Fproduct_cat&post=423"},{"taxonomy":"product_tag","embeddable":true,"href":"https:\/\/ophrysesthetique.com\/index.php?rest_route=%2Fwp%2Fv2%2Fproduct_tag&post=423"}],"curies":[{"name":"wp","href":"https:\/\/api.w.org\/{rel}","templated":true}]}}