{"id":341,"date":"2025-07-17T18:24:36","date_gmt":"2025-07-17T16:24:36","guid":{"rendered":"https:\/\/ophrysesthetique.com\/?post_type=product&#038;p=341"},"modified":"2025-07-17T18:24:36","modified_gmt":"2025-07-17T16:24:36","slug":"active-calm","status":"publish","type":"product","link":"https:\/\/ophrysesthetique.com\/?product=active-calm","title":{"rendered":"Active Calm"},"content":{"rendered":"<h2 class=\"product__title\">Active Calm<\/h2>\n<h3 class=\"product__subtitle\"><\/h3>\n<p class=\"product__desc\">\n<p>Cette cr\u00e8me de soin, formul\u00e9e sans parfum, prot\u00e8ge les peaux sensibles sujettes aux rougeurs. D\u00e8s la 1<sup>\u00e8re<\/sup>\u00a0application, la peau retrouve confort et douceur. L\u2019association de la Belle de Nuit et de l\u2019Immortelle favorise la r\u00e9paration de l\u2019\u00e9piderme en stimulant la production d\u2019acide hyaluronique et de c\u00e9ramides. Les pr\u00e9biotiques contribuent \u00e0 r\u00e9\u00e9quilibrer le microbiote cutan\u00e9 et pr\u00e9viennent les s\u00e9cheresses, rougeurs et irritations.<\/p>\n<p>&nbsp;<\/p>\n<ul class=\"product__data\">\n<li><strong>Type de peau :\u00a0<\/strong>Peaux sensibles et r\u00e9actives \/ Peaux sujettes aux rougeurs<\/li>\n<li><strong>Texture :\u00a0<\/strong>l\u00e9g\u00e8re<\/li>\n<li><strong>Utilisation :\u00a0<\/strong>matin et soir<\/li>\n<li><strong>Contenance :\u00a0<\/strong>50ml<\/li>\n<li><strong>Traitement beaut\u00e9 :\u00a0<\/strong>\u00c9tape 6<\/li>\n<\/ul>\n<p><a class=\"etapes\" title=\"Traitement beaut\u00e9 en 6 \u00e9tapes\" href=\"https:\/\/www.thalac.fr\/thalac\/traitement-beaute-en-6-etapes\/\"><img decoding=\"async\" src=\"https:\/\/www.thalac.fr\/app\/themes\/c2f\/assets\/images\/etape_6.svg\" alt=\"D\u00e9couvrir le traitement en 6 \u00e9tapes\" \/><\/a><\/p>\n<p>D\u00e9couvrir le traitement en 6 \u00e9tapes<\/p>\n<h4 class=\"product__actifs\">Les actifs phares<\/h4>\n<div class=\"product__icones\">\n<div class=\"product__icone\"><img decoding=\"async\" src=\"https:\/\/www.thalac.fr\/app\/uploads\/2021\/11\/icn-fleurs.svg\" alt=\"Immortelle &amp; Belle de Nuit\" \/><\/p>\n<div class=\"text\">\n<h6>Immortelle &amp; Belle de Nuit<\/h6>\n<p>Favorisent la r\u00e9paration de l\u2019\u00e9piderme en stimulant la production d\u2019acide hyaluronique et de c\u00e9ramides<\/p>\n<\/div>\n<\/div>\n<div class=\"product__icone\"><img decoding=\"async\" src=\"https:\/\/www.thalac.fr\/app\/uploads\/2021\/11\/icn-molecule.svg\" alt=\"Pr\u00e9biotiques\" \/><\/p>\n<div class=\"text\">\n<h6>Pr\u00e9biotiques<\/h6>\n<p>Contribuent \u00e0 r\u00e9\u00e9quilibrer le microbiote cutan\u00e9 et pr\u00e9viennent les s\u00e9cheresses, rougeurs et irritations.<\/p>\n<\/div>\n<h3>R\u00e9sultats<\/h3>\n<div class=\"results__wrapper\">\n<div class=\"results__content\">\n<p>La peau est imm\u00e9diatement apais\u00e9e et le teint est unifi\u00e9. La sensibilit\u00e9 et les rougeurs diminuent au fil des utilisations.<\/p>\n<p>&nbsp;<\/p>\n<p><strong>EFFICACIT\u00c9\u00a0 PROUVE\u00c9\u00a0 :<\/strong><\/p>\n<p>5 min apr\u00e8s l\u2019application, la peau est apais\u00e9e et moins r\u00e9active (1)<\/p>\n<p>D\u00e8s 7 jours, la barri\u00e8re protectrice de la peau est renforc\u00e9e (2)<\/p>\n<p>D\u00e8s 2 semaines, le teint est unifi\u00e9 (3)<\/p>\n<ul>\n<li>(1) \u00c9tude clinique de l\u2019actif Immortelle sur 24 volontaires.<\/li>\n<li>(2) Mesure de la perte insensible en eau apr\u00e8s 7 jours d\u2019utilisation biquotidienne de l\u2019actif<br \/>\npr\u00e9biotique sur 23 volontaires.<\/li>\n<li>(3) Mesure instrumentale apr\u00e8s 2 semaines d\u2019utilisation biquotidienne du complexe de 5<br \/>\nplantes sur 8 volontaires.<\/li>\n<\/ul>\n<h3>Composition<\/h3>\n<div class=\"results__wrapper\">\n<div class=\"results__content\">\n<p>Immortelle : active les m\u00e9canismes de relaxation de la peau pour un apaisement imm\u00e9diat.<br \/>\nBelle de nuit : favorise la r\u00e9paration\/reconstitution de la barri\u00e8re de la peau et stimule la production d\u2019acide hyaluronique et de c\u00e9ramides.<br \/>\nPr\u00e9biotiques : contribuent \u00e0 r\u00e9\u00e9quilibrer le microbiote cutan\u00e9 et pr\u00e9viennent l\u2019apparition des d\u00e9sordres cutan\u00e9s : s\u00e8cheresses, rougeurs, irritations\u2026<\/p>\n<\/div>\n<\/div>\n<\/div>\n<\/div>\n<\/div>\n<\/div>\n","protected":false},"excerpt":{"rendered":"<p>La peau est imm\u00e9diatement apais\u00e9e et le teint est unifi\u00e9. La sensibilit\u00e9 et les rougeurs diminuent au fil des utilisations.<\/p>\n","protected":false},"featured_media":225,"template":"","meta":[],"product_brand":[22],"product_cat":[24],"product_tag":[],"class_list":{"0":"post-341","1":"product","2":"type-product","3":"status-publish","4":"has-post-thumbnail","6":"product_brand-thalac","7":"product_cat-cremes-de-soins","9":"first","10":"instock","11":"taxable","12":"shipping-taxable","13":"purchasable","14":"product-type-simple"},"_links":{"self":[{"href":"https:\/\/ophrysesthetique.com\/index.php?rest_route=\/wp\/v2\/product\/341","targetHints":{"allow":["GET"]}}],"collection":[{"href":"https:\/\/ophrysesthetique.com\/index.php?rest_route=\/wp\/v2\/product"}],"about":[{"href":"https:\/\/ophrysesthetique.com\/index.php?rest_route=\/wp\/v2\/types\/product"}],"wp:featuredmedia":[{"embeddable":true,"href":"https:\/\/ophrysesthetique.com\/index.php?rest_route=\/wp\/v2\/media\/225"}],"wp:attachment":[{"href":"https:\/\/ophrysesthetique.com\/index.php?rest_route=%2Fwp%2Fv2%2Fmedia&parent=341"}],"wp:term":[{"taxonomy":"product_brand","embeddable":true,"href":"https:\/\/ophrysesthetique.com\/index.php?rest_route=%2Fwp%2Fv2%2Fproduct_brand&post=341"},{"taxonomy":"product_cat","embeddable":true,"href":"https:\/\/ophrysesthetique.com\/index.php?rest_route=%2Fwp%2Fv2%2Fproduct_cat&post=341"},{"taxonomy":"product_tag","embeddable":true,"href":"https:\/\/ophrysesthetique.com\/index.php?rest_route=%2Fwp%2Fv2%2Fproduct_tag&post=341"}],"curies":[{"name":"wp","href":"https:\/\/api.w.org\/{rel}","templated":true}]}}