{"id":340,"date":"2025-07-17T18:21:23","date_gmt":"2025-07-17T16:21:23","guid":{"rendered":"https:\/\/ophrysesthetique.com\/?post_type=product&#038;p=340"},"modified":"2025-07-17T18:21:24","modified_gmt":"2025-07-17T16:21:24","slug":"emulsion-seboregulatrice","status":"publish","type":"product","link":"https:\/\/ophrysesthetique.com\/?product=emulsion-seboregulatrice","title":{"rendered":"Emulsion S\u00e9bor\u00e9gulatrice"},"content":{"rendered":"<p>La\u00a0formule d\u2019exception de cette cr\u00e8me de soin purifie, contribue \u00e0 normaliser l\u2019\u00e9piderme et affine le grain de la peau. Jour apr\u00e8s jour, le teint retrouve son \u00e9clat.<\/p>\n<p>&nbsp;<\/p>\n<ul class=\"product__data\">\n<li><strong>Type de peau :\u00a0<\/strong>peaux mixtes \u00e0 grasses<\/li>\n<li><strong>Texture :\u00a0<\/strong>\u00e9mulsion<\/li>\n<li><strong>Utilisation :\u00a0<\/strong>matin et soir<\/li>\n<li><strong>Contenance :\u00a0<\/strong>50ml<\/li>\n<li><strong>Traitement beaut\u00e9 :\u00a0<\/strong>\u00c9tape 6<\/li>\n<\/ul>\n<p><a class=\"etapes\" title=\"Traitement beaut\u00e9 en 6 \u00e9tapes\" href=\"https:\/\/www.thalac.fr\/thalac\/traitement-beaute-en-6-etapes\/\"><img decoding=\"async\" src=\"https:\/\/www.thalac.fr\/app\/themes\/c2f\/assets\/images\/etape_6.svg\" alt=\"D\u00e9couvrir le traitement en 6 \u00e9tapes\" \/><\/a><\/p>\n<p>D\u00e9couvrir le traitement en 6 \u00e9tapes<\/p>\n<h4 class=\"product__actifs\">Les actifs phares<\/h4>\n<div class=\"product__icones\">\n<div class=\"product__icone\"><img decoding=\"async\" src=\"https:\/\/www.thalac.fr\/app\/uploads\/2021\/10\/molecule.svg\" alt=\"AC net\" \/><\/p>\n<div class=\"text\">\n<h6>AC net<\/h6>\n<p>hydratant, adoucissant.<\/p>\n<\/div>\n<\/div>\n<div class=\"product__icone\"><img decoding=\"async\" src=\"https:\/\/www.thalac.fr\/app\/uploads\/2021\/10\/plante.svg\" alt=\"Huile essentielle de romarin\" \/><\/p>\n<div class=\"text\">\n<h6>Huile essentielle de romarin<\/h6>\n<p>nourrissant, adoucissant, anti-oxydant, retarde les effets du vieillissement cutan\u00e9.<\/p>\n<h3>R\u00e9sultats<\/h3>\n<div class=\"results__wrapper\">\n<div class=\"results__content\">\n<p>Peau douce, rafraichie, purifi\u00e9e et r\u00e9gul\u00e9e. Grain de peau resserr\u00e9 et unifi\u00e9.<\/p>\n<h3>Composition<\/h3>\n<div class=\"results__wrapper\">\n<div class=\"results__content\">\n<p>Extrait d\u2019alo\u00e8s : hydratant, adoucissant.<br \/>\nHuile de germe de bl\u00e9 : nourrissant, adoucissant, anti-oxydant, retarde les effets du vieillissement cutan\u00e9.<br \/>\nAc net : normalisant, r\u00e9gulateur des s\u00e9cr\u00e9tions s\u00e9bac\u00e9es.<br \/>\nExtrait de concombre : hydratant, \u00e9claircissant, r\u00e9g\u00e9n\u00e9rant et adoucissant.<br \/>\nHuile essentielle de citron : astringent, antiseptique, tonifiant et pr\u00e9vient des rides.<br \/>\nExtrait de romarin : puissant anti-oxydant, antimicrobien, anti-inflammatoire, tonifiant cutan\u00e9.<\/p>\n<\/div>\n<\/div>\n<\/div>\n<\/div>\n<\/div>\n<\/div>\n<\/div>\n","protected":false},"excerpt":{"rendered":"<p>Peau douce, rafraichie, purifi\u00e9e et r\u00e9gul\u00e9e. Grain de peau resserr\u00e9 et unifi\u00e9.<\/p>\n","protected":false},"featured_media":204,"template":"","meta":[],"product_brand":[22],"product_cat":[24],"product_tag":[],"class_list":{"0":"post-340","1":"product","2":"type-product","3":"status-publish","4":"has-post-thumbnail","6":"product_brand-thalac","7":"product_cat-cremes-de-soins","9":"first","10":"instock","11":"taxable","12":"shipping-taxable","13":"purchasable","14":"product-type-simple"},"_links":{"self":[{"href":"https:\/\/ophrysesthetique.com\/index.php?rest_route=\/wp\/v2\/product\/340","targetHints":{"allow":["GET"]}}],"collection":[{"href":"https:\/\/ophrysesthetique.com\/index.php?rest_route=\/wp\/v2\/product"}],"about":[{"href":"https:\/\/ophrysesthetique.com\/index.php?rest_route=\/wp\/v2\/types\/product"}],"wp:featuredmedia":[{"embeddable":true,"href":"https:\/\/ophrysesthetique.com\/index.php?rest_route=\/wp\/v2\/media\/204"}],"wp:attachment":[{"href":"https:\/\/ophrysesthetique.com\/index.php?rest_route=%2Fwp%2Fv2%2Fmedia&parent=340"}],"wp:term":[{"taxonomy":"product_brand","embeddable":true,"href":"https:\/\/ophrysesthetique.com\/index.php?rest_route=%2Fwp%2Fv2%2Fproduct_brand&post=340"},{"taxonomy":"product_cat","embeddable":true,"href":"https:\/\/ophrysesthetique.com\/index.php?rest_route=%2Fwp%2Fv2%2Fproduct_cat&post=340"},{"taxonomy":"product_tag","embeddable":true,"href":"https:\/\/ophrysesthetique.com\/index.php?rest_route=%2Fwp%2Fv2%2Fproduct_tag&post=340"}],"curies":[{"name":"wp","href":"https:\/\/api.w.org\/{rel}","templated":true}]}}