{"id":246,"date":"2025-07-17T18:19:09","date_gmt":"2025-07-17T16:19:09","guid":{"rendered":"http:\/\/ophrys.5.75.177.165.nip.io\/?post_type=product&#038;p=246"},"modified":"2025-07-17T18:19:09","modified_gmt":"2025-07-17T16:19:09","slug":"emulsion-matifiante","status":"publish","type":"product","link":"https:\/\/ophrysesthetique.com\/?product=emulsion-matifiante","title":{"rendered":"Emulsion Matifiante"},"content":{"rendered":"<h2 class=\"product__title\">Emulsion Matifiante<\/h2>\n<h3 class=\"product__subtitle\"><\/h3>\n<p class=\"product__desc\">\n<p>D\u00e8s l\u2019application, ce soin matifiant rend\u00a0la peau plus nette. Le grain de peau est resserr\u00e9 et les brillances sont r\u00e9duites en particulier sur la zone m\u00e9diane : front, nez, menton.<\/p>\n<p>&nbsp;<\/p>\n<ul class=\"product__data\">\n<li><strong>Type de peau :\u00a0<\/strong>peaux mixtes \u00e0 grasses<\/li>\n<li><strong>Texture :\u00a0<\/strong>cr\u00e8me<\/li>\n<li><strong>Utilisation :\u00a0<\/strong>matin<\/li>\n<li><strong>Contenance :\u00a0<\/strong>50ml<\/li>\n<li><strong>Traitement beaut\u00e9 :\u00a0<\/strong>\u00c9tape 6<\/li>\n<\/ul>\n<p><a class=\"etapes\" title=\"Traitement beaut\u00e9 en 6 \u00e9tapes\" href=\"https:\/\/www.thalac.fr\/thalac\/traitement-beaute-en-6-etapes\/\"><img decoding=\"async\" src=\"https:\/\/www.thalac.fr\/app\/themes\/c2f\/assets\/images\/etape_6.svg\" alt=\"D\u00e9couvrir le traitement en 6 \u00e9tapes\" \/><\/a><\/p>\n<p>D\u00e9couvrir le traitement en 6 \u00e9tapes<\/p>\n<h4 class=\"product__actifs\">Les actifs phares<\/h4>\n<div class=\"product__icones\">\n<div class=\"product__icone\"><img decoding=\"async\" src=\"https:\/\/www.thalac.fr\/app\/uploads\/2021\/10\/microbille.svg\" alt=\"Microparticule absorbante\" \/><\/p>\n<div class=\"text\">\n<h6>Microparticule absorbante<\/h6>\n<p>hydratant, adoucissant<\/p>\n<\/div>\n<\/div>\n<div class=\"product__icone\"><img decoding=\"async\" src=\"https:\/\/www.thalac.fr\/app\/uploads\/2021\/11\/icn-aloe.svg\" alt=\"Extrait d'Aloe\" \/><\/p>\n<div class=\"text\">\n<h6>Extrait d&rsquo;Aloe<\/h6>\n<p>hydratant longue dur\u00e9e.<\/p>\n<h3>R\u00e9sultats<\/h3>\n<div class=\"results__wrapper\">\n<div class=\"results__content\">\n<p>Peau purifi\u00e9e, grain de peau resserr\u00e9 et unifi\u00e9. Teint net et mat.<\/p>\n<h3>Composition<\/h3>\n<div class=\"results__wrapper\">\n<div class=\"results__content\">\n<p>Extrait d\u2019alo\u00e8s : hydratant, adoucissant.<br \/>\nMoist24 : hydratant longue dur\u00e9e.<br \/>\nHuile de germe de bl\u00e9 : nourrissant, adoucissant, anti-oxydant, retarde les effets du vieillissement cutan\u00e9.<br \/>\nAcide hyaluronique : hydratant et repulpant intense.<br \/>\nAc net : normalisant, r\u00e9gulateur des s\u00e9cr\u00e9tions s\u00e9bac\u00e9es.<br \/>\nMicroparticules absorbantes : agent matifiant.<\/p>\n<\/div>\n<\/div>\n<\/div>\n<\/div>\n<\/div>\n<\/div>\n<\/div>\n","protected":false},"excerpt":{"rendered":"<p>Peau purifi\u00e9e, grain de peau resserr\u00e9 et unifi\u00e9. Teint net et mat.<\/p>\n","protected":false},"featured_media":205,"template":"","meta":[],"product_brand":[22],"product_cat":[24],"product_tag":[],"class_list":{"0":"post-246","1":"product","2":"type-product","3":"status-publish","4":"has-post-thumbnail","6":"product_brand-thalac","7":"product_cat-cremes-de-soins","9":"first","10":"instock","11":"taxable","12":"shipping-taxable","13":"purchasable","14":"product-type-simple"},"_links":{"self":[{"href":"https:\/\/ophrysesthetique.com\/index.php?rest_route=\/wp\/v2\/product\/246","targetHints":{"allow":["GET"]}}],"collection":[{"href":"https:\/\/ophrysesthetique.com\/index.php?rest_route=\/wp\/v2\/product"}],"about":[{"href":"https:\/\/ophrysesthetique.com\/index.php?rest_route=\/wp\/v2\/types\/product"}],"wp:featuredmedia":[{"embeddable":true,"href":"https:\/\/ophrysesthetique.com\/index.php?rest_route=\/wp\/v2\/media\/205"}],"wp:attachment":[{"href":"https:\/\/ophrysesthetique.com\/index.php?rest_route=%2Fwp%2Fv2%2Fmedia&parent=246"}],"wp:term":[{"taxonomy":"product_brand","embeddable":true,"href":"https:\/\/ophrysesthetique.com\/index.php?rest_route=%2Fwp%2Fv2%2Fproduct_brand&post=246"},{"taxonomy":"product_cat","embeddable":true,"href":"https:\/\/ophrysesthetique.com\/index.php?rest_route=%2Fwp%2Fv2%2Fproduct_cat&post=246"},{"taxonomy":"product_tag","embeddable":true,"href":"https:\/\/ophrysesthetique.com\/index.php?rest_route=%2Fwp%2Fv2%2Fproduct_tag&post=246"}],"curies":[{"name":"wp","href":"https:\/\/api.w.org\/{rel}","templated":true}]}}