{"id":245,"date":"2025-07-11T19:32:26","date_gmt":"2025-07-11T17:32:26","guid":{"rendered":"http:\/\/ophrys.5.75.177.165.nip.io\/?post_type=product&#038;p=245"},"modified":"2025-07-11T20:00:34","modified_gmt":"2025-07-11T18:00:34","slug":"gel-sebocorrecteur","status":"publish","type":"product","link":"https:\/\/ophrysesthetique.com\/?product=gel-sebocorrecteur","title":{"rendered":"Gel S\u00e9bocorrecteur"},"content":{"rendered":"<p>SOS imperfections. Favorise la disparition des imperfections gr\u00e2ce \u00e0 son action neutralisante et calmante. Sa forme \u201cstylo\u201d innovante facilite la pr\u00e9cision du geste pour un r\u00e9sultat optimal.<\/p>\n<p>&nbsp;<\/p>\n<ul class=\"product__data\">\n<li><strong>Type de peau :\u00a0<\/strong>tous types de peaux<\/li>\n<li><strong>Texture :\u00a0<\/strong>gel<\/li>\n<li><strong>Utilisation :\u00a0<\/strong>plusieurs fois dans la journ\u00e9e.<\/li>\n<li><strong>Contenance :\u00a0<\/strong>15ml<\/li>\n<li><strong>Traitement beaut\u00e9 :\u00a0<\/strong>\u00c9tape 6<\/li>\n<\/ul>\n<p><a class=\"etapes\" title=\"Traitement beaut\u00e9 en 6 \u00e9tapes\" href=\"https:\/\/www.thalac.fr\/thalac\/traitement-beaute-en-6-etapes\/\"><img decoding=\"async\" src=\"https:\/\/www.thalac.fr\/app\/themes\/c2f\/assets\/images\/etape_6.svg\" alt=\"D\u00e9couvrir le traitement en 6 \u00e9tapes\" \/><\/a><\/p>\n<p>D\u00e9couvrir le traitement en 6 \u00e9tapes<\/p>\n<h4 class=\"product__actifs\">Les actifs phares<\/h4>\n<div class=\"product__icones\">\n<div class=\"product__icone\">\n<p><img decoding=\"async\" src=\"https:\/\/www.thalac.fr\/app\/uploads\/2021\/10\/molecule.svg\" alt=\"Givobio Zn\" \/><\/p>\n<div class=\"text\">\n<h6>Givobio Zn<\/h6>\n<p>apaisant, rafraichissant, tonifiant<\/p>\n<\/div>\n<\/div>\n<div class=\"product__icone\">\n<p><img decoding=\"async\" src=\"https:\/\/www.thalac.fr\/app\/uploads\/2021\/10\/plante.svg\" alt=\"Huile essentielle de\u00a0lavandin\" \/><\/p>\n<div class=\"text\">\n<h6>Huile essentielle de\u00a0lavandin<\/h6>\n<p>calmante, d\u00e9contractante, anti-inflammatoire, cicatrisante<\/p>\n<h3>R\u00e9sultats<\/h3>\n<div class=\"results__wrapper\">\n<div class=\"results__content\">\n<p>Imperfections ass\u00e9ch\u00e9es. Teint purifi\u00e9. Peau normalis\u00e9e.<\/p>\n<h3>Composition<\/h3>\n<div class=\"results__wrapper\">\n<div class=\"results__content\">\n<p>Huile essentielle de menthe : apaisante, rafra\u00eechissante, tonifiante<br \/>\nHuile essentielle de lavandin : calmante, d\u00e9contractante, anti-inflammatoire, cicatrisante<br \/>\nAc net : normalisant, purifiant, r\u00e9gulateur des s\u00e9cr\u00e9tions s\u00e9bac\u00e9es<br \/>\nGivobio : normalisant, apaisant, r\u00e9gulateur des s\u00e9cr\u00e9tions s\u00e9bac\u00e9es<\/p>\n<\/div>\n<\/div>\n<\/div>\n<\/div>\n<\/div>\n<\/div>\n<\/div>\n","protected":false},"excerpt":{"rendered":"<p>SOS imperfections. Gel ass\u00e9chant, \u00e0 action cibl\u00e9e.<\/p>\n","protected":false},"featured_media":202,"template":"","meta":[],"product_brand":[22],"product_cat":[26],"product_tag":[],"class_list":{"0":"post-245","1":"product","2":"type-product","3":"status-publish","4":"has-post-thumbnail","6":"product_brand-thalac","7":"product_cat-levres-et-specifiques","9":"first","10":"instock","11":"taxable","12":"shipping-taxable","13":"purchasable","14":"product-type-simple"},"_links":{"self":[{"href":"https:\/\/ophrysesthetique.com\/index.php?rest_route=\/wp\/v2\/product\/245","targetHints":{"allow":["GET"]}}],"collection":[{"href":"https:\/\/ophrysesthetique.com\/index.php?rest_route=\/wp\/v2\/product"}],"about":[{"href":"https:\/\/ophrysesthetique.com\/index.php?rest_route=\/wp\/v2\/types\/product"}],"wp:featuredmedia":[{"embeddable":true,"href":"https:\/\/ophrysesthetique.com\/index.php?rest_route=\/wp\/v2\/media\/202"}],"wp:attachment":[{"href":"https:\/\/ophrysesthetique.com\/index.php?rest_route=%2Fwp%2Fv2%2Fmedia&parent=245"}],"wp:term":[{"taxonomy":"product_brand","embeddable":true,"href":"https:\/\/ophrysesthetique.com\/index.php?rest_route=%2Fwp%2Fv2%2Fproduct_brand&post=245"},{"taxonomy":"product_cat","embeddable":true,"href":"https:\/\/ophrysesthetique.com\/index.php?rest_route=%2Fwp%2Fv2%2Fproduct_cat&post=245"},{"taxonomy":"product_tag","embeddable":true,"href":"https:\/\/ophrysesthetique.com\/index.php?rest_route=%2Fwp%2Fv2%2Fproduct_tag&post=245"}],"curies":[{"name":"wp","href":"https:\/\/api.w.org\/{rel}","templated":true}]}}