{"id":244,"date":"2025-07-11T19:29:43","date_gmt":"2025-07-11T17:29:43","guid":{"rendered":"http:\/\/ophrys.5.75.177.165.nip.io\/?post_type=product&#038;p=244"},"modified":"2025-07-18T18:56:02","modified_gmt":"2025-07-18T16:56:02","slug":"soin-des-levres-anti-age-repulpant","status":"publish","type":"product","link":"https:\/\/ophrysesthetique.com\/?product=soin-des-levres-anti-age-repulpant","title":{"rendered":"Soin des l\u00e8vres anti-\u00e2ge, repulpant"},"content":{"rendered":"<p>Triple action : anti-\u00e2ge, repulpant, protecteur. L\u2019association unique du Biocrystal\u00ae\u00a0et d\u2019un tripeptide vectoris\u00e9 (actif biomim\u00e9tique) agit sur les l\u00e8vres en stimulant la synth\u00e8se de collag\u00e8ne et d\u2019acide hyaluronique pour un effet 3D, anti-\u00e2ge.<\/p>\n<p>&nbsp;<\/p>\n<ul class=\"product__data\">\n<li><strong>Type de peau :\u00a0<\/strong>tous types de peaux<\/li>\n<li><strong>Texture :\u00a0<\/strong>stick<\/li>\n<li><strong>Utilisation :\u00a0<\/strong>matin et soir<\/li>\n<li><strong>Contenance :\u00a0<\/strong>4g<\/li>\n<li><strong>Traitement beaut\u00e9 :\u00a0<\/strong>\u00c9tape 5<\/li>\n<\/ul>\n<p><a class=\"etapes\" title=\"Traitement beaut\u00e9 en 6 \u00e9tapes\" href=\"https:\/\/www.thalac.fr\/thalac\/traitement-beaute-en-6-etapes\/\"><img decoding=\"async\" src=\"https:\/\/www.thalac.fr\/app\/themes\/c2f\/assets\/images\/etape_5.svg\" alt=\"D\u00e9couvrir le traitement en 6 \u00e9tapes\" \/><\/a><\/p>\n<p>D\u00e9couvrir le traitement en 6 \u00e9tapes<\/p>\n<h4 class=\"product__actifs\">Les actifs phares<\/h4>\n<div class=\"product__icones\">\n<div class=\"product__icone\">\n<p><img decoding=\"async\" src=\"https:\/\/www.thalac.fr\/app\/uploads\/2021\/11\/icn-cristal.svg\" alt=\"Biocrystal\u00ae\" \/><\/p>\n<div class=\"text\">\n<h6>Biocrystal\u00ae<\/h6>\n<p>am\u00e9liore la structure de l&rsquo;\u00e9piderme et la synth\u00e8se de la matrice extracellulaire. Apporte fermet\u00e9 et \u00e9lasticit\u00e9.<\/p>\n<\/div>\n<\/div>\n<div class=\"product__icone\">\n<p><img decoding=\"async\" src=\"https:\/\/www.thalac.fr\/app\/uploads\/2021\/10\/cire-abeille.svg\" alt=\"Cire d'abeille\" \/><\/p>\n<div class=\"text\">\n<h6>Cire d&rsquo;abeille<\/h6>\n<p>contribue \u00e0 la diminution des sillons, \u00e0 l\u2019augmentation du volume des l\u00e8vres et \u00e0 une meilleure hydratation.<\/p>\n<h3>R\u00e9sultats<\/h3>\n<div class=\"results__wrapper\">\n<div class=\"results__content\">\n<p>Une efficacit\u00e9 prouv\u00e9e*\u00a0apr\u00e8s 15 jours d\u2019utilisation :<br \/>\n\u2022 Protection : 85%<br \/>\n\u2022 Volumateur : 75%<br \/>\n\u2022 Anti-\u00e2ge, ridules : 70%<br \/>\n*Test d\u2019auto-\u00e9valuation<\/p>\n<h3>Composition<\/h3>\n<div class=\"results__wrapper\">\n<div class=\"results__content\">\n<p>Biocrystal\u00ae : am\u00e9liore la structure de l\u2019\u00e9piderme et la synth\u00e8se de la matrice extracellulaire. Apporte fermet\u00e9 et \u00e9lasticit\u00e9.<br \/>\nTripeptide vectoris\u00e9 : contribue \u00e0 la diminution des sillons, \u00e0 l\u2019augmentation du volume des l\u00e8vres et \u00e0 une meilleure hydratation.<br \/>\nBeurre de Karit\u00e9, huile de Ricin, huile de Noix de coco : prot\u00e8gent, nourrissent et hydratent.<\/p>\n<\/div>\n<\/div>\n<\/div>\n<\/div>\n<\/div>\n<\/div>\n<\/div>\n","protected":false},"excerpt":{"rendered":"<p>Stick l\u00e8vres 3 actions<\/p>\n","protected":false},"featured_media":194,"template":"","meta":[],"product_brand":[22],"product_cat":[26],"product_tag":[],"class_list":{"0":"post-244","1":"product","2":"type-product","3":"status-publish","4":"has-post-thumbnail","6":"product_brand-thalac","7":"product_cat-levres-et-specifiques","9":"first","10":"instock","11":"taxable","12":"shipping-taxable","13":"purchasable","14":"product-type-simple"},"_links":{"self":[{"href":"https:\/\/ophrysesthetique.com\/index.php?rest_route=\/wp\/v2\/product\/244","targetHints":{"allow":["GET"]}}],"collection":[{"href":"https:\/\/ophrysesthetique.com\/index.php?rest_route=\/wp\/v2\/product"}],"about":[{"href":"https:\/\/ophrysesthetique.com\/index.php?rest_route=\/wp\/v2\/types\/product"}],"wp:featuredmedia":[{"embeddable":true,"href":"https:\/\/ophrysesthetique.com\/index.php?rest_route=\/wp\/v2\/media\/194"}],"wp:attachment":[{"href":"https:\/\/ophrysesthetique.com\/index.php?rest_route=%2Fwp%2Fv2%2Fmedia&parent=244"}],"wp:term":[{"taxonomy":"product_brand","embeddable":true,"href":"https:\/\/ophrysesthetique.com\/index.php?rest_route=%2Fwp%2Fv2%2Fproduct_brand&post=244"},{"taxonomy":"product_cat","embeddable":true,"href":"https:\/\/ophrysesthetique.com\/index.php?rest_route=%2Fwp%2Fv2%2Fproduct_cat&post=244"},{"taxonomy":"product_tag","embeddable":true,"href":"https:\/\/ophrysesthetique.com\/index.php?rest_route=%2Fwp%2Fv2%2Fproduct_tag&post=244"}],"curies":[{"name":"wp","href":"https:\/\/api.w.org\/{rel}","templated":true}]}}