{"id":242,"date":"2025-07-11T15:13:24","date_gmt":"2025-07-11T13:13:24","guid":{"rendered":"http:\/\/ophrys.5.75.177.165.nip.io\/?post_type=product&#038;p=242"},"modified":"2025-07-11T22:17:06","modified_gmt":"2025-07-11T20:17:06","slug":"patchs-anti-poches-anti-rides","status":"publish","type":"product","link":"https:\/\/ophrysesthetique.com\/?product=patchs-anti-poches-anti-rides","title":{"rendered":"Patchs anti-poches, anti-rides"},"content":{"rendered":"<p>Ces patchs anti-poches, anti-rides, \u00e0 action rapide et \u00ab sans rin\u00e7age \u00bb boostent le contour des yeux pour un regard \u00e9clatant en un instant.<\/p>\n<p>&nbsp;<\/p>\n<ul class=\"product__data\">\n<li><strong>Type de peau :\u00a0<\/strong>tous types de peaux<\/li>\n<li><strong>Texture :\u00a0<\/strong>patchs tissu<\/li>\n<li><strong>Utilisation :\u00a0<\/strong>matin et soir<\/li>\n<li><strong>Contenance :\u00a0<\/strong>6 sachets de 2 patchs<\/li>\n<li><strong>Traitement beaut\u00e9 :\u00a0<\/strong>\u00c9tape 5<\/li>\n<\/ul>\n<p><a class=\"etapes\" title=\"Traitement beaut\u00e9 en 6 \u00e9tapes\" href=\"https:\/\/www.thalac.fr\/thalac\/traitement-beaute-en-6-etapes\/\"><img decoding=\"async\" src=\"https:\/\/www.thalac.fr\/app\/themes\/c2f\/assets\/images\/etape_5.svg\" alt=\"D\u00e9couvrir le traitement en 6 \u00e9tapes\" \/><\/a><\/p>\n<p>D\u00e9couvrir le traitement en 6 \u00e9tapes<\/p>\n<h4 class=\"product__actifs\">Les actifs phares<\/h4>\n<div class=\"product__icones\">\n<div class=\"product__icone\">\n<p><img decoding=\"async\" src=\"https:\/\/www.thalac.fr\/app\/uploads\/2021\/10\/algue.svg\" alt=\"Collag\u00e8ne marin pur\" \/><\/p>\n<div class=\"text\">\n<h6>Collag\u00e8ne marin pur<\/h6>\n<p>pr\u00e9vient et att\u00e9nue rides et ridules en redensifiant et en restructurant l\u2019\u00e9piderme<\/p>\n<\/div>\n<\/div>\n<div class=\"product__icone\">\n<p><img decoding=\"async\" src=\"https:\/\/www.thalac.fr\/app\/uploads\/2021\/10\/plante.svg\" alt=\"Extrait Acmella Oleracea\" \/><\/p>\n<div class=\"text\">\n<h6>Extrait Acmella Oleracea<\/h6>\n<p>relaxe et\u00a0d\u00e9tend les muscles responsables des rides d\u2019expression. Action botox-like<\/p>\n<h3>R\u00e9sultats<\/h3>\n<div class=\"results__wrapper\">\n<div class=\"results__content\">\n<p>Les poches sont att\u00e9nu\u00e9es. Le contour de l\u2019\u0153il est liss\u00e9. Le regard est frais et repos\u00e9.<\/p>\n<h3>Composition<\/h3>\n<div class=\"results__wrapper\">\n<div class=\"results__content\">\n<p>Collag\u00e8ne marin pur : pr\u00e9vient et att\u00e9nue rides et ridules en redensifiant et en restructurant l\u2019\u00e9piderme<br \/>\nExtrait Acmella Oleracea Dermo-relaxant v\u00e9g\u00e9tal extrait d\u2019une plante tropicale : relaxe et d\u00e9tend les muscles responsables des rides d\u2019expression. Action botox-like<br \/>\nEau florale de Bleuet : apaise gr\u00e2ce \u00e0 son action anti-inflammatoire<br \/>\nGingko Biloba : active la micro-circulation sanguine, lutte contre les radicaux libres<br \/>\nExtrait de marron d\u2019Inde : veinotonique et anti-inflammatoire<\/p>\n<\/div>\n<\/div>\n<\/div>\n<\/div>\n<\/div>\n<\/div>\n<\/div>\n","protected":false},"excerpt":{"rendered":"<p>Poches att\u00e9nu\u00e9s et contour de l\u2019\u0153il liss\u00e9. Patchs tissu doux.<\/p>\n","protected":false},"featured_media":197,"template":"","meta":[],"product_brand":[22],"product_cat":[26],"product_tag":[],"class_list":{"0":"post-242","1":"product","2":"type-product","3":"status-publish","4":"has-post-thumbnail","6":"product_brand-thalac","7":"product_cat-levres-et-specifiques","9":"first","10":"instock","11":"taxable","12":"shipping-taxable","13":"purchasable","14":"product-type-simple"},"_links":{"self":[{"href":"https:\/\/ophrysesthetique.com\/index.php?rest_route=\/wp\/v2\/product\/242","targetHints":{"allow":["GET"]}}],"collection":[{"href":"https:\/\/ophrysesthetique.com\/index.php?rest_route=\/wp\/v2\/product"}],"about":[{"href":"https:\/\/ophrysesthetique.com\/index.php?rest_route=\/wp\/v2\/types\/product"}],"wp:featuredmedia":[{"embeddable":true,"href":"https:\/\/ophrysesthetique.com\/index.php?rest_route=\/wp\/v2\/media\/197"}],"wp:attachment":[{"href":"https:\/\/ophrysesthetique.com\/index.php?rest_route=%2Fwp%2Fv2%2Fmedia&parent=242"}],"wp:term":[{"taxonomy":"product_brand","embeddable":true,"href":"https:\/\/ophrysesthetique.com\/index.php?rest_route=%2Fwp%2Fv2%2Fproduct_brand&post=242"},{"taxonomy":"product_cat","embeddable":true,"href":"https:\/\/ophrysesthetique.com\/index.php?rest_route=%2Fwp%2Fv2%2Fproduct_cat&post=242"},{"taxonomy":"product_tag","embeddable":true,"href":"https:\/\/ophrysesthetique.com\/index.php?rest_route=%2Fwp%2Fv2%2Fproduct_tag&post=242"}],"curies":[{"name":"wp","href":"https:\/\/api.w.org\/{rel}","templated":true}]}}