{"id":241,"date":"2025-07-11T15:08:22","date_gmt":"2025-07-11T13:08:22","guid":{"rendered":"http:\/\/ophrys.5.75.177.165.nip.io\/?post_type=product&#038;p=241"},"modified":"2025-07-11T22:17:40","modified_gmt":"2025-07-11T20:17:40","slug":"serum-correcteur","status":"publish","type":"product","link":"https:\/\/ophrysesthetique.com\/?product=serum-correcteur","title":{"rendered":"S\u00e9rum Correcteur"},"content":{"rendered":"<p>Ce s\u00e9rum correcteur affine le grain de peau et att\u00e9nue visiblement les imperfections cutan\u00e9es: pores dilat\u00e9s, boutons et points noirs, marques, brillances, rougeurs. Sa formule enrichie en niacinamide et allanto\u00efne combine un effet peeling et apaisant. Sa texture fra\u00eeche et l\u00e9g\u00e8re laisse la peau nette, douce et matifi\u00e9e toute la journ\u00e9e.<\/p>\n<p>&nbsp;<\/p>\n<ul class=\"product__data\">\n<li><strong>Type de peau :\u00a0<\/strong>Peux mixtes \u00e0 grasses<\/li>\n<li><strong>Texture :\u00a0<\/strong>s\u00e9rum<\/li>\n<li><strong>Utilisation :\u00a0<\/strong>matin et soir<\/li>\n<li><strong>Contenance :\u00a0<\/strong>30ml<\/li>\n<li><strong>Traitement beaut\u00e9 :\u00a0<\/strong>\u00c9tape 4<\/li>\n<\/ul>\n<p><a class=\"etapes\" title=\"Traitement beaut\u00e9 en 6 \u00e9tapes\" href=\"https:\/\/www.thalac.fr\/thalac\/traitement-beaute-en-6-etapes\/\"><img decoding=\"async\" src=\"https:\/\/www.thalac.fr\/app\/themes\/c2f\/assets\/images\/etape_4.svg\" alt=\"D\u00e9couvrir le traitement en 6 \u00e9tapes\" \/><\/a><\/p>\n<p>D\u00e9couvrir le traitement en 6 \u00e9tapes<\/p>\n<h4 class=\"product__actifs\">Les actifs phares<\/h4>\n<div class=\"product__icones\">\n<div class=\"product__icone\">\n<p><img decoding=\"async\" src=\"https:\/\/www.thalac.fr\/app\/uploads\/2021\/11\/icn-fruits.svg\" alt=\"AHA\" \/><\/p>\n<div class=\"text\">\n<h6>AHA<\/h6>\n<p>Am\u00e9liore la texture de la peau, att\u00e9nue l\u2019apparence des marques, des taches et booste l\u2019\u00e9clat du teint<\/p>\n<\/div>\n<\/div>\n<div class=\"product__icone\">\n<p><img decoding=\"async\" src=\"https:\/\/www.thalac.fr\/app\/uploads\/2021\/11\/icn-molecule.svg\" alt=\"Niacinamide\" \/><\/p>\n<div class=\"text\">\n<h6>Niacinamide<\/h6>\n<p>Restaure la barri\u00e8re cutan\u00e9e et favorise la cicatrisation. Unifie le teint et lisse le grain de peau.<\/p>\n<p>&nbsp;<\/p>\n<\/div>\n<\/div>\n<\/div>\n","protected":false},"excerpt":{"rendered":"<p>Affine le grain de peau et att\u00e9nue visiblement les imperfections cutan\u00e9es.<\/p>\n","protected":false},"featured_media":210,"template":"","meta":[],"product_brand":[22],"product_cat":[27],"product_tag":[],"class_list":{"0":"post-241","1":"product","2":"type-product","3":"status-publish","4":"has-post-thumbnail","6":"product_brand-thalac","7":"product_cat-serum","9":"first","10":"instock","11":"taxable","12":"shipping-taxable","13":"purchasable","14":"product-type-simple"},"_links":{"self":[{"href":"https:\/\/ophrysesthetique.com\/index.php?rest_route=\/wp\/v2\/product\/241","targetHints":{"allow":["GET"]}}],"collection":[{"href":"https:\/\/ophrysesthetique.com\/index.php?rest_route=\/wp\/v2\/product"}],"about":[{"href":"https:\/\/ophrysesthetique.com\/index.php?rest_route=\/wp\/v2\/types\/product"}],"wp:featuredmedia":[{"embeddable":true,"href":"https:\/\/ophrysesthetique.com\/index.php?rest_route=\/wp\/v2\/media\/210"}],"wp:attachment":[{"href":"https:\/\/ophrysesthetique.com\/index.php?rest_route=%2Fwp%2Fv2%2Fmedia&parent=241"}],"wp:term":[{"taxonomy":"product_brand","embeddable":true,"href":"https:\/\/ophrysesthetique.com\/index.php?rest_route=%2Fwp%2Fv2%2Fproduct_brand&post=241"},{"taxonomy":"product_cat","embeddable":true,"href":"https:\/\/ophrysesthetique.com\/index.php?rest_route=%2Fwp%2Fv2%2Fproduct_cat&post=241"},{"taxonomy":"product_tag","embeddable":true,"href":"https:\/\/ophrysesthetique.com\/index.php?rest_route=%2Fwp%2Fv2%2Fproduct_tag&post=241"}],"curies":[{"name":"wp","href":"https:\/\/api.w.org\/{rel}","templated":true}]}}