{"id":240,"date":"2025-07-11T15:04:27","date_gmt":"2025-07-11T13:04:27","guid":{"rendered":"http:\/\/ophrys.5.75.177.165.nip.io\/?post_type=product&#038;p=240"},"modified":"2025-07-11T22:18:03","modified_gmt":"2025-07-11T20:18:03","slug":"serum-liftant","status":"publish","type":"product","link":"https:\/\/ophrysesthetique.com\/?product=serum-liftant","title":{"rendered":"S\u00e9rum Liftant"},"content":{"rendered":"<p>Utilis\u00e9 sous votre cr\u00e8me de jour habituelle, ce soin anti-\u00e2ge\u00a0complet visage et d\u00e9collet\u00e9, lisse et tonifie . Jour apr\u00e8s jour, votre peau est plus ferme et retendue, comme lift\u00e9e.<\/p>\n<p>&nbsp;<\/p>\n<ul class=\"product__data\">\n<li><strong>Type de peau :\u00a0<\/strong>tous types de peaux<\/li>\n<li><strong>Texture :\u00a0<\/strong>s\u00e9rum<\/li>\n<li><strong>Utilisation :\u00a0<\/strong>matin et\/ou soir, avant la cr\u00e8me de soin.<\/li>\n<li><strong>Contenance :\u00a0<\/strong>30ml<\/li>\n<li><strong>Traitement beaut\u00e9 :\u00a0<\/strong>\u00c9tape 4<\/li>\n<\/ul>\n<p><a class=\"etapes\" title=\"Traitement beaut\u00e9 en 6 \u00e9tapes\" href=\"https:\/\/www.thalac.fr\/thalac\/traitement-beaute-en-6-etapes\/\"><img decoding=\"async\" src=\"https:\/\/www.thalac.fr\/app\/themes\/c2f\/assets\/images\/etape_4.svg\" alt=\"D\u00e9couvrir le traitement en 6 \u00e9tapes\" \/><\/a><\/p>\n<p>D\u00e9couvrir le traitement en 6 \u00e9tapes<\/p>\n<h4 class=\"product__actifs\">Les actifs phares<\/h4>\n<div class=\"product__icones\">\n<div class=\"product__icone\">\n<p><img decoding=\"async\" src=\"https:\/\/www.thalac.fr\/app\/uploads\/2021\/10\/plante.svg\" alt=\"Tenseur v\u00e9g\u00e9tal\" \/><\/p>\n<div class=\"text\">\n<h6>Tenseur v\u00e9g\u00e9tal<\/h6>\n<p>effet tenseur et lissant imm\u00e9diat<\/p>\n<\/div>\n<\/div>\n<div class=\"product__icone\">\n<p><img decoding=\"async\" src=\"https:\/\/www.thalac.fr\/app\/uploads\/2021\/10\/algue.svg\" alt=\"Extrait de\u00a0fucus\" \/><\/p>\n<div class=\"text\">\n<h6>Extrait de\u00a0fucus<\/h6>\n<p>hydratant et remin\u00e9ralisant<\/p>\n<h3>R\u00e9sultats<\/h3>\n<div class=\"results__wrapper\">\n<div class=\"results__content\">\n<p>Peau pleine d\u2019\u00e9nergie, r\u00e9g\u00e9n\u00e9r\u00e9e, liss\u00e9e et lift\u00e9e en douceur.<\/p>\n<h3>Composition<\/h3>\n<div class=\"results__wrapper\">\n<div class=\"results__content\">\n<p>Tenseur v\u00e9g\u00e9tal : effet tenseur et lissant imm\u00e9diat<br \/>\nExtrait de fucus : hydratant et remin\u00e9ralisant<br \/>\nExtrait de Centella Asiatica : hydratant, restructurant, r\u00e9g\u00e9n\u00e9rant, cicatrisant<br \/>\nAcide hyaluronique : hydratant et repulpant intense<br \/>\nExtrait de Bouleau : anti-oxydant, d\u00e9toxifiant, anti-inflammatoire<\/p>\n<\/div>\n<\/div>\n<\/div>\n<\/div>\n<\/div>\n<\/div>\n<\/div>\n","protected":false},"excerpt":{"rendered":"<p>Peau ferme et lift\u00e9e.<\/p>\n","protected":false},"featured_media":209,"template":"","meta":[],"product_brand":[22],"product_cat":[27],"product_tag":[],"class_list":{"0":"post-240","1":"product","2":"type-product","3":"status-publish","4":"has-post-thumbnail","6":"product_brand-thalac","7":"product_cat-serum","9":"first","10":"instock","11":"taxable","12":"shipping-taxable","13":"purchasable","14":"product-type-simple"},"_links":{"self":[{"href":"https:\/\/ophrysesthetique.com\/index.php?rest_route=\/wp\/v2\/product\/240","targetHints":{"allow":["GET"]}}],"collection":[{"href":"https:\/\/ophrysesthetique.com\/index.php?rest_route=\/wp\/v2\/product"}],"about":[{"href":"https:\/\/ophrysesthetique.com\/index.php?rest_route=\/wp\/v2\/types\/product"}],"wp:featuredmedia":[{"embeddable":true,"href":"https:\/\/ophrysesthetique.com\/index.php?rest_route=\/wp\/v2\/media\/209"}],"wp:attachment":[{"href":"https:\/\/ophrysesthetique.com\/index.php?rest_route=%2Fwp%2Fv2%2Fmedia&parent=240"}],"wp:term":[{"taxonomy":"product_brand","embeddable":true,"href":"https:\/\/ophrysesthetique.com\/index.php?rest_route=%2Fwp%2Fv2%2Fproduct_brand&post=240"},{"taxonomy":"product_cat","embeddable":true,"href":"https:\/\/ophrysesthetique.com\/index.php?rest_route=%2Fwp%2Fv2%2Fproduct_cat&post=240"},{"taxonomy":"product_tag","embeddable":true,"href":"https:\/\/ophrysesthetique.com\/index.php?rest_route=%2Fwp%2Fv2%2Fproduct_tag&post=240"}],"curies":[{"name":"wp","href":"https:\/\/api.w.org\/{rel}","templated":true}]}}