{"id":238,"date":"2025-07-10T09:51:05","date_gmt":"2025-07-10T07:51:05","guid":{"rendered":"http:\/\/ophrys.5.75.177.165.nip.io\/?post_type=product&#038;p=238"},"modified":"2025-07-11T22:18:37","modified_gmt":"2025-07-11T20:18:37","slug":"serum-anti-age","status":"publish","type":"product","link":"https:\/\/ophrysesthetique.com\/?product=serum-anti-age","title":{"rendered":"S\u00e9rum Anti-\u00c2ge"},"content":{"rendered":"<p>Utilis\u00e9 sous votre cr\u00e8me de jour habituelle, ce soin complet visage et d\u00e9collet\u00e9, stimule l\u2019activit\u00e9 cellulaire. Jour apr\u00e8s jour, la peau est hydrat\u00e9e et \u00e9clatante, les rides s\u2019estompent.<\/p>\n<p>&nbsp;<\/p>\n<ul class=\"product__data\">\n<li><strong>Type de peau :\u00a0<\/strong>tous types de peaux<\/li>\n<li><strong>Texture :\u00a0<\/strong>s\u00e9rum<\/li>\n<li><strong>Utilisation :\u00a0<\/strong>en cure ou au quotidien. Matin et\/ou soir, avant la cr\u00e8me de soin.<\/li>\n<li><strong>Contenance :\u00a0<\/strong>30ml<\/li>\n<li><strong>Traitement beaut\u00e9 :\u00a0<\/strong>\u00c9tape 4<\/li>\n<\/ul>\n<p><a class=\"etapes\" title=\"Traitement beaut\u00e9 en 6 \u00e9tapes\" href=\"https:\/\/www.thalac.fr\/thalac\/traitement-beaute-en-6-etapes\/\"><img decoding=\"async\" src=\"https:\/\/www.thalac.fr\/app\/themes\/c2f\/assets\/images\/etape_4.svg\" alt=\"D\u00e9couvrir le traitement en 6 \u00e9tapes\" \/><\/a><\/p>\n<p>D\u00e9couvrir le traitement en 6 \u00e9tapes<\/p>\n<h4 class=\"product__actifs\">Les actifs phares<\/h4>\n<div class=\"product__icones\">\n<div class=\"product__icone\">\n<p><img decoding=\"async\" src=\"https:\/\/www.thalac.fr\/app\/uploads\/2021\/11\/icn-poudre.svg\" alt=\"Phylderm v\u00e9g\u00e9tal\" \/><\/p>\n<div class=\"text\">\n<h6>Phylderm v\u00e9g\u00e9tal<\/h6>\n<p>nourrissant et revitalisant.<\/p>\n<\/div>\n<\/div>\n<div class=\"product__icone\">\n<p><img decoding=\"async\" src=\"https:\/\/www.thalac.fr\/app\/uploads\/2021\/10\/algue.svg\" alt=\"Extrait de fucus\" \/><\/p>\n<div class=\"text\">\n<h6>Extrait de fucus<\/h6>\n<p>contribue \u00e0 donner de l&rsquo;\u00e9lasticit\u00e9 aux tissus et \u00e0 limiter leur vieillissement.<\/p>\n<h3>R\u00e9sultats<\/h3>\n<div class=\"results__wrapper\">\n<div class=\"results__content\">\n<p>Peau hydrat\u00e9e, revitalis\u00e9e et lumineuse. Teint unifi\u00e9 et \u00e9clatant.<\/p>\n<h3>Composition<\/h3>\n<div class=\"results__wrapper\">\n<div class=\"results__content\">\n<p>Phylderm v\u00e9g\u00e9tal : nourrissant et revitalisant.<br \/>\nElastine marine : contribue \u00e0 donner de l\u2019\u00e9lasticit\u00e9 aux tissus et \u00e0 limiter leur vieillissement.<br \/>\nExtrait de fucus : hydratant et remin\u00e9ralisant.<br \/>\nCollag\u00e8ne marin : apporte douceur, souplesse et \u00e9lasticit\u00e9 \u00e0 la peau. Active le renouvellement cellulaire.<br \/>\nCalcium : r\u00e9active la coh\u00e9rence entre les cellules et reconstitue profond\u00e9ment l\u2019\u00e9piderme.<\/p>\n<\/div>\n<\/div>\n<\/div>\n<\/div>\n<\/div>\n<\/div>\n<\/div>\n","protected":false},"excerpt":{"rendered":"<p>Peau liss\u00e9e et r\u00e9g\u00e9n\u00e9r\u00e9e. Efficacit\u00e9 anti-\u00e2ge maximale.<\/p>\n","protected":false},"featured_media":211,"template":"","meta":[],"product_brand":[22],"product_cat":[27],"product_tag":[],"class_list":{"0":"post-238","1":"product","2":"type-product","3":"status-publish","4":"has-post-thumbnail","6":"product_brand-thalac","7":"product_cat-serum","9":"first","10":"instock","11":"taxable","12":"shipping-taxable","13":"purchasable","14":"product-type-simple"},"_links":{"self":[{"href":"https:\/\/ophrysesthetique.com\/index.php?rest_route=\/wp\/v2\/product\/238","targetHints":{"allow":["GET"]}}],"collection":[{"href":"https:\/\/ophrysesthetique.com\/index.php?rest_route=\/wp\/v2\/product"}],"about":[{"href":"https:\/\/ophrysesthetique.com\/index.php?rest_route=\/wp\/v2\/types\/product"}],"wp:featuredmedia":[{"embeddable":true,"href":"https:\/\/ophrysesthetique.com\/index.php?rest_route=\/wp\/v2\/media\/211"}],"wp:attachment":[{"href":"https:\/\/ophrysesthetique.com\/index.php?rest_route=%2Fwp%2Fv2%2Fmedia&parent=238"}],"wp:term":[{"taxonomy":"product_brand","embeddable":true,"href":"https:\/\/ophrysesthetique.com\/index.php?rest_route=%2Fwp%2Fv2%2Fproduct_brand&post=238"},{"taxonomy":"product_cat","embeddable":true,"href":"https:\/\/ophrysesthetique.com\/index.php?rest_route=%2Fwp%2Fv2%2Fproduct_cat&post=238"},{"taxonomy":"product_tag","embeddable":true,"href":"https:\/\/ophrysesthetique.com\/index.php?rest_route=%2Fwp%2Fv2%2Fproduct_tag&post=238"}],"curies":[{"name":"wp","href":"https:\/\/api.w.org\/{rel}","templated":true}]}}