{"id":237,"date":"2025-07-10T09:20:56","date_gmt":"2025-07-10T07:20:56","guid":{"rendered":"http:\/\/ophrys.5.75.177.165.nip.io\/?post_type=product&#038;p=237"},"modified":"2025-07-11T22:18:57","modified_gmt":"2025-07-11T20:18:57","slug":"serum-apaisant","status":"publish","type":"product","link":"https:\/\/ophrysesthetique.com\/?product=serum-apaisant","title":{"rendered":"S\u00e9rum Apaisant"},"content":{"rendered":"<p>La texture gel de ce s\u00e9rum apaisant\u00a0r\u00e9conforte imm\u00e9diatement l\u2019\u00e9piderme\u00a0fragilis\u00e9 et l\u2019enveloppe d\u2019un voile apaisant protecteur. Les sensations de tiraillement et d\u2019inconfort sont att\u00e9nu\u00e9es.<\/p>\n<p>&nbsp;<\/p>\n<ul class=\"product__data\">\n<li><strong>Type de peau :\u00a0<\/strong>peaux sensibles &#8211; toutes peaux<\/li>\n<li><strong>Texture :\u00a0<\/strong>gel<\/li>\n<li><strong>Utilisation :\u00a0<\/strong>matin et\/ou soir<\/li>\n<li><strong>Contenance :\u00a0<\/strong>30ml<\/li>\n<li><strong>Traitement beaut\u00e9 :\u00a0<\/strong>\u00c9tape 4<\/li>\n<\/ul>\n<p><a class=\"etapes\" title=\"Traitement beaut\u00e9 en 6 \u00e9tapes\" href=\"https:\/\/www.thalac.fr\/thalac\/traitement-beaute-en-6-etapes\/\"><img decoding=\"async\" src=\"https:\/\/www.thalac.fr\/app\/themes\/c2f\/assets\/images\/etape_4.svg\" alt=\"D\u00e9couvrir le traitement en 6 \u00e9tapes\" \/><\/a><\/p>\n<p>D\u00e9couvrir le traitement en 6 \u00e9tapes<\/p>\n<h4 class=\"product__actifs\">Les actifs phares<\/h4>\n<div class=\"product__icones\">\n<div class=\"product__icone\">\n<p><img decoding=\"async\" src=\"https:\/\/www.thalac.fr\/app\/uploads\/2021\/10\/molecule.svg\" alt=\"S\u00e9picalm\" \/><\/p>\n<div class=\"text\">\n<h6>S\u00e9picalm<\/h6>\n<p>apaisant, protecteur<\/p>\n<\/div>\n<\/div>\n<div class=\"product__icone\">\n<p><img decoding=\"async\" src=\"https:\/\/www.thalac.fr\/app\/uploads\/2021\/11\/icn-fleurs.svg\" alt=\"Extrait\u00a0de camomille\" \/><\/p>\n<div class=\"text\">\n<h6>Extrait\u00a0de camomille<\/h6>\n<p>calmant, r\u00e9confortant, anti-radicalaire<\/p>\n<h3>R\u00e9sultats<\/h3>\n<div class=\"results__wrapper\">\n<div class=\"results__content\">\n<p>Peau apais\u00e9e, fortifi\u00e9e et prot\u00e9g\u00e9e. Douceur et confort retrouv\u00e9s.<\/p>\n<h3>Composition<\/h3>\n<div class=\"results__wrapper\">\n<div class=\"results__content\">\n<p>Extrait de fleurs de n\u00e9nuphars : apaisant, protecteur<br \/>\nExtrait Bocapa monniera : calmant, r\u00e9confortant, anti-radicalaire<br \/>\nExtrait Bleuet : apaisant, rafraichissant, d\u00e9congestionnant<br \/>\nExtrait Camomille : calmant, anti-inflammatoire, r\u00e9\u00e9quilibrant<br \/>\nExtrait Germes de bl\u00e9 : nourrissant, r\u00e9g\u00e9n\u00e9rant<br \/>\nAquaxyl : hydratant longue dur\u00e9e et restructurant d\u2019origine v\u00e9g\u00e9tale<br \/>\nExtrait d\u2019algues bleues : remin\u00e9ralisant, \u00e9nergisant, revitalisant, nourrissant et protecteur<\/p>\n<\/div>\n<\/div>\n<\/div>\n<\/div>\n<\/div>\n<\/div>\n<\/div>\n","protected":false},"excerpt":{"rendered":"<p>Peau apais\u00e9e, soulag\u00e9e. Anti-rougeurs.<\/p>\n","protected":false},"featured_media":195,"template":"","meta":[],"product_brand":[22],"product_cat":[27],"product_tag":[],"class_list":{"0":"post-237","1":"product","2":"type-product","3":"status-publish","4":"has-post-thumbnail","6":"product_brand-thalac","7":"product_cat-serum","9":"first","10":"instock","11":"taxable","12":"shipping-taxable","13":"purchasable","14":"product-type-simple"},"_links":{"self":[{"href":"https:\/\/ophrysesthetique.com\/index.php?rest_route=\/wp\/v2\/product\/237","targetHints":{"allow":["GET"]}}],"collection":[{"href":"https:\/\/ophrysesthetique.com\/index.php?rest_route=\/wp\/v2\/product"}],"about":[{"href":"https:\/\/ophrysesthetique.com\/index.php?rest_route=\/wp\/v2\/types\/product"}],"wp:featuredmedia":[{"embeddable":true,"href":"https:\/\/ophrysesthetique.com\/index.php?rest_route=\/wp\/v2\/media\/195"}],"wp:attachment":[{"href":"https:\/\/ophrysesthetique.com\/index.php?rest_route=%2Fwp%2Fv2%2Fmedia&parent=237"}],"wp:term":[{"taxonomy":"product_brand","embeddable":true,"href":"https:\/\/ophrysesthetique.com\/index.php?rest_route=%2Fwp%2Fv2%2Fproduct_brand&post=237"},{"taxonomy":"product_cat","embeddable":true,"href":"https:\/\/ophrysesthetique.com\/index.php?rest_route=%2Fwp%2Fv2%2Fproduct_cat&post=237"},{"taxonomy":"product_tag","embeddable":true,"href":"https:\/\/ophrysesthetique.com\/index.php?rest_route=%2Fwp%2Fv2%2Fproduct_tag&post=237"}],"curies":[{"name":"wp","href":"https:\/\/api.w.org\/{rel}","templated":true}]}}