{"id":236,"date":"2025-07-10T09:16:12","date_gmt":"2025-07-10T07:16:12","guid":{"rendered":"http:\/\/ophrys.5.75.177.165.nip.io\/?post_type=product&#038;p=236"},"modified":"2025-07-11T22:19:27","modified_gmt":"2025-07-11T20:19:27","slug":"masque-caviar-anti-age","status":"publish","type":"product","link":"https:\/\/ophrysesthetique.com\/?product=masque-caviar-anti-age","title":{"rendered":"Masque Caviar Anti-\u00c2ge"},"content":{"rendered":"<p>Ultra performant, ce masque-cr\u00e8me anti-\u00e2ge g\u00e9n\u00e9reux aux extraits de\u00a0caviar et de\u00a0mauve, contribue \u00e0 lisser les rides, retend les traits,\u00a0apaise les peaux sensibles tout en redonnant douceur et velout\u00e9.<\/p>\n<p>&nbsp;<\/p>\n<ul class=\"product__data\">\n<li><strong>Type de peau :\u00a0<\/strong>tous types de peaux<\/li>\n<li><strong>Texture :\u00a0<\/strong>cr\u00e8me<\/li>\n<li><strong>Utilisation :\u00a0<\/strong>1 \u00e0 2 fois par semaine.<\/li>\n<li><strong>Contenance :\u00a0<\/strong>50ml<\/li>\n<li><strong>Traitement beaut\u00e9 :\u00a0<\/strong>\u00c9tape 3<\/li>\n<\/ul>\n<p><a class=\"etapes\" title=\"Traitement beaut\u00e9 en 6 \u00e9tapes\" href=\"https:\/\/www.thalac.fr\/thalac\/traitement-beaute-en-6-etapes\/\"><img decoding=\"async\" src=\"https:\/\/www.thalac.fr\/app\/themes\/c2f\/assets\/images\/etape_3.svg\" alt=\"D\u00e9couvrir le traitement en 6 \u00e9tapes\" \/><\/a><\/p>\n<p>D\u00e9couvrir le traitement en 6 \u00e9tapes<\/p>\n<h4 class=\"product__actifs\">Les actifs phares<\/h4>\n<div class=\"product__icones\">\n<div class=\"product__icone\">\n<p><img decoding=\"async\" src=\"https:\/\/www.thalac.fr\/app\/uploads\/2021\/10\/microbille.svg\" alt=\"Complexe\u00a0caviar\" \/><\/p>\n<div class=\"text\">\n<h6>Complexe\u00a0caviar<\/h6>\n<p>anti-oxydant, stimule l&rsquo;activit\u00e9 cellulaire et nourrissant.<\/p>\n<\/div>\n<\/div>\n<div class=\"product__icone\">\n<p><img decoding=\"async\" src=\"https:\/\/www.thalac.fr\/app\/uploads\/2021\/10\/fruits.svg\" alt=\"Vitamine E\" \/><\/p>\n<div class=\"text\">\n<h6>Vitamine E<\/h6>\n<p>antiradicalaire, aide \u00e0 maintenir l&rsquo;\u00e9lasticit\u00e9 et l&rsquo;hydratation de la peau.<\/p>\n<h3>R\u00e9sultats<\/h3>\n<div class=\"results__wrapper\">\n<div class=\"results__content\">\n<p>Signes de fatigue estomp\u00e9s. Peau nourrie, revitalis\u00e9e, douce, souple et lumineuse.<\/p>\n<h3>Composition<\/h3>\n<div class=\"results__wrapper\">\n<div class=\"results__content\">\n<p>Coh\u00e9liss bio : restaure la r\u00e9sistance m\u00e9canique de la peau, limite les rides, lissant.<br \/>\nExtrait de mauve : hydratant, anti-oxydant, apaisant et adoucissant.<br \/>\nComplexe caviar : anti-oxydant, stimule l\u2019activit\u00e9 cellulaire et nourrissant.<br \/>\nPhylderm v\u00e9g\u00e9tal : nourrissant et revitalisant.<br \/>\nVitamine E : antiradicalaire, aide \u00e0 maintenir l\u2019\u00e9lasticit\u00e9 et l\u2019hydratation de la peau.<br \/>\nHuile de germes de bl\u00e9 : nourrissant, adoucissant, anti-oxydant et retarde les effets de vieillissement cutan\u00e9.<\/p>\n<\/div>\n<\/div>\n<\/div>\n<\/div>\n<\/div>\n<\/div>\n<\/div>\n","protected":false},"excerpt":{"rendered":"<p>Peaux liss\u00e9e et apais\u00e9e.<\/p>\n","protected":false},"featured_media":199,"template":"","meta":[],"product_brand":[22],"product_cat":[28],"product_tag":[],"class_list":{"0":"post-236","1":"product","2":"type-product","3":"status-publish","4":"has-post-thumbnail","6":"product_brand-thalac","7":"product_cat-masque","9":"first","10":"instock","11":"taxable","12":"shipping-taxable","13":"purchasable","14":"product-type-simple"},"_links":{"self":[{"href":"https:\/\/ophrysesthetique.com\/index.php?rest_route=\/wp\/v2\/product\/236","targetHints":{"allow":["GET"]}}],"collection":[{"href":"https:\/\/ophrysesthetique.com\/index.php?rest_route=\/wp\/v2\/product"}],"about":[{"href":"https:\/\/ophrysesthetique.com\/index.php?rest_route=\/wp\/v2\/types\/product"}],"wp:featuredmedia":[{"embeddable":true,"href":"https:\/\/ophrysesthetique.com\/index.php?rest_route=\/wp\/v2\/media\/199"}],"wp:attachment":[{"href":"https:\/\/ophrysesthetique.com\/index.php?rest_route=%2Fwp%2Fv2%2Fmedia&parent=236"}],"wp:term":[{"taxonomy":"product_brand","embeddable":true,"href":"https:\/\/ophrysesthetique.com\/index.php?rest_route=%2Fwp%2Fv2%2Fproduct_brand&post=236"},{"taxonomy":"product_cat","embeddable":true,"href":"https:\/\/ophrysesthetique.com\/index.php?rest_route=%2Fwp%2Fv2%2Fproduct_cat&post=236"},{"taxonomy":"product_tag","embeddable":true,"href":"https:\/\/ophrysesthetique.com\/index.php?rest_route=%2Fwp%2Fv2%2Fproduct_tag&post=236"}],"curies":[{"name":"wp","href":"https:\/\/api.w.org\/{rel}","templated":true}]}}