{"id":235,"date":"2025-07-10T09:13:38","date_gmt":"2025-07-10T07:13:38","guid":{"rendered":"http:\/\/ophrys.5.75.177.165.nip.io\/?post_type=product&#038;p=235"},"modified":"2025-07-11T22:19:52","modified_gmt":"2025-07-11T20:19:52","slug":"masque-aux-agrumes","status":"publish","type":"product","link":"https:\/\/ophrysesthetique.com\/?product=masque-aux-agrumes","title":{"rendered":"Masque aux agrumes"},"content":{"rendered":"<p>Puret\u00e9, fra\u00eecheur et \u00e9clat des peaux mixtes et grasses. Ce masque gel\u00a0confort purifie, affine le grain de la peau et lui redonne matit\u00e9 et douceur velout\u00e9e.<\/p>\n<p>&nbsp;<\/p>\n<ul class=\"product__data\">\n<li><strong>Type de peau :\u00a0<\/strong>peaux mixtes \u00e0 grasses<\/li>\n<li><strong>Texture :\u00a0<\/strong>Gel<\/li>\n<li><strong>Utilisation :\u00a0<\/strong>1 \u00e0 2 fois par semaine.<\/li>\n<li><strong>Contenance :\u00a0<\/strong>50ml<\/li>\n<li><strong>Traitement beaut\u00e9 :\u00a0<\/strong>\u00c9tape 3<\/li>\n<\/ul>\n<p><a class=\"etapes\" title=\"Traitement beaut\u00e9 en 6 \u00e9tapes\" href=\"https:\/\/www.thalac.fr\/thalac\/traitement-beaute-en-6-etapes\/\"><img decoding=\"async\" src=\"https:\/\/www.thalac.fr\/app\/themes\/c2f\/assets\/images\/etape_3.svg\" alt=\"D\u00e9couvrir le traitement en 6 \u00e9tapes\" \/><\/a><\/p>\n<p>D\u00e9couvrir le traitement en 6 \u00e9tapes<\/p>\n<h4 class=\"product__actifs\">Les actifs phares<\/h4>\n<div class=\"product__icones\">\n<div class=\"product__icone\">\n<p><img decoding=\"async\" src=\"https:\/\/www.thalac.fr\/app\/uploads\/2021\/10\/fruits.svg\" alt=\"Extrait concombre, orange et citron\" \/><\/p>\n<div class=\"text\">\n<h6>Extrait concombre, orange et citron<\/h6>\n<p>hydratant, \u00e9claircissant, r\u00e9g\u00e9n\u00e9rant et adoucissant.<\/p>\n<\/div>\n<\/div>\n<div class=\"product__icone\">\n<p><img decoding=\"async\" src=\"https:\/\/www.thalac.fr\/app\/uploads\/2021\/10\/algue.svg\" alt=\"Extrait de fucus\" \/><\/p>\n<div class=\"text\">\n<h6>Extrait de fucus<\/h6>\n<p>antiseptique et calmant.<\/p>\n<\/div>\n<h3>R\u00e9sultats<\/h3>\n<div class=\"results__wrapper\">\n<div class=\"results__content\">\n<p>Epiderme purifi\u00e9. Peau nette, douce et lumineuse. Grain de peau affin\u00e9.<\/p>\n<h3>Composition<\/h3>\n<div class=\"results__wrapper\">\n<div class=\"results__content\">\n<p>Huile essentielle de concombre : hydratante, \u00e9claircissante, r\u00e9g\u00e9n\u00e9rante et adoucissante.<br \/>\nExtrait d\u2019orange : antiseptique et calmant.<br \/>\nExtrait de citron : antiseptique et tonifiant.<br \/>\nAc net : normalisant, purifiant, r\u00e9gulateur des s\u00e9cr\u00e9tions s\u00e9bac\u00e9es.<br \/>\nExtrait de fucus : hydratant et remin\u00e9ralisant.<\/p>\n<\/div>\n<\/div>\n<\/div>\n<\/div>\n<\/div>\n<\/div>\n","protected":false},"excerpt":{"rendered":"<p>Ce masque purifie, affine le grain de la peau et lui redonne matit\u00e9 et fra\u00eecheur.<\/p>\n","protected":false},"featured_media":207,"template":"","meta":[],"product_brand":[22],"product_cat":[28],"product_tag":[],"class_list":{"0":"post-235","1":"product","2":"type-product","3":"status-publish","4":"has-post-thumbnail","6":"product_brand-thalac","7":"product_cat-masque","9":"first","10":"instock","11":"taxable","12":"shipping-taxable","13":"purchasable","14":"product-type-simple"},"_links":{"self":[{"href":"https:\/\/ophrysesthetique.com\/index.php?rest_route=\/wp\/v2\/product\/235","targetHints":{"allow":["GET"]}}],"collection":[{"href":"https:\/\/ophrysesthetique.com\/index.php?rest_route=\/wp\/v2\/product"}],"about":[{"href":"https:\/\/ophrysesthetique.com\/index.php?rest_route=\/wp\/v2\/types\/product"}],"wp:featuredmedia":[{"embeddable":true,"href":"https:\/\/ophrysesthetique.com\/index.php?rest_route=\/wp\/v2\/media\/207"}],"wp:attachment":[{"href":"https:\/\/ophrysesthetique.com\/index.php?rest_route=%2Fwp%2Fv2%2Fmedia&parent=235"}],"wp:term":[{"taxonomy":"product_brand","embeddable":true,"href":"https:\/\/ophrysesthetique.com\/index.php?rest_route=%2Fwp%2Fv2%2Fproduct_brand&post=235"},{"taxonomy":"product_cat","embeddable":true,"href":"https:\/\/ophrysesthetique.com\/index.php?rest_route=%2Fwp%2Fv2%2Fproduct_cat&post=235"},{"taxonomy":"product_tag","embeddable":true,"href":"https:\/\/ophrysesthetique.com\/index.php?rest_route=%2Fwp%2Fv2%2Fproduct_tag&post=235"}],"curies":[{"name":"wp","href":"https:\/\/api.w.org\/{rel}","templated":true}]}}