{"id":234,"date":"2025-07-10T09:10:53","date_gmt":"2025-07-10T07:10:53","guid":{"rendered":"http:\/\/ophrys.5.75.177.165.nip.io\/?post_type=product&#038;p=234"},"modified":"2025-07-11T22:20:16","modified_gmt":"2025-07-11T20:20:16","slug":"hydra-masque-tissu","status":"publish","type":"product","link":"https:\/\/ophrysesthetique.com\/?product=hydra-masque-tissu","title":{"rendered":"Hydra Masque Tissu"},"content":{"rendered":"<p>Ce masque en tissu doux, pr\u00eat \u00e0 l\u2019emploi et enrichit d\u2019un complexe de 3 acides hyaluroniques assure une hydratation en profondeur de la peau. Les sucres v\u00e9g\u00e9taux, l\u2019ur\u00e9e et le beurre de karit\u00e9 compl\u00e8tent son action hydratante pour une peau intens\u00e9ment nourrie.<\/p>\n<p>&nbsp;<\/p>\n<ul class=\"product__data\">\n<li><strong>Type de peau :\u00a0<\/strong>tous types de peaux<\/li>\n<li><strong>Texture :\u00a0<\/strong>masque Tissu<\/li>\n<li><strong>Utilisation :\u00a0<\/strong>1 fois par semaine. En cure : appliquer 2 fois par semaine, pendant 3 semaines.<\/li>\n<li><strong>Contenance :\u00a0<\/strong>Sachet 25g<\/li>\n<li><strong>Traitement beaut\u00e9 :\u00a0<\/strong>\u00c9tape 3<\/li>\n<\/ul>\n<p><a class=\"etapes\" title=\"Traitement beaut\u00e9 en 6 \u00e9tapes\" href=\"https:\/\/www.thalac.fr\/thalac\/traitement-beaute-en-6-etapes\/\"><img decoding=\"async\" src=\"https:\/\/www.thalac.fr\/app\/themes\/c2f\/assets\/images\/etape_3.svg\" alt=\"D\u00e9couvrir le traitement en 6 \u00e9tapes\" \/><\/a><\/p>\n<p>D\u00e9couvrir le traitement en 6 \u00e9tapes<\/p>\n<h4 class=\"product__actifs\">Les actifs phares<\/h4>\n<div class=\"product__icones\">\n<div class=\"product__icone\">\n<p><img decoding=\"async\" src=\"https:\/\/www.thalac.fr\/app\/uploads\/2021\/10\/eau.svg\" alt=\"Complexe de 3 acides hyaluroniques\" \/><\/p>\n<div class=\"text\">\n<h6>Complexe de 3 acides hyaluroniques<\/h6>\n<p>assure une hydratation.<\/p>\n<\/div>\n<\/div>\n<div class=\"product__icone\">\n<p><img decoding=\"async\" src=\"https:\/\/www.thalac.fr\/app\/uploads\/2021\/11\/icn-cristal.svg\" alt=\"Sucres v\u00e9g\u00e9taux\" \/><\/p>\n<div class=\"text\">\n<h6>Sucres v\u00e9g\u00e9taux<\/h6>\n<p>augmentent les r\u00e9serves en eau de la peau<\/p>\n<h3>R\u00e9sultats<\/h3>\n<div class=\"results__wrapper\">\n<div class=\"results__content\">\n<p>Peau intens\u00e9ment hydrat\u00e9e.<\/p>\n<h3>Composition<\/h3>\n<div class=\"results__wrapper\">\n<div class=\"results__content\">\n<p>Complexe de 3 acides hyaluroniques (bas, moyen et haut poids mol\u00e9culaire) : assure une hydratation<br \/>\nSucres v\u00e9g\u00e9taux : augmentent les r\u00e9serves en eau de la peau<br \/>\nUr\u00e9e : retient l\u2019eau au sein des cellules<br \/>\nBeurre de karit\u00e9 : nourrit<\/p>\n<\/div>\n<\/div>\n<\/div>\n<\/div>\n<\/div>\n<\/div>\n<\/div>\n","protected":false},"excerpt":{"rendered":"<p>Peau intens\u00e9ment et durablement hydrat\u00e9e.<\/p>\n","protected":false},"featured_media":201,"template":"","meta":[],"product_brand":[22],"product_cat":[28],"product_tag":[],"class_list":{"0":"post-234","1":"product","2":"type-product","3":"status-publish","4":"has-post-thumbnail","6":"product_brand-thalac","7":"product_cat-masque","9":"first","10":"instock","11":"taxable","12":"shipping-taxable","13":"purchasable","14":"product-type-simple"},"_links":{"self":[{"href":"https:\/\/ophrysesthetique.com\/index.php?rest_route=\/wp\/v2\/product\/234","targetHints":{"allow":["GET"]}}],"collection":[{"href":"https:\/\/ophrysesthetique.com\/index.php?rest_route=\/wp\/v2\/product"}],"about":[{"href":"https:\/\/ophrysesthetique.com\/index.php?rest_route=\/wp\/v2\/types\/product"}],"wp:featuredmedia":[{"embeddable":true,"href":"https:\/\/ophrysesthetique.com\/index.php?rest_route=\/wp\/v2\/media\/201"}],"wp:attachment":[{"href":"https:\/\/ophrysesthetique.com\/index.php?rest_route=%2Fwp%2Fv2%2Fmedia&parent=234"}],"wp:term":[{"taxonomy":"product_brand","embeddable":true,"href":"https:\/\/ophrysesthetique.com\/index.php?rest_route=%2Fwp%2Fv2%2Fproduct_brand&post=234"},{"taxonomy":"product_cat","embeddable":true,"href":"https:\/\/ophrysesthetique.com\/index.php?rest_route=%2Fwp%2Fv2%2Fproduct_cat&post=234"},{"taxonomy":"product_tag","embeddable":true,"href":"https:\/\/ophrysesthetique.com\/index.php?rest_route=%2Fwp%2Fv2%2Fproduct_tag&post=234"}],"curies":[{"name":"wp","href":"https:\/\/api.w.org\/{rel}","templated":true}]}}