{"id":233,"date":"2025-07-10T09:07:58","date_gmt":"2025-07-10T07:07:58","guid":{"rendered":"http:\/\/ophrys.5.75.177.165.nip.io\/?post_type=product&#038;p=233"},"modified":"2025-07-11T22:20:43","modified_gmt":"2025-07-11T20:20:43","slug":"bubble-masque-tissu","status":"publish","type":"product","link":"https:\/\/ophrysesthetique.com\/?product=bubble-masque-tissu","title":{"rendered":"Bubble Masque Tissu"},"content":{"rendered":"<p>Ce masque en tissu doux, pr\u00eat \u00e0 l\u2019emploi, forme une fiche couche de mousse dense sur votre peau. Formul\u00e9 \u00e0 base de charbon noir, d\u2019Allanto\u00efne, d\u2019acide de fruit et d\u2019hydrolat de fleur d\u2019oranger, la peau est oxyg\u00e9n\u00e9e, r\u00e9g\u00e9n\u00e9r\u00e9e, et le grain de peau est affin\u00e9.<\/p>\n<p>&nbsp;<\/p>\n<ul class=\"product__data\">\n<li><strong>Type de peau :\u00a0<\/strong>tous types de peaux<\/li>\n<li><strong>Texture :\u00a0<\/strong>Mousse<\/li>\n<li><strong>Utilisation :\u00a0<\/strong>1 \u00e0 2 fois par semaine.<\/li>\n<li><strong>Contenance :\u00a0<\/strong>Sachet 20ml<\/li>\n<li><strong>Traitement beaut\u00e9 :\u00a0<\/strong>\u00c9tape 3<\/li>\n<\/ul>\n<p><a class=\"etapes\" title=\"Traitement beaut\u00e9 en 6 \u00e9tapes\" href=\"https:\/\/www.thalac.fr\/thalac\/traitement-beaute-en-6-etapes\/\"><img decoding=\"async\" src=\"https:\/\/www.thalac.fr\/app\/themes\/c2f\/assets\/images\/etape_3.svg\" alt=\"D\u00e9couvrir le traitement en 6 \u00e9tapes\" \/><\/a><\/p>\n<p>D\u00e9couvrir le traitement en 6 \u00e9tapes<\/p>\n<h4 class=\"product__actifs\">Les actifs phares<\/h4>\n<div class=\"product__icones\">\n<div class=\"product__icone\">\n<p><img decoding=\"async\" src=\"https:\/\/www.thalac.fr\/app\/uploads\/2021\/11\/icn-poudre.svg\" alt=\"Oxyg\u00e8ne actif et charbon\u00a0noir\" \/><\/p>\n<div class=\"text\">\n<h6>Oxyg\u00e8ne actif et charbon\u00a0noir<\/h6>\n<p>Favorise l\u2019oxyg\u00e9nation de la peau<\/p>\n<\/div>\n<\/div>\n<div class=\"product__icone\">\n<p><img decoding=\"async\" src=\"https:\/\/www.thalac.fr\/app\/uploads\/2021\/10\/fruits.svg\" alt=\"Acide de fruits\" \/><\/p>\n<div class=\"text\">\n<h6>Acide de fruits<\/h6>\n<p>R\u00e9g\u00e9n\u00e9ration de la peau<\/p>\n<\/div>\n<h3>R\u00e9sultats<\/h3>\n<div class=\"results__wrapper\">\n<div class=\"results__content\">\n<p>Peau d\u00e9toxifi\u00e9e, oxyg\u00e9n\u00e9e<\/p>\n<h3>Composition<\/h3>\n<div class=\"results__wrapper\">\n<div class=\"results__content\">\n<p>Oxyg\u00e8ne actif et charbon noir : favorise l\u2019oxyg\u00e9nation de la peau<br \/>\nAllanto\u00efne : r\u00e9g\u00e9n\u00e9ration de la peau<br \/>\nAcide de fruits : \u00e9clat et grain de peau affin\u00e9<br \/>\nHydrolat de fleurs d\u2019oranger : propri\u00e9t\u00e9s tonifiantes et revitalisantes<\/p>\n<\/div>\n<\/div>\n<\/div>\n<\/div>\n<\/div>\n<\/div>\n","protected":false},"excerpt":{"rendered":"<p>Peau d\u00e9toxifi\u00e9e, oxyg\u00e9n\u00e9e.<\/p>\n","protected":false},"featured_media":206,"template":"","meta":[],"product_brand":[22],"product_cat":[28],"product_tag":[],"class_list":{"0":"post-233","1":"product","2":"type-product","3":"status-publish","4":"has-post-thumbnail","6":"product_brand-thalac","7":"product_cat-masque","9":"first","10":"instock","11":"taxable","12":"shipping-taxable","13":"purchasable","14":"product-type-simple"},"_links":{"self":[{"href":"https:\/\/ophrysesthetique.com\/index.php?rest_route=\/wp\/v2\/product\/233","targetHints":{"allow":["GET"]}}],"collection":[{"href":"https:\/\/ophrysesthetique.com\/index.php?rest_route=\/wp\/v2\/product"}],"about":[{"href":"https:\/\/ophrysesthetique.com\/index.php?rest_route=\/wp\/v2\/types\/product"}],"wp:featuredmedia":[{"embeddable":true,"href":"https:\/\/ophrysesthetique.com\/index.php?rest_route=\/wp\/v2\/media\/206"}],"wp:attachment":[{"href":"https:\/\/ophrysesthetique.com\/index.php?rest_route=%2Fwp%2Fv2%2Fmedia&parent=233"}],"wp:term":[{"taxonomy":"product_brand","embeddable":true,"href":"https:\/\/ophrysesthetique.com\/index.php?rest_route=%2Fwp%2Fv2%2Fproduct_brand&post=233"},{"taxonomy":"product_cat","embeddable":true,"href":"https:\/\/ophrysesthetique.com\/index.php?rest_route=%2Fwp%2Fv2%2Fproduct_cat&post=233"},{"taxonomy":"product_tag","embeddable":true,"href":"https:\/\/ophrysesthetique.com\/index.php?rest_route=%2Fwp%2Fv2%2Fproduct_tag&post=233"}],"curies":[{"name":"wp","href":"https:\/\/api.w.org\/{rel}","templated":true}]}}