{"id":231,"date":"2025-07-09T21:37:50","date_gmt":"2025-07-09T19:37:50","guid":{"rendered":"http:\/\/ophrys.5.75.177.165.nip.io\/?post_type=product&#038;p=231"},"modified":"2025-07-11T22:21:16","modified_gmt":"2025-07-11T20:21:16","slug":"masque-tissu-anti-age","status":"publish","type":"product","link":"https:\/\/ophrysesthetique.com\/?product=masque-tissu-anti-age","title":{"rendered":"Masque Tissu Anti-\u00e2ge"},"content":{"rendered":"<p>Masque tissu doux, pr\u00eat \u00e0 l\u2019emploi, imbib\u00e9 d\u2019un gel riche en actifs aux propri\u00e9t\u00e9s anti-\u00e2ge. Le Collag\u00e8ne marin pr\u00e9vient l\u2019apparition des rides et ridules, tandis qu\u2019un dermo-tenseur v\u00e9g\u00e9tal lisse la peau pour un effet tenseur et raffermissant.<br \/>\nProduit cosm\u00e9tique pouvant \u00eatre recommand\u00e9 en compl\u00e9ment de soins esth\u00e9tiques ou dermatologiques. Demandez conseil \u00e0 votre dermatologue ou m\u00e9decin-esth\u00e9tique.<\/p>\n<p>&nbsp;<\/p>\n<ul class=\"product__data\">\n<li><strong>Type de peau :\u00a0<\/strong>tous types de peaux<\/li>\n<li><strong>Texture :\u00a0<\/strong>patchs tissu<\/li>\n<li><strong>Utilisation :\u00a0<\/strong>en cure : 1 fois\/jour pendant 6 \u00e0 12 jours. En entretien : 1 fois\/semaine tout au long de l\u2019ann\u00e9e. En coup d\u2019\u00e9clat : ponctuellement, pour rafra\u00eechir le regard<\/li>\n<li><strong>Contenance :\u00a0<\/strong>sachet 40g<\/li>\n<li><strong>Traitement beaut\u00e9 :\u00a0<\/strong>\u00c9tape 3<\/li>\n<\/ul>\n<p><a class=\"etapes\" title=\"Traitement beaut\u00e9 en 6 \u00e9tapes\" href=\"https:\/\/www.thalac.fr\/thalac\/traitement-beaute-en-6-etapes\/\"><img decoding=\"async\" src=\"https:\/\/www.thalac.fr\/app\/themes\/c2f\/assets\/images\/etape_3.svg\" alt=\"D\u00e9couvrir le traitement en 6 \u00e9tapes\" \/><\/a><\/p>\n<p>D\u00e9couvrir le traitement en 6 \u00e9tapes<\/p>\n<h4 class=\"product__actifs\">Les actifs phares<\/h4>\n<div class=\"product__icones\">\n<div class=\"product__icone\">\n<p><img decoding=\"async\" src=\"https:\/\/www.thalac.fr\/app\/uploads\/2021\/10\/eau.svg\" alt=\"Collag\u00e8ne marin\" \/><\/p>\n<div class=\"text\">\n<h6>Collag\u00e8ne marin<\/h6>\n<p>pr\u00e9vient l\u2019apparition des rides et ridules<\/p>\n<\/div>\n<\/div>\n<div class=\"product__icone\">\n<p><img decoding=\"async\" src=\"https:\/\/www.thalac.fr\/app\/uploads\/2021\/10\/plante.svg\" alt=\"Dermo-tenseur v\u00e9g\u00e9tal\" \/><\/p>\n<div class=\"text\">\n<h6>Dermo-tenseur v\u00e9g\u00e9tal<\/h6>\n<p>lisse la peau pour un effet tenseur et raffermissant<\/p>\n<h3>R\u00e9sultats<\/h3>\n<div class=\"results__wrapper\">\n<div class=\"results__content\">\n<p>Efficace d\u00e8s la premi\u00e8re utilisation. La peau para\u00eet plus jeune, plus ferme et les rides sont liss\u00e9es.<\/p>\n<h3>Composition<\/h3>\n<div class=\"results__wrapper\">\n<div class=\"results__content\">\n<p>Collag\u00e8ne marin : pr\u00e9vient l\u2019apparition des rides et ridules<br \/>\nDermo-tenseur v\u00e9g\u00e9tal : lisse la peau pour un effet tenseur et raffermissant<br \/>\nExtrait de bourgeons : r\u00e9g\u00e9n\u00e8re et hydrate imm\u00e9diatement et durablement<\/p>\n<\/div>\n<\/div>\n<\/div>\n<\/div>\n<\/div>\n<\/div>\n<\/div>\n","protected":false},"excerpt":{"rendered":"<p>Peau liss\u00e9e et ferme. Visage &amp; cou.<br \/>\nPr\u00eat \u00e0 l&#8217;emploi.<\/p>\n","protected":false},"featured_media":198,"template":"","meta":[],"product_brand":[22],"product_cat":[28],"product_tag":[],"class_list":{"0":"post-231","1":"product","2":"type-product","3":"status-publish","4":"has-post-thumbnail","6":"product_brand-thalac","7":"product_cat-masque","9":"first","10":"instock","11":"taxable","12":"shipping-taxable","13":"purchasable","14":"product-type-simple"},"_links":{"self":[{"href":"https:\/\/ophrysesthetique.com\/index.php?rest_route=\/wp\/v2\/product\/231","targetHints":{"allow":["GET"]}}],"collection":[{"href":"https:\/\/ophrysesthetique.com\/index.php?rest_route=\/wp\/v2\/product"}],"about":[{"href":"https:\/\/ophrysesthetique.com\/index.php?rest_route=\/wp\/v2\/types\/product"}],"wp:featuredmedia":[{"embeddable":true,"href":"https:\/\/ophrysesthetique.com\/index.php?rest_route=\/wp\/v2\/media\/198"}],"wp:attachment":[{"href":"https:\/\/ophrysesthetique.com\/index.php?rest_route=%2Fwp%2Fv2%2Fmedia&parent=231"}],"wp:term":[{"taxonomy":"product_brand","embeddable":true,"href":"https:\/\/ophrysesthetique.com\/index.php?rest_route=%2Fwp%2Fv2%2Fproduct_brand&post=231"},{"taxonomy":"product_cat","embeddable":true,"href":"https:\/\/ophrysesthetique.com\/index.php?rest_route=%2Fwp%2Fv2%2Fproduct_cat&post=231"},{"taxonomy":"product_tag","embeddable":true,"href":"https:\/\/ophrysesthetique.com\/index.php?rest_route=%2Fwp%2Fv2%2Fproduct_tag&post=231"}],"curies":[{"name":"wp","href":"https:\/\/api.w.org\/{rel}","templated":true}]}}