{"id":230,"date":"2025-07-09T21:34:16","date_gmt":"2025-07-09T19:34:16","guid":{"rendered":"http:\/\/ophrys.5.75.177.165.nip.io\/?post_type=product&#038;p=230"},"modified":"2025-07-11T22:22:06","modified_gmt":"2025-07-11T20:22:06","slug":"gommage-douceur-marin","status":"publish","type":"product","link":"https:\/\/ophrysesthetique.com\/?product=gommage-douceur-marin","title":{"rendered":"Gommage Douceur Marin"},"content":{"rendered":"<p>Ce gommage doux sans micro grains \u00e9limine les cellules mortes et les impuret\u00e9s tout en revitalisant et prot\u00e9geant la peau. Les poudres de tapioca et de riz gomment d\u00e9licatement le grain de la peau tandis que l\u2019extrait de fucus d\u00e9toxifie et revitalise l\u2019\u00e9piderme.<\/p>\n<p>&nbsp;<\/p>\n<ul class=\"product__data\">\n<li><strong>Type de peau :\u00a0<\/strong>Tous types de peaux<\/li>\n<li><strong>Texture :\u00a0<\/strong>Cr\u00e8me sans micro-grains<\/li>\n<li><strong>Utilisation :\u00a0<\/strong>1 \u00e0 2 fois par semaine<\/li>\n<li><strong>Contenance :\u00a0<\/strong>50ml<\/li>\n<li><strong>Traitement beaut\u00e9 :\u00a0<\/strong>\u00c9tape 2<\/li>\n<\/ul>\n<p><a class=\"etapes\" title=\"Traitement beaut\u00e9 en 6 \u00e9tapes\" href=\"https:\/\/www.thalac.fr\/thalac\/traitement-beaute-en-6-etapes\/\"><img decoding=\"async\" src=\"https:\/\/www.thalac.fr\/app\/themes\/c2f\/assets\/images\/etape_2.svg\" alt=\"D\u00e9couvrir le traitement en 6 \u00e9tapes\" \/><\/a><\/p>\n<p>D\u00e9couvrir le traitement en 6 \u00e9tapes<\/p>\n<h4 class=\"product__actifs\">Les actifs phares<\/h4>\n<div class=\"product__icones\">\n<div class=\"product__icone\">\n<p><img decoding=\"async\" src=\"https:\/\/www.thalac.fr\/app\/uploads\/2021\/11\/icn-fleurs.svg\" alt=\"Extrait de bleuet\" \/><\/p>\n<div class=\"text\">\n<h6>Extrait de bleuet<\/h6>\n<p>Apaise et r\u00e9g\u00e9n\u00e8re<\/p>\n<\/div>\n<\/div>\n<div class=\"product__icone\">\n<p><img decoding=\"async\" src=\"https:\/\/www.thalac.fr\/app\/uploads\/2021\/11\/icn-algue.svg\" alt=\"Extrait de fucus \" \/><\/p>\n<div class=\"text\">\n<h6>Extrait de fucus<\/h6>\n<p>Hydrate et adoucit<\/p>\n<\/div>\n<h3>R\u00e9sultats<\/h3>\n<div class=\"results__wrapper\">\n<div class=\"results__content\">\n<p>Les pores obstru\u00e9s sont lib\u00e9r\u00e9s. Le teint est plus lumineux et la peau plus nette, douce et \u00e9clatante.<\/p>\n<\/div>\n<h3>Composition<\/h3>\n<div class=\"results__wrapper\">\n<div class=\"results__content\">\n<p>Extrait de bleuet : apaisant, r\u00e9g\u00e9n\u00e9rant<\/p>\n<p>Extrait de fucus : hydratant, adoucissant<\/p>\n<\/div>\n<\/div>\n<\/div>\n<\/div>\n<\/div>\n","protected":false},"excerpt":{"rendered":"<p>Ce gommage doux sans micro grains \u00e9limine les cellules mortes et les impuret\u00e9s tout en revitalisant et prot\u00e9geant la peau.<\/p>\n","protected":false},"featured_media":216,"template":"","meta":[],"product_brand":[22],"product_cat":[29],"product_tag":[],"class_list":{"0":"post-230","1":"product","2":"type-product","3":"status-publish","4":"has-post-thumbnail","6":"product_brand-thalac","7":"product_cat-soin-exfoliants","9":"first","10":"instock","11":"taxable","12":"shipping-taxable","13":"purchasable","14":"product-type-simple"},"_links":{"self":[{"href":"https:\/\/ophrysesthetique.com\/index.php?rest_route=\/wp\/v2\/product\/230","targetHints":{"allow":["GET"]}}],"collection":[{"href":"https:\/\/ophrysesthetique.com\/index.php?rest_route=\/wp\/v2\/product"}],"about":[{"href":"https:\/\/ophrysesthetique.com\/index.php?rest_route=\/wp\/v2\/types\/product"}],"wp:featuredmedia":[{"embeddable":true,"href":"https:\/\/ophrysesthetique.com\/index.php?rest_route=\/wp\/v2\/media\/216"}],"wp:attachment":[{"href":"https:\/\/ophrysesthetique.com\/index.php?rest_route=%2Fwp%2Fv2%2Fmedia&parent=230"}],"wp:term":[{"taxonomy":"product_brand","embeddable":true,"href":"https:\/\/ophrysesthetique.com\/index.php?rest_route=%2Fwp%2Fv2%2Fproduct_brand&post=230"},{"taxonomy":"product_cat","embeddable":true,"href":"https:\/\/ophrysesthetique.com\/index.php?rest_route=%2Fwp%2Fv2%2Fproduct_cat&post=230"},{"taxonomy":"product_tag","embeddable":true,"href":"https:\/\/ophrysesthetique.com\/index.php?rest_route=%2Fwp%2Fv2%2Fproduct_tag&post=230"}],"curies":[{"name":"wp","href":"https:\/\/api.w.org\/{rel}","templated":true}]}}