{"id":192,"date":"2025-07-09T21:04:27","date_gmt":"2025-07-09T19:04:27","guid":{"rendered":"http:\/\/ophrys.5.75.177.165.nip.io\/?post_type=product&#038;p=192"},"modified":"2025-07-11T22:24:59","modified_gmt":"2025-07-11T20:24:59","slug":"gel-nettoyant-purifiant","status":"publish","type":"product","link":"https:\/\/ophrysesthetique.com\/?product=gel-nettoyant-purifiant","title":{"rendered":"Gel nettoyant Purifiant"},"content":{"rendered":"<p>Au contact de l\u2019eau, ce gel se transforme en une mousse onctueuse pour nettoyer le visage. Il laisse la peau nette, saine, irr\u00e9prochable.<\/p>\n<p>&nbsp;<\/p>\n<ul class=\"product__data\">\n<li><strong>Type de peau :\u00a0<\/strong>peaux mixtes<\/li>\n<li><strong>Texture :\u00a0<\/strong>gel moussant<\/li>\n<li><strong>Utilisation :\u00a0<\/strong>matin et\/ou soir<\/li>\n<li><strong>Contenance :\u00a0<\/strong>200ml<\/li>\n<li><strong>Traitement beaut\u00e9 :\u00a0<\/strong>\u00c9tape 1<\/li>\n<\/ul>\n<p><a class=\"etapes\" title=\"Traitement beaut\u00e9 en 6 \u00e9tapes\" href=\"https:\/\/www.thalac.fr\/thalac\/traitement-beaute-en-6-etapes\/\"><img decoding=\"async\" src=\"https:\/\/www.thalac.fr\/app\/themes\/c2f\/assets\/images\/etape_1.svg\" alt=\"D\u00e9couvrir le traitement en 6 \u00e9tapes\" \/><\/a><\/p>\n<p>D\u00e9couvrir le traitement en 6 \u00e9tapes<\/p>\n<h4 class=\"product__actifs\">Les actifs phares<\/h4>\n<div class=\"product__icones\">\n<div class=\"product__icone\">\n<p><img decoding=\"async\" src=\"https:\/\/www.thalac.fr\/app\/uploads\/2021\/10\/molecule.svg\" alt=\"Givobio Zn\" \/><\/p>\n<div class=\"text\">\n<h6>Givobio Zn<\/h6>\n<p>normalisant, apaisant, r\u00e9gulateur des s\u00e9cr\u00e9tions s\u00e9bac\u00e9es.<\/p>\n<\/div>\n<\/div>\n<div class=\"product__icone\">\n<h3>R\u00e9sultats<\/h3>\n<div class=\"results__wrapper\">\n<div class=\"results__content\">\n<p>Maquillage et impuret\u00e9s \u00e9limin\u00e9s.<br \/>\nLa peau est pr\u00eate \u00e0 recevoir les soins compl\u00e9mentaires<\/p>\n<h3>Composition<\/h3>\n<div class=\"results__wrapper\">\n<div class=\"results__content\">\n<p>Givobio : normalisant, apaisant, r\u00e9gulateur des s\u00e9cr\u00e9tions s\u00e9bac\u00e9es.<\/p>\n<\/div>\n<\/div>\n<\/div>\n<\/div>\n<div class=\"text\">\n<p>&nbsp;<\/p>\n<\/div>\n<\/div>\n<\/div>\n","protected":false},"excerpt":{"rendered":"<p>Doux, sans savon. Peaux mixtes \u00e0 grasses. N\u00e9cessite un rin\u00e7age.<\/p>\n","protected":false},"featured_media":203,"template":"","meta":[],"product_brand":[22],"product_cat":[30],"product_tag":[],"class_list":{"0":"post-192","1":"product","2":"type-product","3":"status-publish","4":"has-post-thumbnail","6":"product_brand-thalac","7":"product_cat-nettoyants-et-demaquillants","9":"first","10":"instock","11":"taxable","12":"shipping-taxable","13":"purchasable","14":"product-type-simple"},"_links":{"self":[{"href":"https:\/\/ophrysesthetique.com\/index.php?rest_route=\/wp\/v2\/product\/192","targetHints":{"allow":["GET"]}}],"collection":[{"href":"https:\/\/ophrysesthetique.com\/index.php?rest_route=\/wp\/v2\/product"}],"about":[{"href":"https:\/\/ophrysesthetique.com\/index.php?rest_route=\/wp\/v2\/types\/product"}],"wp:featuredmedia":[{"embeddable":true,"href":"https:\/\/ophrysesthetique.com\/index.php?rest_route=\/wp\/v2\/media\/203"}],"wp:attachment":[{"href":"https:\/\/ophrysesthetique.com\/index.php?rest_route=%2Fwp%2Fv2%2Fmedia&parent=192"}],"wp:term":[{"taxonomy":"product_brand","embeddable":true,"href":"https:\/\/ophrysesthetique.com\/index.php?rest_route=%2Fwp%2Fv2%2Fproduct_brand&post=192"},{"taxonomy":"product_cat","embeddable":true,"href":"https:\/\/ophrysesthetique.com\/index.php?rest_route=%2Fwp%2Fv2%2Fproduct_cat&post=192"},{"taxonomy":"product_tag","embeddable":true,"href":"https:\/\/ophrysesthetique.com\/index.php?rest_route=%2Fwp%2Fv2%2Fproduct_tag&post=192"}],"curies":[{"name":"wp","href":"https:\/\/api.w.org\/{rel}","templated":true}]}}