{"id":28,"date":"2025-07-02T18:12:23","date_gmt":"2025-07-02T16:12:23","guid":{"rendered":"http:\/\/ophrys.5.75.177.165.nip.io\/?page_id=28"},"modified":"2025-08-02T18:37:52","modified_gmt":"2025-08-02T16:37:52","slug":"panier","status":"publish","type":"page","link":"https:\/\/ophrysesthetique.com\/?page_id=28","title":{"rendered":"Panier"},"content":{"rendered":"\n<p>Livraison Gratuite d\u00e8s 100\u20ac d&rsquo;achats !<\/p>\n\n\n\n<div data-block-name=\"woocommerce\/cart\" class=\"wp-block-woocommerce-cart alignwide is-loading\">\n<div data-block-name=\"woocommerce\/filled-cart-block\" class=\"wp-block-woocommerce-filled-cart-block\">\n<div data-block-name=\"woocommerce\/cart-items-block\" class=\"wp-block-woocommerce-cart-items-block\">\n<div data-block-name=\"woocommerce\/cart-line-items-block\" class=\"wp-block-woocommerce-cart-line-items-block\"><\/div>\n\n\n\n<div data-block-name=\"woocommerce\/cart-cross-sells-block\" class=\"wp-block-woocommerce-cart-cross-sells-block\">\n<h2 class=\"wp-block-heading has-large-font-size\">\u00c7a peut vous int\u00e9resser&#8230;<\/h2>\n\n\n\n<div data-block-name=\"woocommerce\/cart-cross-sells-products-block\" class=\"wp-block-woocommerce-cart-cross-sells-products-block\"><\/div>\n<\/div>\n<\/div>\n\n\n\n<div data-block-name=\"woocommerce\/cart-totals-block\" class=\"wp-block-woocommerce-cart-totals-block\">\n<div data-block-name=\"woocommerce\/cart-order-summary-block\" class=\"wp-block-woocommerce-cart-order-summary-block\">\n<div data-block-name=\"woocommerce\/cart-order-summary-heading-block\" data-content=\"Total panier\" class=\"wp-block-woocommerce-cart-order-summary-heading-block\"><\/div>\n\n\n\n<div data-block-name=\"woocommerce\/cart-order-summary-coupon-form-block\" class=\"wp-block-woocommerce-cart-order-summary-coupon-form-block\"><\/div>\n\n\n\n<div data-block-name=\"woocommerce\/cart-order-summary-totals-block\" class=\"wp-block-woocommerce-cart-order-summary-totals-block\">\n<div data-block-name=\"woocommerce\/cart-order-summary-subtotal-block\" class=\"wp-block-woocommerce-cart-order-summary-subtotal-block\"><\/div>\n\n\n\n<div data-block-name=\"woocommerce\/cart-order-summary-fee-block\" class=\"wp-block-woocommerce-cart-order-summary-fee-block\"><\/div>\n\n\n\n<div data-block-name=\"woocommerce\/cart-order-summary-discount-block\" class=\"wp-block-woocommerce-cart-order-summary-discount-block\"><\/div>\n\n\n\n<div data-block-name=\"woocommerce\/cart-order-summary-shipping-block\" class=\"wp-block-woocommerce-cart-order-summary-shipping-block\"><\/div>\n\n\n\n<div data-block-name=\"woocommerce\/cart-order-summary-taxes-block\" class=\"wp-block-woocommerce-cart-order-summary-taxes-block\"><\/div>\n<\/div>\n<\/div>\n\n\n<div data-lock=\"{&quot;remove&quot;:true}\" data-ppcp-id=\"ppcp-69d3c123-6f29-4cf2-bb4b-cdaa4f6765bd\" data-block-name=\"woocommerce-paypal-payments\/cart-paylater-messages\" data-pp-placement=\"cart\" data-pp-style-layout=\"text\" data-pp-style-logo-position=\"\" data-pp-style-logo-type=\"\" data-pp-style-text-color=\"\" data-pp-style-text-size=\"\" id=\"ppcp-69d3c123-6f29-4cf2-bb4b-cdaa4f6765bd\" class=\"ppcp-messages\" data-partner-attribution-id=\"WooPPCP_Ecom_PS_CoreProfiler\"><\/div>\n\n\n<div data-block-name=\"woocommerce\/cart-express-payment-block\" class=\"wp-block-woocommerce-cart-express-payment-block\"><\/div>\n\n\n\n<div data-block-name=\"woocommerce\/proceed-to-checkout-block\" class=\"wp-block-woocommerce-proceed-to-checkout-block\"><\/div>\n<div id=\"ppcp-recaptcha-v2-container\" style=\"margin:20px 0;\"><\/div>\n\n\n<div data-block-name=\"woocommerce\/cart-accepted-payment-methods-block\" class=\"wp-block-woocommerce-cart-accepted-payment-methods-block\"><\/div>\n<\/div>\n<\/div>\n\n\n\n<div data-block-name=\"woocommerce\/empty-cart-block\" class=\"wp-block-woocommerce-empty-cart-block\">\n<h2 class=\"wp-block-heading has-text-align-center with-empty-cart-icon wc-block-cart__empty-cart__title\">Votre panier est actuellement vide&nbsp;!<\/h2>\n\n\n\n<hr class=\"wp-block-separator has-alpha-channel-opacity is-style-dots\"\/>\n\n\n\n<h2 class=\"wp-block-heading has-text-align-center\">Nouveau dans la boutique<\/h2>\n\n\n<div data-block-name=\"woocommerce\/product-new\" data-columns=\"4\" data-rows=\"1\" class=\"wc-block-grid wp-block-product-new wp-block-woocommerce-product-new wc-block-product-new has-4-columns\"><ul class=\"wc-block-grid__products\"><li class=\"wc-block-grid__product\">\n\t\t\t\t<a href=\"https:\/\/ophrysesthetique.com\/?product=masque-du-soir\" class=\"wc-block-grid__product-link\">\n\t\t\t\t\t\n\t\t\t\t\t<div class=\"wc-block-grid__product-image\"><img decoding=\"async\" width=\"300\" height=\"300\" src=\"https:\/\/ophrysesthetique.com\/wp-content\/uploads\/2025\/08\/VIGNETTE-SITE-510X710-LA-NUIT-MASQUE-DU-SOIR-508x709-c-default_resultat-300x300.webp\" class=\"attachment-woocommerce_thumbnail size-woocommerce_thumbnail\" alt=\"Pot de masque du soir dans un halo de lumi\u00e8re bleut\u00e9e\" srcset=\"https:\/\/ophrysesthetique.com\/wp-content\/uploads\/2025\/08\/VIGNETTE-SITE-510X710-LA-NUIT-MASQUE-DU-SOIR-508x709-c-default_resultat-300x300.webp 300w, https:\/\/ophrysesthetique.com\/wp-content\/uploads\/2025\/08\/VIGNETTE-SITE-510X710-LA-NUIT-MASQUE-DU-SOIR-508x709-c-default_resultat-150x150.webp 150w\" sizes=\"(max-width: 300px) 100vw, 300px\" \/><\/div>\n\t\t\t\t\t<div class=\"wc-block-grid__product-title\">Masque du soir<\/div>\n\t\t\t\t<\/a>\n\t\t\t\t<div class=\"wc-block-grid__product-price price\"><span class=\"woocommerce-Price-amount amount\">57,00&nbsp;<span class=\"woocommerce-Price-currencySymbol\">&euro;<\/span><\/span><\/div>\n\t\t\t\t\n\t\t\t\t<div class=\"wp-block-button wc-block-grid__product-add-to-cart\"><a href=\"\/index.php?rest_route=%2Fwp%2Fv2%2Fpages%2F28&#038;add-to-cart=548\" aria-label=\"Ajouter au panier\u00a0: &ldquo;Masque du soir&rdquo;\" data-quantity=\"1\" data-product_id=\"548\" data-product_sku=\"\" data-price=\"57\" rel=\"nofollow\" class=\"wp-block-button__link  add_to_cart_button ajax_add_to_cart\">Ajouter au panier<\/a><\/div>\n\t\t\t<\/li><li class=\"wc-block-grid__product\">\n\t\t\t\t<a href=\"https:\/\/ophrysesthetique.com\/?product=elixir-vitamine\" class=\"wc-block-grid__product-link\">\n\t\t\t\t\t\n\t\t\t\t\t<div class=\"wc-block-grid__product-image\"><img decoding=\"async\" width=\"300\" height=\"300\" src=\"https:\/\/ophrysesthetique.com\/wp-content\/uploads\/2025\/08\/VIGNETTE-SITE-510X710-ELIXIR-VITAMINE-508x709-c-default_resultat-300x300.webp\" class=\"attachment-woocommerce_thumbnail size-woocommerce_thumbnail\" alt=\"Flacon d&#039;elixir vitamin\u00e9 dans un halo de lumi\u00e8re bleut\u00e9e\" srcset=\"https:\/\/ophrysesthetique.com\/wp-content\/uploads\/2025\/08\/VIGNETTE-SITE-510X710-ELIXIR-VITAMINE-508x709-c-default_resultat-300x300.webp 300w, https:\/\/ophrysesthetique.com\/wp-content\/uploads\/2025\/08\/VIGNETTE-SITE-510X710-ELIXIR-VITAMINE-508x709-c-default_resultat-150x150.webp 150w\" sizes=\"(max-width: 300px) 100vw, 300px\" \/><\/div>\n\t\t\t\t\t<div class=\"wc-block-grid__product-title\">Elixir vitamin\u00e9<\/div>\n\t\t\t\t<\/a>\n\t\t\t\t<div class=\"wc-block-grid__product-price price\"><span class=\"woocommerce-Price-amount amount\">74,90&nbsp;<span class=\"woocommerce-Price-currencySymbol\">&euro;<\/span><\/span><\/div>\n\t\t\t\t\n\t\t\t\t<div class=\"wp-block-button wc-block-grid__product-add-to-cart\"><a href=\"\/index.php?rest_route=%2Fwp%2Fv2%2Fpages%2F28&#038;add-to-cart=545\" aria-label=\"Ajouter au panier\u00a0: &ldquo;Elixir vitamin\u00e9&rdquo;\" data-quantity=\"1\" data-product_id=\"545\" data-product_sku=\"\" data-price=\"74.9\" rel=\"nofollow\" class=\"wp-block-button__link  add_to_cart_button ajax_add_to_cart\">Ajouter au panier<\/a><\/div>\n\t\t\t<\/li><li class=\"wc-block-grid__product\">\n\t\t\t\t<a href=\"https:\/\/ophrysesthetique.com\/?product=le-soin-visage\" class=\"wc-block-grid__product-link\">\n\t\t\t\t\t\n\t\t\t\t\t<div class=\"wc-block-grid__product-image\"><img decoding=\"async\" width=\"300\" height=\"300\" src=\"https:\/\/ophrysesthetique.com\/wp-content\/uploads\/2025\/07\/soin-visage-homme-THALAC-508x709-c-default_resultat-300x300.webp\" class=\"attachment-woocommerce_thumbnail size-woocommerce_thumbnail\" alt=\"Flacon de soin visage noir pos\u00e9 sur une table en bois devant une plante\" srcset=\"https:\/\/ophrysesthetique.com\/wp-content\/uploads\/2025\/07\/soin-visage-homme-THALAC-508x709-c-default_resultat-300x300.webp 300w, https:\/\/ophrysesthetique.com\/wp-content\/uploads\/2025\/07\/soin-visage-homme-THALAC-508x709-c-default_resultat-150x150.webp 150w\" sizes=\"(max-width: 300px) 100vw, 300px\" \/><\/div>\n\t\t\t\t\t<div class=\"wc-block-grid__product-title\">Le Soin Visage<\/div>\n\t\t\t\t<\/a>\n\t\t\t\t<div class=\"wc-block-grid__product-price price\"><span class=\"woocommerce-Price-amount amount\">33,40&nbsp;<span class=\"woocommerce-Price-currencySymbol\">&euro;<\/span><\/span><\/div>\n\t\t\t\t\n\t\t\t\t<div class=\"wp-block-button wc-block-grid__product-add-to-cart\"><a href=\"\/index.php?rest_route=%2Fwp%2Fv2%2Fpages%2F28&#038;add-to-cart=544\" aria-label=\"Ajouter au panier\u00a0: &ldquo;Le Soin Visage&rdquo;\" data-quantity=\"1\" data-product_id=\"544\" data-product_sku=\"\" data-price=\"33.4\" rel=\"nofollow\" class=\"wp-block-button__link  add_to_cart_button ajax_add_to_cart\">Ajouter au panier<\/a><\/div>\n\t\t\t<\/li><li class=\"wc-block-grid__product\">\n\t\t\t\t<a href=\"https:\/\/ophrysesthetique.com\/?product=lhuile-de-barbe\" class=\"wc-block-grid__product-link\">\n\t\t\t\t\t\n\t\t\t\t\t<div class=\"wc-block-grid__product-image\"><img decoding=\"async\" width=\"300\" height=\"300\" src=\"https:\/\/ophrysesthetique.com\/wp-content\/uploads\/2025\/07\/huile-de-barbe-THALAC-508x709-c-default_resultat-300x300.webp\" class=\"attachment-woocommerce_thumbnail size-woocommerce_thumbnail\" alt=\"flacon noir d&#039;huile thalac avec couvercle transparent\" srcset=\"https:\/\/ophrysesthetique.com\/wp-content\/uploads\/2025\/07\/huile-de-barbe-THALAC-508x709-c-default_resultat-300x300.webp 300w, https:\/\/ophrysesthetique.com\/wp-content\/uploads\/2025\/07\/huile-de-barbe-THALAC-508x709-c-default_resultat-150x150.webp 150w\" sizes=\"(max-width: 300px) 100vw, 300px\" \/><\/div>\n\t\t\t\t\t<div class=\"wc-block-grid__product-title\">L&rsquo;Huile de barbe<\/div>\n\t\t\t\t<\/a>\n\t\t\t\t<div class=\"wc-block-grid__product-price price\"><span class=\"woocommerce-Price-amount amount\">16,40&nbsp;<span class=\"woocommerce-Price-currencySymbol\">&euro;<\/span><\/span><\/div>\n\t\t\t\t\n\t\t\t\t<div class=\"wp-block-button wc-block-grid__product-add-to-cart\"><a href=\"\/index.php?rest_route=%2Fwp%2Fv2%2Fpages%2F28&#038;add-to-cart=543\" aria-label=\"Ajouter au panier\u00a0: &ldquo;L&#039;Huile de barbe&rdquo;\" data-quantity=\"1\" data-product_id=\"543\" data-product_sku=\"\" data-price=\"16.4\" rel=\"nofollow\" class=\"wp-block-button__link  add_to_cart_button ajax_add_to_cart\">Ajouter au panier<\/a><\/div>\n\t\t\t<\/li><\/ul><\/div><\/div>\n<\/div>\n\n\n\n<p><\/p>\n","protected":false},"excerpt":{"rendered":"<p>Livraison Gratuite d\u00e8s 100\u20ac d&rsquo;achats !<\/p>\n","protected":false},"author":1,"featured_media":0,"parent":0,"menu_order":0,"comment_status":"closed","ping_status":"closed","template":"","meta":{"footnotes":""},"class_list":["post-28","page","type-page","status-publish","hentry"],"_links":{"self":[{"href":"https:\/\/ophrysesthetique.com\/index.php?rest_route=\/wp\/v2\/pages\/28","targetHints":{"allow":["GET"]}}],"collection":[{"href":"https:\/\/ophrysesthetique.com\/index.php?rest_route=\/wp\/v2\/pages"}],"about":[{"href":"https:\/\/ophrysesthetique.com\/index.php?rest_route=\/wp\/v2\/types\/page"}],"author":[{"embeddable":true,"href":"https:\/\/ophrysesthetique.com\/index.php?rest_route=\/wp\/v2\/users\/1"}],"replies":[{"embeddable":true,"href":"https:\/\/ophrysesthetique.com\/index.php?rest_route=%2Fwp%2Fv2%2Fcomments&post=28"}],"version-history":[{"count":4,"href":"https:\/\/ophrysesthetique.com\/index.php?rest_route=\/wp\/v2\/pages\/28\/revisions"}],"predecessor-version":[{"id":525,"href":"https:\/\/ophrysesthetique.com\/index.php?rest_route=\/wp\/v2\/pages\/28\/revisions\/525"}],"wp:attachment":[{"href":"https:\/\/ophrysesthetique.com\/index.php?rest_route=%2Fwp%2Fv2%2Fmedia&parent=28"}],"curies":[{"name":"wp","href":"https:\/\/api.w.org\/{rel}","templated":true}]}}