{"id":251,"date":"2025-07-13T16:50:18","date_gmt":"2025-07-13T14:50:18","guid":{"rendered":"https:\/\/ophrys.5.75.177.165.nip.io\/?page_id=251"},"modified":"2025-07-13T16:50:19","modified_gmt":"2025-07-13T14:50:19","slug":"mentions-legales","status":"publish","type":"page","link":"https:\/\/ophrysesthetique.com\/?page_id=251","title":{"rendered":"Mentions L\u00e9gales"},"content":{"rendered":"\n<h1 class=\"wp-block-heading\">Mentions l\u00e9gales<\/h1>\n\n\n\n<p><strong>\u00c9diteur du site :<\/strong><br>Ophrys Esth\u00e9tique<br>30 AVENUE DU VAL D&rsquo;ARDECHE, 07330 THUEYTS<br>E-mail : ophrysesthetique@gmail.com<\/p>\n\n\n\n<p><strong>Responsable de publication :<\/strong><br>Nathalie Soup\u00e9<br>Statut : Entreprise individuelle<br>SIRET : 80374184200048<br>H\u00e9bergeur : Hetzner Online GmbH<br>Industriestr. 25, 91710 Gunzenhausen, Allemagne<br>www.hetzner.com<\/p>\n\n\n\n<p><strong>Propri\u00e9t\u00e9 intellectuelle :<\/strong><br>Tous les \u00e9l\u00e9ments pr\u00e9sents sur ce site sont la propri\u00e9t\u00e9 exclusive de Nathalie Soup\u00e9, sauf indication contraire.<br>Toute reproduction, repr\u00e9sentation ou utilisation sans autorisation est strictement interdite.<\/p>\n\n\n\n<p><strong>Cr\u00e9dits photos &amp; textes :<\/strong><br>Les visuels, textes et contenus sont r\u00e9alis\u00e9s par l\u2019entreprise ou utilis\u00e9s avec autorisation.<\/p>\n","protected":false},"excerpt":{"rendered":"<p>Mentions l\u00e9gales \u00c9diteur du site :Ophrys Esth\u00e9tique30 AVENUE DU VAL D&rsquo;ARDECHE, 07330 THUEYTSE-mail : ophrysesthetique@gmail.com Responsable de publication :Nathalie Soup\u00e9Statut : Entreprise individuelleSIRET : 80374184200048H\u00e9bergeur : Hetzner Online GmbHIndustriestr. 25, 91710 Gunzenhausen, Allemagnewww.hetzner.com Propri\u00e9t\u00e9 intellectuelle :Tous les \u00e9l\u00e9ments pr\u00e9sents sur ce site sont la propri\u00e9t\u00e9 &hellip; <\/p>\n","protected":false},"author":1,"featured_media":0,"parent":0,"menu_order":0,"comment_status":"closed","ping_status":"closed","template":"","meta":{"footnotes":""},"class_list":["post-251","page","type-page","status-publish","hentry"],"_links":{"self":[{"href":"https:\/\/ophrysesthetique.com\/index.php?rest_route=\/wp\/v2\/pages\/251","targetHints":{"allow":["GET"]}}],"collection":[{"href":"https:\/\/ophrysesthetique.com\/index.php?rest_route=\/wp\/v2\/pages"}],"about":[{"href":"https:\/\/ophrysesthetique.com\/index.php?rest_route=\/wp\/v2\/types\/page"}],"author":[{"embeddable":true,"href":"https:\/\/ophrysesthetique.com\/index.php?rest_route=\/wp\/v2\/users\/1"}],"replies":[{"embeddable":true,"href":"https:\/\/ophrysesthetique.com\/index.php?rest_route=%2Fwp%2Fv2%2Fcomments&post=251"}],"version-history":[{"count":1,"href":"https:\/\/ophrysesthetique.com\/index.php?rest_route=\/wp\/v2\/pages\/251\/revisions"}],"predecessor-version":[{"id":253,"href":"https:\/\/ophrysesthetique.com\/index.php?rest_route=\/wp\/v2\/pages\/251\/revisions\/253"}],"wp:attachment":[{"href":"https:\/\/ophrysesthetique.com\/index.php?rest_route=%2Fwp%2Fv2%2Fmedia&parent=251"}],"curies":[{"name":"wp","href":"https:\/\/api.w.org\/{rel}","templated":true}]}}